{"id":225065,"date":"2023-11-13T08:49:06","date_gmt":"2023-11-13T08:49:06","guid":{"rendered":"https:\/\/hinno.ch\/?page_id=225065"},"modified":"2025-06-04T13:12:21","modified_gmt":"2025-06-04T13:12:21","slug":"suplier-locator","status":"publish","type":"page","link":"https:\/\/hinno.ch\/en\/suplier-locator\/","title":{"rendered":"Source Directory Entry"},"content":{"rendered":"\t\t<div data-elementor-type=\"wp-page\" data-elementor-id=\"225065\" class=\"elementor elementor-225065 elementor-224242\" data-elementor-post-type=\"page\">\n\t\t\t\t\t\t<section class=\"elementor-section elementor-top-section elementor-element elementor-element-09113bc elementor-section-stretched elementor-section-full_width elementor-section-height-default elementor-section-height-default\" data-id=\"09113bc\" data-element_type=\"section\" data-e-type=\"section\" data-settings=\"{&quot;stretch_section&quot;:&quot;section-stretched&quot;}\">\n\t\t\t\t\t\t<div class=\"elementor-container elementor-column-gap-default\">\n\t\t\t\t\t<div class=\"elementor-column elementor-col-100 elementor-top-column elementor-element elementor-element-fd919d4\" data-id=\"fd919d4\" data-element_type=\"column\" data-e-type=\"column\">\n\t\t\t<div class=\"elementor-widget-wrap elementor-element-populated\">\n\t\t\t\t\t\t<div class=\"elementor-element elementor-element-6bfe433 elementor-widget elementor-widget-image\" data-id=\"6bfe433\" data-element_type=\"widget\" data-e-type=\"widget\" data-widget_type=\"image.default\">\n\t\t\t\t<div class=\"elementor-widget-container\">\n\t\t\t\t\t\t\t\t\t\t\t\t\t\t\t<img fetchpriority=\"high\" decoding=\"async\" width=\"1140\" height=\"730\" src=\"https:\/\/hinno.ch\/wp-content\/uploads\/2025\/06\/Titelfoto-Hinno-Clic-Bezugsquellen-Finder_English.jpg\" class=\"attachment-full size-full wp-image-228273\" alt=\"Titelfoto-Hinno-Clic-Bezugsquellen-Finder_English\" srcset=\"https:\/\/hinno.ch\/wp-content\/uploads\/2025\/06\/Titelfoto-Hinno-Clic-Bezugsquellen-Finder_English.jpg 1140w, https:\/\/hinno.ch\/wp-content\/uploads\/2025\/06\/Titelfoto-Hinno-Clic-Bezugsquellen-Finder_English-300x192.jpg 300w, https:\/\/hinno.ch\/wp-content\/uploads\/2025\/06\/Titelfoto-Hinno-Clic-Bezugsquellen-Finder_English-1024x656.jpg 1024w, https:\/\/hinno.ch\/wp-content\/uploads\/2025\/06\/Titelfoto-Hinno-Clic-Bezugsquellen-Finder_English-768x492.jpg 768w\" sizes=\"(max-width: 1140px) 100vw, 1140px\" \/>\t\t\t\t\t\t\t\t\t\t\t\t\t\t\t<\/div>\n\t\t\t\t<\/div>\n\t\t\t\t\t<\/div>\n\t\t<\/div>\n\t\t\t\t\t<\/div>\n\t\t<\/section>\n\t\t\t\t<section class=\"elementor-section elementor-top-section elementor-element elementor-element-72cab08 elementor-section-boxed elementor-section-height-default elementor-section-height-default\" data-id=\"72cab08\" data-element_type=\"section\" data-e-type=\"section\">\n\t\t\t\t\t\t<div class=\"elementor-container elementor-column-gap-default\">\n\t\t\t\t\t<div class=\"elementor-column elementor-col-100 elementor-top-column elementor-element elementor-element-9e19336\" data-id=\"9e19336\" data-element_type=\"column\" data-e-type=\"column\">\n\t\t\t<div class=\"elementor-widget-wrap elementor-element-populated\">\n\t\t\t\t\t\t<div class=\"elementor-element elementor-element-ded9866 elementor-widget elementor-widget-text-editor\" data-id=\"ded9866\" data-element_type=\"widget\" data-e-type=\"widget\" data-widget_type=\"text-editor.default\">\n\t\t\t\t<div class=\"elementor-widget-container\">\n\t\t\t\t\t\t\t\t\t<h1><b> The HINNO Supply Source Finder<br>More sales through free visibility<br><\/b><\/h1>\t\t\t\t\t\t\t\t<\/div>\n\t\t\t\t<\/div>\n\t\t\t\t<div class=\"elementor-element elementor-element-a5ed49c elementor-widget elementor-widget-text-editor\" data-id=\"a5ed49c\" data-element_type=\"widget\" data-e-type=\"widget\" data-widget_type=\"text-editor.default\">\n\t\t\t\t<div class=\"elementor-widget-container\">\n\t\t\t\t\t\t\t\t\t<p><strong>Do you offer HINNO products and want to be more easily found?<\/strong><\/p><p>Then secure your free listing now in the Supply Source Finder. This way, you&#8217;ll reach people actively looking for professionals and resellers on our website. Your listing will go live within just a few days \u2013 and even now, during our launch phase, you&#8217;re already being discovered by potential customers.<\/p><p class=\"p1\">See how the Supply Source Finder works: <a href=\"https:\/\/hinno.ch\/en\/bezugsquellen-finder\/\"><span class=\"s1\">click here<\/span><\/a><\/p>\t\t\t\t\t\t\t\t<\/div>\n\t\t\t\t<\/div>\n\t\t\t\t\t<\/div>\n\t\t<\/div>\n\t\t\t\t\t<\/div>\n\t\t<\/section>\n\t\t\t\t<section class=\"elementor-section elementor-top-section elementor-element elementor-element-b98da7e elementor-section-boxed elementor-section-height-default elementor-section-height-default\" data-id=\"b98da7e\" data-element_type=\"section\" data-e-type=\"section\">\n\t\t\t\t\t\t<div class=\"elementor-container elementor-column-gap-default\">\n\t\t\t\t\t<div class=\"elementor-column elementor-col-100 elementor-top-column elementor-element elementor-element-8b0a0bb\" data-id=\"8b0a0bb\" data-element_type=\"column\" data-e-type=\"column\">\n\t\t\t<div class=\"elementor-widget-wrap elementor-element-populated\">\n\t\t\t\t\t\t<div class=\"elementor-element elementor-element-a34fb72 elementor-widget elementor-widget-shortcode\" data-id=\"a34fb72\" data-element_type=\"widget\" data-e-type=\"widget\" data-widget_type=\"shortcode.default\">\n\t\t\t\t<div class=\"elementor-widget-container\">\n\t\t\t\t\t\t\t<div class=\"elementor-shortcode\">\n<div class=\"wpcf7 no-js\" id=\"wpcf7-f228261-o1\" lang=\"en-US\" dir=\"ltr\" data-wpcf7-id=\"228261\">\n<div class=\"screen-reader-response\"><p role=\"status\" aria-live=\"polite\" aria-atomic=\"true\"><\/p> <ul><\/ul><\/div>\n<form action=\"\/en\/wp-json\/wp\/v2\/pages\/225065#wpcf7-f228261-o1\" method=\"post\" class=\"wpcf7-form init\" aria-label=\"Contact form\" novalidate=\"novalidate\" data-status=\"init\">\n<fieldset class=\"hidden-fields-container\"><input type=\"hidden\" name=\"_wpcf7\" value=\"228261\" \/><input type=\"hidden\" name=\"_wpcf7_version\" value=\"6.1.5\" \/><input type=\"hidden\" name=\"_wpcf7_locale\" value=\"en_US\" \/><input type=\"hidden\" name=\"_wpcf7_unit_tag\" value=\"wpcf7-f228261-o1\" \/><input type=\"hidden\" name=\"_wpcf7_container_post\" value=\"0\" \/><input type=\"hidden\" name=\"_wpcf7_posted_data_hash\" value=\"\" \/><input type=\"hidden\" name=\"_uacf7_repeaters\" value=\"\" \/><input type=\"hidden\" name=\"_uacf7_options\" value=\"\" \/><input type=\"hidden\" name=\"_wpcf7_recaptcha_response\" value=\"\" \/>\n<\/fieldset>\n<div class=\"uacf7-form-wrapper-container uacf7-form-228261  \"><label> <b>Company name<\/b>\n<span class=\"wpcf7-form-control-wrap\" data-name=\"Firma\"><input size=\"40\" maxlength=\"400\" class=\"wpcf7-form-control wpcf7-text wpcf7-validates-as-required\" aria-required=\"true\" aria-invalid=\"false\" placeholder=\"Sample company\" value=\"\" type=\"text\" name=\"Firma\" \/><\/span> <\/label>\n\n<div class=\"uacf7-row\"><div class=\"uacf7-col-6\"> <label> <b>Street<\/b> <\/label>\n<span class=\"wpcf7-form-control-wrap\" data-name=\"Musterstrasse\"><input size=\"40\" maxlength=\"400\" class=\"wpcf7-form-control wpcf7-text wpcf7-validates-as-required\" aria-required=\"true\" aria-invalid=\"false\" placeholder=\"Sample street\" value=\"\" type=\"text\" name=\"Musterstrasse\" \/><\/span> <\/div><div class=\"uacf7-col-6\"> <label> <b>House number<\/b> <\/label>\n<span class=\"wpcf7-form-control-wrap\" data-name=\"Hausnummer\"><input size=\"40\" maxlength=\"400\" class=\"wpcf7-form-control wpcf7-text wpcf7-validates-as-required\" aria-required=\"true\" aria-invalid=\"false\" placeholder=\"House number\/Staircase\/Door\" value=\"\" type=\"text\" name=\"Hausnummer\" \/><\/span> <\/div><\/div>\n\n<div class=\"uacf7-row\"><div class=\"uacf7-col-6\"> <label> <b>Postcode<\/b> <\/label>\n<span class=\"wpcf7-form-control-wrap\" data-name=\"PLZ\"><input size=\"40\" maxlength=\"400\" class=\"wpcf7-form-control wpcf7-text wpcf7-validates-as-required\" aria-required=\"true\" aria-invalid=\"false\" placeholder=\"Postcode\" value=\"\" type=\"text\" name=\"PLZ\" \/><\/span> <\/div><div class=\"uacf7-col-6\"> <label> <b>City\/Village<\/b> <\/label>\n<span class=\"wpcf7-form-control-wrap\" data-name=\"Ort\"><input size=\"40\" maxlength=\"400\" class=\"wpcf7-form-control wpcf7-text wpcf7-validates-as-required\" aria-required=\"true\" aria-invalid=\"false\" placeholder=\"Sample city\" value=\"\" type=\"text\" name=\"Ort\" \/><\/span> <\/div><\/div>\n\n<label> <b>Country<\/b> <\/label>\n<span class=\"wpcf7-form-control-wrap\" data-name=\"Land\"><select class=\"wpcf7-form-control wpcf7-select wpcf7-validates-as-required\" aria-required=\"true\" aria-invalid=\"false\" name=\"Land\"><option value=\"Switzerland\">Switzerland<\/option><option value=\"Austria\">Austria<\/option><option value=\"Germany\">Germany<\/option><option value=\"-------------------------\">-------------------------<\/option><option value=\"Afghanistan\">Afghanistan<\/option><option value=\"Egypt\">Egypt<\/option><option value=\"Albania\">Albania<\/option><option value=\"Algeria\">Algeria<\/option><option value=\"Andorra\">Andorra<\/option><option value=\"Angola\">Angola<\/option><option value=\"Antigua and Barbuda\">Antigua and Barbuda<\/option><option value=\"Equatorial Guinea\">Equatorial Guinea<\/option><option value=\"Argentina\">Argentina<\/option><option value=\"Armenia\">Armenia<\/option><option value=\"Azerbaijan\">Azerbaijan<\/option><option value=\"Ethiopia\">Ethiopia<\/option><option value=\"Australia\">Australia<\/option><option value=\"Bahamas\">Bahamas<\/option><option value=\"Bahrain\">Bahrain<\/option><option value=\"Bangladesh\">Bangladesh<\/option><option value=\"Barbados\">Barbados<\/option><option value=\"Belarus\">Belarus<\/option><option value=\"Belgium\">Belgium<\/option><option value=\"Belize\">Belize<\/option><option value=\"Benin\">Benin<\/option><option value=\"Bhutan\">Bhutan<\/option><option value=\"Bolivia\">Bolivia<\/option><option value=\"Bosnia and Herzegovina\">Bosnia and Herzegovina<\/option><option value=\"Botswana\">Botswana<\/option><option value=\"Brazil\">Brazil<\/option><option value=\"Brunei Darussalam\">Brunei Darussalam<\/option><option value=\"Bulgaria\">Bulgaria<\/option><option value=\"Burkina Faso\">Burkina Faso<\/option><option value=\"Burundi\">Burundi<\/option><option value=\"Cabo Verde\">Cabo Verde<\/option><option value=\"Chile\">Chile<\/option><option value=\"China\">China<\/option><option value=\"Costa Rica\">Costa Rica<\/option><option value=\"C\u00f4te d&#039;Ivoire\">C\u00f4te d&#039;Ivoire<\/option><option value=\"Denmark\">Denmark<\/option><option value=\"Dominica\">Dominica<\/option><option value=\"Dominican Republic\">Dominican Republic<\/option><option value=\"Djibouti\">Djibouti<\/option><option value=\"Ecuador\">Ecuador<\/option><option value=\"El Salvador\">El Salvador<\/option><option value=\"Eritrea\">Eritrea<\/option><option value=\"Estonia\">Estonia<\/option><option value=\"Eswatini\">Eswatini<\/option><option value=\"Fiji\">Fiji<\/option><option value=\"Finland\">Finland<\/option><option value=\"France\">France<\/option><option value=\"Gabon\">Gabon<\/option><option value=\"Gambia\">Gambia<\/option><option value=\"Georgia\">Georgia<\/option><option value=\"Ghana\">Ghana<\/option><option value=\"Grenada\">Grenada<\/option><option value=\"Greece\">Greece<\/option><option value=\"United Kingdom\">United Kingdom<\/option><option value=\"Guatemala\">Guatemala<\/option><option value=\"Guinea\">Guinea<\/option><option value=\"Guinea-Bissau\">Guinea-Bissau<\/option><option value=\"Guyana\">Guyana<\/option><option value=\"Haiti\">Haiti<\/option><option value=\"Honduras\">Honduras<\/option><option value=\"India\">India<\/option><option value=\"Indonesia\">Indonesia<\/option><option value=\"Iraq\">Iraq<\/option><option value=\"Iran\">Iran<\/option><option value=\"Ireland\">Ireland<\/option><option value=\"Iceland\">Iceland<\/option><option value=\"Israel\">Israel<\/option><option value=\"Italy\">Italy<\/option><option value=\"Jamaica\">Jamaica<\/option><option value=\"Japan\">Japan<\/option><option value=\"Yemen\">Yemen<\/option><option value=\"Jordan\">Jordan<\/option><option value=\"Cambodia\">Cambodia<\/option><option value=\"Cameroon\">Cameroon<\/option><option value=\"Canada\">Canada<\/option><option value=\"Cape Verde\">Cape Verde<\/option><option value=\"Kazakhstan\">Kazakhstan<\/option><option value=\"Qatar\">Qatar<\/option><option value=\"Kenya\">Kenya<\/option><option value=\"Kyrgyzstan\">Kyrgyzstan<\/option><option value=\"Kiribati\">Kiribati<\/option><option value=\"Colombia\">Colombia<\/option><option value=\"Comoros\">Comoros<\/option><option value=\"Congo\">Congo<\/option><option value=\"Congo - Democratic Republic\">Congo - Democratic Republic<\/option><option value=\"Korea - Democratic People&#039;s Republic\">Korea - Democratic People&#039;s Republic<\/option><option value=\"Korea - Republic\">Korea - Republic<\/option><option value=\"Kosovo\">Kosovo<\/option><option value=\"Croatia\">Croatia<\/option><option value=\"Cuba\">Cuba<\/option><option value=\"Kuwait\">Kuwait<\/option><option value=\"Laos\">Laos<\/option><option value=\"Lesotho\">Lesotho<\/option><option value=\"Latvia\">Latvia<\/option><option value=\"Lebanon\">Lebanon<\/option><option value=\"Liberia\">Liberia<\/option><option value=\"Libya\">Libya<\/option><option value=\"Liechtenstein\">Liechtenstein<\/option><option value=\"Lithuania\">Lithuania<\/option><option value=\"Luxembourg\">Luxembourg<\/option><option value=\"Madagascar\">Madagascar<\/option><option value=\"Malawi\">Malawi<\/option><option value=\"Malaysia\">Malaysia<\/option><option value=\"Maldives\">Maldives<\/option><option value=\"Mali\">Mali<\/option><option value=\"Malta\">Malta<\/option><option value=\"Morocco\">Morocco<\/option><option value=\"Marshall Islands\">Marshall Islands<\/option><option value=\"Mauritania\">Mauritania<\/option><option value=\"Mauritius\">Mauritius<\/option><option value=\"Mexico\">Mexico<\/option><option value=\"Micronesia\">Micronesia<\/option><option value=\"Moldova\">Moldova<\/option><option value=\"Monaco\">Monaco<\/option><option value=\"Mongolia\">Mongolia<\/option><option value=\"Montenegro\">Montenegro<\/option><option value=\"Mozambique\">Mozambique<\/option><option value=\"Myanmar\">Myanmar<\/option><option value=\"Namibia\">Namibia<\/option><option value=\"Nauru\">Nauru<\/option><option value=\"Nepal\">Nepal<\/option><option value=\"New Zealand\">New Zealand<\/option><option value=\"Nicaragua\">Nicaragua<\/option><option value=\"Netherlands\">Netherlands<\/option><option value=\"Niger\">Niger<\/option><option value=\"Nigeria\">Nigeria<\/option><option value=\"North Macedonia\">North Macedonia<\/option><option value=\"Norway\">Norway<\/option><option value=\"Oman\">Oman<\/option><option value=\"Pakistan\">Pakistan<\/option><option value=\"Palau\">Palau<\/option><option value=\"Panama\">Panama<\/option><option value=\"Papua New Guinea\">Papua New Guinea<\/option><option value=\"Paraguay\">Paraguay<\/option><option value=\"Peru\">Peru<\/option><option value=\"Philippines\">Philippines<\/option><option value=\"Poland\">Poland<\/option><option value=\"Portugal\">Portugal<\/option><option value=\"Rwanda\">Rwanda<\/option><option value=\"Romania\">Romania<\/option><option value=\"Russian Federation\">Russian Federation<\/option><option value=\"Solomon Islands\">Solomon Islands<\/option><option value=\"Zambia\">Zambia<\/option><option value=\"Samoa\">Samoa<\/option><option value=\"San Marino\">San Marino<\/option><option value=\"S\u00e3o Tom\u00e9 and Pr\u00edncipe\">S\u00e3o Tom\u00e9 and Pr\u00edncipe<\/option><option value=\"Saudi Arabia\">Saudi Arabia<\/option><option value=\"Sweden\">Sweden<\/option><option value=\"Senegal\">Senegal<\/option><option value=\"Serbia\">Serbia<\/option><option value=\"Seychelles\">Seychelles<\/option><option value=\"Sierra Leone\">Sierra Leone<\/option><option value=\"Zimbabwe\">Zimbabwe<\/option><option value=\"Singapore\">Singapore<\/option><option value=\"Slovakia\">Slovakia<\/option><option value=\"Slovenia\">Slovenia<\/option><option value=\"Somalia\">Somalia<\/option><option value=\"Spain\">Spain<\/option><option value=\"Sri Lanka\">Sri Lanka<\/option><option value=\"St. Kitts and Nevis\">St. Kitts and Nevis<\/option><option value=\"St. Lucia\">St. Lucia<\/option><option value=\"St. Vincent and the Grenadines\">St. Vincent and the Grenadines<\/option><option value=\"South Africa\">South Africa<\/option><option value=\"Sudan\">Sudan<\/option><option value=\"South Sudan\">South Sudan<\/option><option value=\"Suriname\">Suriname<\/option><option value=\"Syria\">Syria<\/option><option value=\"Tajikistan\">Tajikistan<\/option><option value=\"Taiwan\">Taiwan<\/option><option value=\"Tanzania\">Tanzania<\/option><option value=\"Thailand\">Thailand<\/option><option value=\"Timor-Leste\">Timor-Leste<\/option><option value=\"Togo\">Togo<\/option><option value=\"Tonga\">Tonga<\/option><option value=\"Trinidad and Tobago\">Trinidad and Tobago<\/option><option value=\"Chad\">Chad<\/option><option value=\"Czech Republic\">Czech Republic<\/option><option value=\"Tunisia\">Tunisia<\/option><option value=\"Turkey\">Turkey<\/option><option value=\"Turkmenistan\">Turkmenistan<\/option><option value=\"Tuvalu\">Tuvalu<\/option><option value=\"Uganda\">Uganda<\/option><option value=\"Ukraine\">Ukraine<\/option><option value=\"Hungary\">Hungary<\/option><option value=\"Uruguay\">Uruguay<\/option><option value=\"USA\">USA<\/option><option value=\"Uzbekistan\">Uzbekistan<\/option><option value=\"Vanuatu\">Vanuatu<\/option><option value=\"Vatican City\">Vatican City<\/option><option value=\"Venezuela\">Venezuela<\/option><option value=\"United Arab Emirates\">United Arab Emirates<\/option><option value=\"United Kingdom\">United Kingdom<\/option><option value=\"United States\">United States<\/option><option value=\"Vietnam\">Vietnam<\/option><option value=\"Central African Republic\">Central African Republic<\/option><option value=\"Cyprus\">Cyprus<\/option><\/select><\/span>\n\n<div class=\"uacf7-row\"><div class=\"uacf7-col-6\"> <label> <b>Phone<\/b>\n<span class=\"wpcf7-form-control-wrap\" data-name=\"Telefon\"><input size=\"40\" maxlength=\"400\" class=\"wpcf7-form-control wpcf7-text wpcf7-validates-as-required\" aria-required=\"true\" aria-invalid=\"false\" placeholder=\"+41 377 38 77\" value=\"\" type=\"text\" name=\"Telefon\" \/><\/span> <\/label>\n <\/div><div class=\"uacf7-col-6\"> <label> <b>E-Mail<\/b>\n<span class=\"wpcf7-form-control-wrap\" data-name=\"E-Mail\"><input size=\"40\" maxlength=\"400\" class=\"wpcf7-form-control wpcf7-email wpcf7-validates-as-required wpcf7-text wpcf7-validates-as-email\" aria-required=\"true\" aria-invalid=\"false\" placeholder=\"max.mustermann@musterprovider.ch\" value=\"\" type=\"email\" name=\"E-Mail\" \/><\/span> <\/label>\n <\/div><\/div>\n\n<label> <b>Homepage<\/b> <\/label>\n<span class=\"wpcf7-form-control-wrap\" data-name=\"Homepage\"><input size=\"40\" maxlength=\"400\" class=\"wpcf7-form-control wpcf7-url wpcf7-text wpcf7-validates-as-url\" aria-invalid=\"false\" placeholder=\"www.musterhomepage.ch\" value=\"\" type=\"url\" name=\"Homepage\" \/><\/span> <br> <\/br>\n\n<div class=\"uacf7-row\"><div class=\"uacf7-col-6\"> <label> <b>Products from Hinno<\/b> <\/label>\n<span class=\"wpcf7-form-control-wrap\" data-name=\"Produktart\"><span class=\"wpcf7-form-control wpcf7-checkbox\"><span class=\"wpcf7-list-item first\"><label><input type=\"checkbox\" name=\"Produktart[]\" value=\"Original Clic Glider\" \/><span class=\"wpcf7-list-item-label\">Original Clic Glider<\/span><\/label><\/span><span class=\"wpcf7-list-item\"><label><input type=\"checkbox\" name=\"Produktart[]\" value=\"Clic Assist\" \/><span class=\"wpcf7-list-item-label\">Clic Assist<\/span><\/label><\/span><span class=\"wpcf7-list-item\"><label><input type=\"checkbox\" name=\"Produktart[]\" value=\"Clic Curtain Hook\" \/><span class=\"wpcf7-list-item-label\">Clic Curtain Hook<\/span><\/label><\/span><span class=\"wpcf7-list-item\"><label><input type=\"checkbox\" name=\"Produktart[]\" value=\"Clic Curve for Wave Curtains\" \/><span class=\"wpcf7-list-item-label\">Clic Curve for Wave Curtains<\/span><\/label><\/span><span class=\"wpcf7-list-item\"><label><input type=\"checkbox\" name=\"Produktart[]\" value=\"Clic Loop for Tab-Top Curtains\" \/><span class=\"wpcf7-list-item-label\">Clic Loop for Tab-Top Curtains<\/span><\/label><\/span><span class=\"wpcf7-list-item\"><label><input type=\"checkbox\" name=\"Produktart[]\" value=\"Clic Panel for Panel Curtains\" \/><span class=\"wpcf7-list-item-label\">Clic Panel for Panel Curtains<\/span><\/label><\/span><span class=\"wpcf7-list-item\"><label><input type=\"checkbox\" name=\"Produktart[]\" value=\"Clic Stop - Stopper\" \/><span class=\"wpcf7-list-item-label\">Clic Stop - Stopper<\/span><\/label><\/span><span class=\"wpcf7-list-item\"><label><input type=\"checkbox\" name=\"Produktart[]\" value=\"Clic Clean - Track Cleaner\" \/><span class=\"wpcf7-list-item-label\">Clic Clean - Track Cleaner<\/span><\/label><\/span><span class=\"wpcf7-list-item last\"><label><input type=\"checkbox\" name=\"Produktart[]\" value=\"Clic Release - Release Pliers\" \/><span class=\"wpcf7-list-item-label\">Clic Release - Release Pliers<\/span><\/label><\/span><\/span><\/span>\n <\/div><div class=\"uacf7-col-6\"> <label> <b>I serve the following customers:<\/b> <\/label>\n<span class=\"wpcf7-form-control-wrap\" data-name=\"Angebot\"><span class=\"wpcf7-form-control wpcf7-checkbox\"><span class=\"wpcf7-list-item first\"><label><input type=\"checkbox\" name=\"Angebot[]\" value=\"B2B (Professional Customers)\" \/><span class=\"wpcf7-list-item-label\">B2B (Professional Customers)<\/span><\/label><\/span><span class=\"wpcf7-list-item last\"><label><input type=\"checkbox\" name=\"Angebot[]\" value=\"B2C (End Consumers)\" \/><span class=\"wpcf7-list-item-label\">B2C (End Consumers)<\/span><\/label><\/span><\/span><\/span>\n <\/div><\/div>\n\n<label> <b>Newsletter<\/b> <\/label>\n<span class=\"wpcf7-form-control-wrap\" data-name=\"Newsletter\"><span class=\"wpcf7-form-control wpcf7-checkbox\"><span class=\"wpcf7-list-item first last\"><label><input type=\"checkbox\" name=\"Newsletter[]\" value=\"Please send me the quarterly HINNO newsletter by email.\" \/><span class=\"wpcf7-list-item-label\">Please send me the quarterly HINNO newsletter by email.<\/span><\/label><\/span><\/span><\/span><br> <\/br> \n\n<span id=\"wpcf7-69da3119ca31b-wrapper\" class=\"wpcf7-form-control-wrap honeypot-wrap\" ><input type=\"hidden\" name=\"honeypot-time-start\" value=\"1775907097\"><input type=\"hidden\" name=\"honeypot-time-check\" value=\"10\"><label for=\"wpcf7-69da3119ca31b-field\" class=\"hp-message\">Please leave this field empty.<\/label><input id=\"wpcf7-69da3119ca31b-field\"  class=\"wpcf7-form-control wpcf7-text\" type=\"text\" name=\"honeypot\" value=\"\" size=\"40\" tabindex=\"-1\" autocomplete=\"new-password\" \/><\/span>\n<br><\/br>\n<input class=\"wpcf7-form-control wpcf7-submit has-spinner\" type=\"submit\" value=\"Send form\" \/><\/div><div class=\"wpcf7-response-output\" aria-hidden=\"true\"><\/div>\n<\/form>\n<\/div>\n<\/div>\n\t\t\t\t\t\t<\/div>\n\t\t\t\t<\/div>\n\t\t\t\t\t<\/div>\n\t\t<\/div>\n\t\t\t\t\t<\/div>\n\t\t<\/section>\n\t\t\t\t<\/div>\n\t\t","protected":false},"excerpt":{"rendered":"<p>The HINNO Supply Source FinderMore sales through free visibility Do you offer HINNO products and want to be more easily found? Then secure your free listing now in the Supply Source Finder. This way, you&#8217;ll reach people actively looking for professionals and resellers on our website. Your listing will go live within just a few [&hellip;]<\/p>\n","protected":false},"author":5,"featured_media":0,"parent":0,"menu_order":0,"comment_status":"closed","ping_status":"closed","template":"","meta":{"_acf_changed":false,"footnotes":""},"class_list":["post-225065","page","type-page","status-publish","hentry"],"acf":[],"_links":{"self":[{"href":"https:\/\/hinno.ch\/en\/wp-json\/wp\/v2\/pages\/225065","targetHints":{"allow":["GET"]}}],"collection":[{"href":"https:\/\/hinno.ch\/en\/wp-json\/wp\/v2\/pages"}],"about":[{"href":"https:\/\/hinno.ch\/en\/wp-json\/wp\/v2\/types\/page"}],"author":[{"embeddable":true,"href":"https:\/\/hinno.ch\/en\/wp-json\/wp\/v2\/users\/5"}],"replies":[{"embeddable":true,"href":"https:\/\/hinno.ch\/en\/wp-json\/wp\/v2\/comments?post=225065"}],"version-history":[{"count":11,"href":"https:\/\/hinno.ch\/en\/wp-json\/wp\/v2\/pages\/225065\/revisions"}],"predecessor-version":[{"id":228278,"href":"https:\/\/hinno.ch\/en\/wp-json\/wp\/v2\/pages\/225065\/revisions\/228278"}],"wp:attachment":[{"href":"https:\/\/hinno.ch\/en\/wp-json\/wp\/v2\/media?parent=225065"}],"curies":[{"name":"wp","href":"https:\/\/api.w.org\/{rel}","templated":true}]}}