{"id":226596,"date":"2023-11-13T08:49:06","date_gmt":"2023-11-13T08:49:06","guid":{"rendered":"https:\/\/hinno.ch\/sources-dapprovisionnement\/"},"modified":"2025-06-04T13:14:18","modified_gmt":"2025-06-04T13:14:18","slug":"sources-dapprovisionnement","status":"publish","type":"page","link":"https:\/\/hinno.ch\/fr\/sources-dapprovisionnement\/","title":{"rendered":"Inscription aux sources d&#8217;approvisionnement"},"content":{"rendered":"\t\t<div data-elementor-type=\"wp-page\" data-elementor-id=\"226596\" class=\"elementor elementor-226596 elementor-224242\" data-elementor-post-type=\"page\">\n\t\t\t\t\t\t<section class=\"elementor-section elementor-top-section elementor-element elementor-element-09113bc elementor-section-stretched elementor-section-full_width elementor-section-height-default elementor-section-height-default\" data-id=\"09113bc\" data-element_type=\"section\" data-e-type=\"section\" data-settings=\"{&quot;stretch_section&quot;:&quot;section-stretched&quot;}\">\n\t\t\t\t\t\t<div class=\"elementor-container elementor-column-gap-default\">\n\t\t\t\t\t<div class=\"elementor-column elementor-col-100 elementor-top-column elementor-element elementor-element-fd919d4\" data-id=\"fd919d4\" data-element_type=\"column\" data-e-type=\"column\">\n\t\t\t<div class=\"elementor-widget-wrap elementor-element-populated\">\n\t\t\t\t\t\t<div class=\"elementor-element elementor-element-6bfe433 elementor-widget elementor-widget-image\" data-id=\"6bfe433\" data-element_type=\"widget\" data-e-type=\"widget\" data-widget_type=\"image.default\">\n\t\t\t\t<div class=\"elementor-widget-container\">\n\t\t\t\t\t\t\t\t\t\t\t\t\t\t\t<img fetchpriority=\"high\" decoding=\"async\" width=\"1140\" height=\"730\" src=\"https:\/\/hinno.ch\/wp-content\/uploads\/2025\/06\/Titelfoto-Hinno-Clic-Bezugsquellen-Finder_French.jpg\" class=\"attachment-full size-full wp-image-228279\" alt=\"\" srcset=\"https:\/\/hinno.ch\/wp-content\/uploads\/2025\/06\/Titelfoto-Hinno-Clic-Bezugsquellen-Finder_French.jpg 1140w, https:\/\/hinno.ch\/wp-content\/uploads\/2025\/06\/Titelfoto-Hinno-Clic-Bezugsquellen-Finder_French-300x192.jpg 300w, https:\/\/hinno.ch\/wp-content\/uploads\/2025\/06\/Titelfoto-Hinno-Clic-Bezugsquellen-Finder_French-1024x656.jpg 1024w, https:\/\/hinno.ch\/wp-content\/uploads\/2025\/06\/Titelfoto-Hinno-Clic-Bezugsquellen-Finder_French-768x492.jpg 768w\" sizes=\"(max-width: 1140px) 100vw, 1140px\" \/>\t\t\t\t\t\t\t\t\t\t\t\t\t\t\t<\/div>\n\t\t\t\t<\/div>\n\t\t\t\t\t<\/div>\n\t\t<\/div>\n\t\t\t\t\t<\/div>\n\t\t<\/section>\n\t\t\t\t<section class=\"elementor-section elementor-top-section elementor-element elementor-element-72cab08 elementor-section-boxed elementor-section-height-default elementor-section-height-default\" data-id=\"72cab08\" data-element_type=\"section\" data-e-type=\"section\">\n\t\t\t\t\t\t<div class=\"elementor-container elementor-column-gap-default\">\n\t\t\t\t\t<div class=\"elementor-column elementor-col-100 elementor-top-column elementor-element elementor-element-9e19336\" data-id=\"9e19336\" data-element_type=\"column\" data-e-type=\"column\">\n\t\t\t<div class=\"elementor-widget-wrap elementor-element-populated\">\n\t\t\t\t\t\t<div class=\"elementor-element elementor-element-ded9866 elementor-widget elementor-widget-text-editor\" data-id=\"ded9866\" data-element_type=\"widget\" data-e-type=\"widget\" data-widget_type=\"text-editor.default\">\n\t\t\t\t<div class=\"elementor-widget-container\">\n\t\t\t\t\t\t\t\t\t<h1><b> Le localisateur de sources d&#8217;approvisionnement HINNO :<br>Vendez plus gr\u00e2ce \u00e0 une pr\u00e9sence gratuite<br><\/b><\/h1>\t\t\t\t\t\t\t\t<\/div>\n\t\t\t\t<\/div>\n\t\t\t\t<div class=\"elementor-element elementor-element-a5ed49c elementor-widget elementor-widget-text-editor\" data-id=\"a5ed49c\" data-element_type=\"widget\" data-e-type=\"widget\" data-widget_type=\"text-editor.default\">\n\t\t\t\t<div class=\"elementor-widget-container\">\n\t\t\t\t\t\t\t\t\t<p><strong>Vous revendez des produits HINNO et souhaitez \u00eatre plus visible sur la toile ?<\/strong><\/p><p>Dans ce cas, inscrivez-vous gratuitement et profitez de notre r\u00e9f\u00e9rencement en tant que source d&#8217;approvisionnement. Gagnez en visibilit\u00e9 aupr\u00e8s de tous ceux qui recherchent des professionnels ou revendeurs sp\u00e9cialis\u00e9s sur notre site Web. Votre inscription sera mise en ligne d\u2019ici quelques jours &#8211; et des clients potentiels pourront vous trouver d\u00e8s la phase de lancement.<\/p><p class=\"p1\">Voici comment fonctionne le localisateur de sources d&#8217;approvisionnement : <a href=\"https:\/\/hinno.ch\/fr\/bezugsquellen-finder\/\"><span class=\"s1\">cliquez ici<\/span><\/a><\/p>\t\t\t\t\t\t\t\t<\/div>\n\t\t\t\t<\/div>\n\t\t\t\t\t<\/div>\n\t\t<\/div>\n\t\t\t\t\t<\/div>\n\t\t<\/section>\n\t\t\t\t<section class=\"elementor-section elementor-top-section elementor-element elementor-element-b98da7e elementor-section-boxed elementor-section-height-default elementor-section-height-default\" data-id=\"b98da7e\" data-element_type=\"section\" data-e-type=\"section\">\n\t\t\t\t\t\t<div class=\"elementor-container elementor-column-gap-default\">\n\t\t\t\t\t<div class=\"elementor-column elementor-col-100 elementor-top-column elementor-element elementor-element-8b0a0bb\" data-id=\"8b0a0bb\" data-element_type=\"column\" data-e-type=\"column\">\n\t\t\t<div class=\"elementor-widget-wrap elementor-element-populated\">\n\t\t\t\t\t\t<div class=\"elementor-element elementor-element-a34fb72 elementor-widget elementor-widget-shortcode\" data-id=\"a34fb72\" data-element_type=\"widget\" data-e-type=\"widget\" data-widget_type=\"shortcode.default\">\n\t\t\t\t<div class=\"elementor-widget-container\">\n\t\t\t\t\t\t\t<div class=\"elementor-shortcode\">\n<div class=\"wpcf7 no-js\" id=\"wpcf7-f228262-o1\" lang=\"fr-FR\" dir=\"ltr\" data-wpcf7-id=\"228262\">\n<div class=\"screen-reader-response\"><p role=\"status\" aria-live=\"polite\" aria-atomic=\"true\"><\/p> <ul><\/ul><\/div>\n<form action=\"\/fr\/wp-json\/wp\/v2\/pages\/226596#wpcf7-f228262-o1\" method=\"post\" class=\"wpcf7-form init\" aria-label=\"Formulaire de contact\" novalidate=\"novalidate\" data-status=\"init\">\n<fieldset class=\"hidden-fields-container\"><input type=\"hidden\" name=\"_wpcf7\" value=\"228262\" \/><input type=\"hidden\" name=\"_wpcf7_version\" value=\"6.1.5\" \/><input type=\"hidden\" name=\"_wpcf7_locale\" value=\"fr_FR\" \/><input type=\"hidden\" name=\"_wpcf7_unit_tag\" value=\"wpcf7-f228262-o1\" \/><input type=\"hidden\" name=\"_wpcf7_container_post\" value=\"0\" \/><input type=\"hidden\" name=\"_wpcf7_posted_data_hash\" value=\"\" \/><input type=\"hidden\" name=\"_uacf7_repeaters\" value=\"\" \/><input type=\"hidden\" name=\"_uacf7_options\" value=\"\" \/><input type=\"hidden\" name=\"_wpcf7_recaptcha_response\" value=\"\" \/>\n<\/fieldset>\n<div class=\"uacf7-form-wrapper-container uacf7-form-228262  \"><label> <b>Soci\u00e9t\u00e9<\/b>\n<span class=\"wpcf7-form-control-wrap\" data-name=\"Firma\"><input size=\"40\" maxlength=\"400\" class=\"wpcf7-form-control wpcf7-text wpcf7-validates-as-required\" aria-required=\"true\" aria-invalid=\"false\" placeholder=\"Entreprise exemple\" value=\"\" type=\"text\" name=\"Firma\" \/><\/span> <\/label>\n\n<div class=\"uacf7-row\"><div class=\"uacf7-col-6\"> <label> <b>Rue<\/b> <\/label>\n<span class=\"wpcf7-form-control-wrap\" data-name=\"Musterstrasse\"><input size=\"40\" maxlength=\"400\" class=\"wpcf7-form-control wpcf7-text wpcf7-validates-as-required\" aria-required=\"true\" aria-invalid=\"false\" placeholder=\"Rue exemple\" value=\"\" type=\"text\" name=\"Musterstrasse\" \/><\/span> <\/div><div class=\"uacf7-col-6\"> <label> <b>Num\u00e9ro\/\u00c9tage\/Porte<\/b> <\/label>\n<span class=\"wpcf7-form-control-wrap\" data-name=\"Hausnummer\"><input size=\"40\" maxlength=\"400\" class=\"wpcf7-form-control wpcf7-text wpcf7-validates-as-required\" aria-required=\"true\" aria-invalid=\"false\" placeholder=\"Num\u00e9ro\/\u00c9tage\/Porte\" value=\"\" type=\"text\" name=\"Hausnummer\" \/><\/span> <\/div><\/div>\n\n<div class=\"uacf7-row\"><div class=\"uacf7-col-6\"> <label> <b>Code postal<\/b> <\/label>\n<span class=\"wpcf7-form-control-wrap\" data-name=\"PLZ\"><input size=\"40\" maxlength=\"400\" class=\"wpcf7-form-control wpcf7-text wpcf7-validates-as-required\" aria-required=\"true\" aria-invalid=\"false\" placeholder=\"Code postal\" value=\"\" type=\"text\" name=\"PLZ\" \/><\/span> <\/div><div class=\"uacf7-col-6\"> <label> <b>Ville<\/b> <\/label>\n<span class=\"wpcf7-form-control-wrap\" data-name=\"Ort\"><input size=\"40\" maxlength=\"400\" class=\"wpcf7-form-control wpcf7-text wpcf7-validates-as-required\" aria-required=\"true\" aria-invalid=\"false\" placeholder=\"Ville exemple\" value=\"\" type=\"text\" name=\"Ort\" \/><\/span> <\/div><\/div>\n\n<label> <b>Pays<\/b> <\/label>\n<span class=\"wpcf7-form-control-wrap\" data-name=\"Land\"><select class=\"wpcf7-form-control wpcf7-select wpcf7-validates-as-required\" aria-required=\"true\" aria-invalid=\"false\" name=\"Land\"><option value=\"Suisse\">Suisse<\/option><option value=\"Autriche\">Autriche<\/option><option value=\"Allemagne\">Allemagne<\/option><option value=\"-------------------------\">-------------------------<\/option><option value=\"Afghanistan\">Afghanistan<\/option><option value=\"\u00c9gypte\">\u00c9gypte<\/option><option value=\"Albanie\">Albanie<\/option><option value=\"Alg\u00e9rie\">Alg\u00e9rie<\/option><option value=\"Andorre\">Andorre<\/option><option value=\"Angola\">Angola<\/option><option value=\"Antigua-et-Barbuda\">Antigua-et-Barbuda<\/option><option value=\"Guin\u00e9e \u00e9quatoriale\">Guin\u00e9e \u00e9quatoriale<\/option><option value=\"Argentine\">Argentine<\/option><option value=\"Arm\u00e9nie\">Arm\u00e9nie<\/option><option value=\"Azerba\u00efdjan\">Azerba\u00efdjan<\/option><option value=\"\u00c9thiopie\">\u00c9thiopie<\/option><option value=\"Australie\">Australie<\/option><option value=\"Bahamas\">Bahamas<\/option><option value=\"Bahre\u00efn\">Bahre\u00efn<\/option><option value=\"Bangladesh\">Bangladesh<\/option><option value=\"Barbade\">Barbade<\/option><option value=\"Bi\u00e9lorussie\">Bi\u00e9lorussie<\/option><option value=\"Belgique\">Belgique<\/option><option value=\"Belize\">Belize<\/option><option value=\"B\u00e9nin\">B\u00e9nin<\/option><option value=\"Bhoutan\">Bhoutan<\/option><option value=\"Bolivie\">Bolivie<\/option><option value=\"Bosnie-Herz\u00e9govine\">Bosnie-Herz\u00e9govine<\/option><option value=\"Botswana\">Botswana<\/option><option value=\"Br\u00e9sil\">Br\u00e9sil<\/option><option value=\"Brunei\">Brunei<\/option><option value=\"Bulgarie\">Bulgarie<\/option><option value=\"Burkina Faso\">Burkina Faso<\/option><option value=\"Burundi\">Burundi<\/option><option value=\"Cabo Verde\">Cabo Verde<\/option><option value=\"Chili\">Chili<\/option><option value=\"Chine\">Chine<\/option><option value=\"Costa Rica\">Costa Rica<\/option><option value=\"C\u00f4te d\u2019Ivoire\">C\u00f4te d\u2019Ivoire<\/option><option value=\"Danemark\">Danemark<\/option><option value=\"Dominique\">Dominique<\/option><option value=\"R\u00e9publique dominicaine\">R\u00e9publique dominicaine<\/option><option value=\"Djibouti\">Djibouti<\/option><option value=\"\u00c9quateur\">\u00c9quateur<\/option><option value=\"Salvador\">Salvador<\/option><option value=\"\u00c9rythr\u00e9e\">\u00c9rythr\u00e9e<\/option><option value=\"Estonie\">Estonie<\/option><option value=\"Eswatini\">Eswatini<\/option><option value=\"Fidschi\">Fidschi<\/option><option value=\"Finlande\">Finlande<\/option><option value=\"France\">France<\/option><option value=\"Gabon\">Gabon<\/option><option value=\"Gambie\">Gambie<\/option><option value=\"G\u00e9orgie\">G\u00e9orgie<\/option><option value=\"Ghana\">Ghana<\/option><option value=\"Grenada\">Grenada<\/option><option value=\"Gr\u00e8ce\">Gr\u00e8ce<\/option><option value=\"Grande-Bretagne\">Grande-Bretagne<\/option><option value=\"Guatemala\">Guatemala<\/option><option value=\"Guin\u00e9e\">Guin\u00e9e<\/option><option value=\"Guin\u00e9e-Bissau\">Guin\u00e9e-Bissau<\/option><option value=\"Guyana\">Guyana<\/option><option value=\"Ha\u00efti\">Ha\u00efti<\/option><option value=\"Honduras\">Honduras<\/option><option value=\"Inde\">Inde<\/option><option value=\"Indon\u00e9sie\">Indon\u00e9sie<\/option><option value=\"Irak\">Irak<\/option><option value=\"Iran\">Iran<\/option><option value=\"Irlande\">Irlande<\/option><option value=\"Islande\">Islande<\/option><option value=\"Isra\u00ebl\">Isra\u00ebl<\/option><option value=\"Italie\">Italie<\/option><option value=\"Jama\u00efque\">Jama\u00efque<\/option><option value=\"Japon\">Japon<\/option><option value=\"Y\u00e9men\">Y\u00e9men<\/option><option value=\"Jordanie\">Jordanie<\/option><option value=\"Cambodge\">Cambodge<\/option><option value=\"Cameroun\">Cameroun<\/option><option value=\"Canada\">Canada<\/option><option value=\"Kap Verde\">Kap Verde<\/option><option value=\"Kazakhstan\">Kazakhstan<\/option><option value=\"Qatar\">Qatar<\/option><option value=\"Kenya\">Kenya<\/option><option value=\"Kirghizistan\">Kirghizistan<\/option><option value=\"Kiribati\">Kiribati<\/option><option value=\"Colombie\">Colombie<\/option><option value=\"Comores\">Comores<\/option><option value=\"Congo\">Congo<\/option><option value=\"R\u00e9publique d\u00e9mocratique du Congo\">R\u00e9publique d\u00e9mocratique du Congo<\/option><option value=\"Cor\u00e9e du Nord\">Cor\u00e9e du Nord<\/option><option value=\"Cor\u00e9e du Sud\">Cor\u00e9e du Sud<\/option><option value=\"Kosovo\">Kosovo<\/option><option value=\"Croatie\">Croatie<\/option><option value=\"Cuba\">Cuba<\/option><option value=\"Kowe\u00eft\">Kowe\u00eft<\/option><option value=\"Laos\">Laos<\/option><option value=\"Lesotho\">Lesotho<\/option><option value=\"Lettonie\">Lettonie<\/option><option value=\"Liban\">Liban<\/option><option value=\"Lib\u00e9ria\">Lib\u00e9ria<\/option><option value=\"Libye\">Libye<\/option><option value=\"Liechtenstein\">Liechtenstein<\/option><option value=\"Lituanie\">Lituanie<\/option><option value=\"Luxembourg\">Luxembourg<\/option><option value=\"Madagascar\">Madagascar<\/option><option value=\"Malawi\">Malawi<\/option><option value=\"Malaisie\">Malaisie<\/option><option value=\"Maldives\">Maldives<\/option><option value=\"Mali\">Mali<\/option><option value=\"Malte\">Malte<\/option><option value=\"Maroc\">Maroc<\/option><option value=\"\u00celes Marshall\">\u00celes Marshall<\/option><option value=\"Mauritanie\">Mauritanie<\/option><option value=\"Maurice\">Maurice<\/option><option value=\"Mexique\">Mexique<\/option><option value=\"Micron\u00e9sie\">Micron\u00e9sie<\/option><option value=\"Moldavie\">Moldavie<\/option><option value=\"Monaco\">Monaco<\/option><option value=\"Mongolie\">Mongolie<\/option><option value=\"Mont\u00e9n\u00e9gro\">Mont\u00e9n\u00e9gro<\/option><option value=\"Mozambique\">Mozambique<\/option><option value=\"Myanmar\">Myanmar<\/option><option value=\"Namibie\">Namibie<\/option><option value=\"Nauru\">Nauru<\/option><option value=\"N\u00e9pal\">N\u00e9pal<\/option><option value=\"Nouvelle-Z\u00e9lande\">Nouvelle-Z\u00e9lande<\/option><option value=\"Nicaragua\">Nicaragua<\/option><option value=\"Pays-Bas\">Pays-Bas<\/option><option value=\"Niger\">Niger<\/option><option value=\"Nig\u00e9ria\">Nig\u00e9ria<\/option><option value=\"Mac\u00e9doine du Nord\">Mac\u00e9doine du Nord<\/option><option value=\"Norv\u00e8ge\">Norv\u00e8ge<\/option><option value=\"Oman\">Oman<\/option><option value=\"Pakistan\">Pakistan<\/option><option value=\"Palaos\">Palaos<\/option><option value=\"Panama\">Panama<\/option><option value=\"Papouasie-Nouvelle-Guin\u00e9e\">Papouasie-Nouvelle-Guin\u00e9e<\/option><option value=\"Paraguay\">Paraguay<\/option><option value=\"P\u00e9rou\">P\u00e9rou<\/option><option value=\"Philippines\">Philippines<\/option><option value=\"Pologne\">Pologne<\/option><option value=\"Portugal\">Portugal<\/option><option value=\"Rwanda\">Rwanda<\/option><option value=\"Roumanie\">Roumanie<\/option><option value=\"Russie\">Russie<\/option><option value=\"\u00celes Salomon\">\u00celes Salomon<\/option><option value=\"Zambie\">Zambie<\/option><option value=\"Samoa\">Samoa<\/option><option value=\"Saint-Marin\">Saint-Marin<\/option><option value=\"Sao Tom\u00e9-et-Principe\">Sao Tom\u00e9-et-Principe<\/option><option value=\"Arabie saoudite\">Arabie saoudite<\/option><option value=\"Su\u00e8de\">Su\u00e8de<\/option><option value=\"S\u00e9n\u00e9gal\">S\u00e9n\u00e9gal<\/option><option value=\"Serbie\">Serbie<\/option><option value=\"Seychelles\">Seychelles<\/option><option value=\"Sierra Leone\">Sierra Leone<\/option><option value=\"Zimbabwe\">Zimbabwe<\/option><option value=\"Singapour\">Singapour<\/option><option value=\"Slovaquie\">Slovaquie<\/option><option value=\"Slov\u00e9nie\">Slov\u00e9nie<\/option><option value=\"Somalie\">Somalie<\/option><option value=\"Espagne\">Espagne<\/option><option value=\"Sri Lanka\">Sri Lanka<\/option><option value=\"Saint-Christophe-et-Ni\u00e9v\u00e8s\">Saint-Christophe-et-Ni\u00e9v\u00e8s<\/option><option value=\"Sainte-Lucie\">Sainte-Lucie<\/option><option value=\"Saint-Vincent-et-les-Grenadines\">Saint-Vincent-et-les-Grenadines<\/option><option value=\"Afrique du Sud\">Afrique du Sud<\/option><option value=\"Soudan\">Soudan<\/option><option value=\"Soudan du Sud\">Soudan du Sud<\/option><option value=\"Suriname\">Suriname<\/option><option value=\"Syrie\">Syrie<\/option><option value=\"Tadjikistan\">Tadjikistan<\/option><option value=\"Ta\u00efwan\">Ta\u00efwan<\/option><option value=\"Tanzanie\">Tanzanie<\/option><option value=\"Tha\u00eflande\">Tha\u00eflande<\/option><option value=\"Timor oriental\">Timor oriental<\/option><option value=\"Togo\">Togo<\/option><option value=\"Tonga\">Tonga<\/option><option value=\"Trinit\u00e9-et-Tobago\">Trinit\u00e9-et-Tobago<\/option><option value=\"Tchad\">Tchad<\/option><option value=\"Tch\u00e9quie\">Tch\u00e9quie<\/option><option value=\"Tunisie\">Tunisie<\/option><option value=\"Turquie\">Turquie<\/option><option value=\"Turkm\u00e9nistan\">Turkm\u00e9nistan<\/option><option value=\"Tuvalu\">Tuvalu<\/option><option value=\"Ouganda\">Ouganda<\/option><option value=\"Ukraine\">Ukraine<\/option><option value=\"Hongrie\">Hongrie<\/option><option value=\"Uruguay\">Uruguay<\/option><option value=\"\u00c9tats-Unis\">\u00c9tats-Unis<\/option><option value=\"Ouzb\u00e9kistan\">Ouzb\u00e9kistan<\/option><option value=\"Vanuatu\">Vanuatu<\/option><option value=\"Vatican\">Vatican<\/option><option value=\"Venezuela\">Venezuela<\/option><option value=\"\u00c9mirats arabes unis\">\u00c9mirats arabes unis<\/option><option value=\"Royaume-Uni\">Royaume-Uni<\/option><option value=\"\u00c9tats-Unis\">\u00c9tats-Unis<\/option><option value=\"Vi\u00eat Nam\">Vi\u00eat Nam<\/option><option value=\"R\u00e9publique centrafricaine\">R\u00e9publique centrafricaine<\/option><option value=\"Chypre\">Chypre<\/option><\/select><\/span>\n\n<div class=\"uacf7-row\"><div class=\"uacf7-col-6\"> <label> <b>T\u00e9l\u00e9phone<\/b>\n<span class=\"wpcf7-form-control-wrap\" data-name=\"Telefon\"><input size=\"40\" maxlength=\"400\" class=\"wpcf7-form-control wpcf7-text wpcf7-validates-as-required\" aria-required=\"true\" aria-invalid=\"false\" placeholder=\"+41 377 38 77\" value=\"\" type=\"text\" name=\"Telefon\" \/><\/span> <\/label>\n <\/div><div class=\"uacf7-col-6\"> <label> <b>E-Mail<\/b>\n<span class=\"wpcf7-form-control-wrap\" data-name=\"E-Mail\"><input size=\"40\" maxlength=\"400\" class=\"wpcf7-form-control wpcf7-email wpcf7-validates-as-required wpcf7-text wpcf7-validates-as-email\" aria-required=\"true\" aria-invalid=\"false\" placeholder=\"max.mustermann@musterprovider.ch\" value=\"\" type=\"email\" name=\"E-Mail\" \/><\/span> <\/label>\n <\/div><\/div>\n\n<label> <b>Homepage<\/b> <\/label>\n<span class=\"wpcf7-form-control-wrap\" data-name=\"Homepage\"><input size=\"40\" maxlength=\"400\" class=\"wpcf7-form-control wpcf7-url wpcf7-text wpcf7-validates-as-url\" aria-invalid=\"false\" placeholder=\"www.musterhomepage.ch\" value=\"\" type=\"url\" name=\"Homepage\" \/><\/span> <br> <\/br>\n\n<div class=\"uacf7-row\"><div class=\"uacf7-col-6\"> <label> <b>Produits de Hinno<\/b> <\/label>\n<span class=\"wpcf7-form-control-wrap\" data-name=\"Produktart\"><span class=\"wpcf7-form-control wpcf7-checkbox\"><span class=\"wpcf7-list-item first\"><label><input type=\"checkbox\" name=\"Produktart[]\" value=\"Original Clic Glisseur\" \/><span class=\"wpcf7-list-item-label\">Original Clic Glisseur<\/span><\/label><\/span><span class=\"wpcf7-list-item\"><label><input type=\"checkbox\" name=\"Produktart[]\" value=\"Clic Assist\" \/><span class=\"wpcf7-list-item-label\">Clic Assist<\/span><\/label><\/span><span class=\"wpcf7-list-item\"><label><input type=\"checkbox\" name=\"Produktart[]\" value=\"Clic Crochet de rideau\" \/><span class=\"wpcf7-list-item-label\">Clic Crochet de rideau<\/span><\/label><\/span><span class=\"wpcf7-list-item\"><label><input type=\"checkbox\" name=\"Produktart[]\" value=\"Clic Courbe pour rideaux \u00e0 vagues\" \/><span class=\"wpcf7-list-item-label\">Clic Courbe pour rideaux \u00e0 vagues<\/span><\/label><\/span><span class=\"wpcf7-list-item\"><label><input type=\"checkbox\" name=\"Produktart[]\" value=\"Clic Boucle pour rideaux \u00e0 passants\" \/><span class=\"wpcf7-list-item-label\">Clic Boucle pour rideaux \u00e0 passants<\/span><\/label><\/span><span class=\"wpcf7-list-item\"><label><input type=\"checkbox\" name=\"Produktart[]\" value=\"Clic Panneau pour rideaux \u00e0 panneaux\" \/><span class=\"wpcf7-list-item-label\">Clic Panneau pour rideaux \u00e0 panneaux<\/span><\/label><\/span><span class=\"wpcf7-list-item\"><label><input type=\"checkbox\" name=\"Produktart[]\" value=\"Clic Stop - But\u00e9e\" \/><span class=\"wpcf7-list-item-label\">Clic Stop - But\u00e9e<\/span><\/label><\/span><span class=\"wpcf7-list-item\"><label><input type=\"checkbox\" name=\"Produktart[]\" value=\"Clic Clean - Nettoyeur de rail\" \/><span class=\"wpcf7-list-item-label\">Clic Clean - Nettoyeur de rail<\/span><\/label><\/span><span class=\"wpcf7-list-item last\"><label><input type=\"checkbox\" name=\"Produktart[]\" value=\"Clic Release - Pince de d\u00e9clipsage\" \/><span class=\"wpcf7-list-item-label\">Clic Release - Pince de d\u00e9clipsage<\/span><\/label><\/span><\/span><\/span>\n <\/div><div class=\"uacf7-col-6\"> <label> <b>Je sers les clients suivants :<\/b> <\/label>\n<span class=\"wpcf7-form-control-wrap\" data-name=\"Angebot\"><span class=\"wpcf7-form-control wpcf7-checkbox\"><span class=\"wpcf7-list-item first\"><label><input type=\"checkbox\" name=\"Angebot[]\" value=\"B2B (clients professionnels)\" \/><span class=\"wpcf7-list-item-label\">B2B (clients professionnels)<\/span><\/label><\/span><span class=\"wpcf7-list-item last\"><label><input type=\"checkbox\" name=\"Angebot[]\" value=\"B2C (consommateurs finaux)\" \/><span class=\"wpcf7-list-item-label\">B2C (consommateurs finaux)<\/span><\/label><\/span><\/span><\/span>\n <\/div><\/div>\n\n<label> <b>Newsletter<\/b> <\/label>\n<span class=\"wpcf7-form-control-wrap\" data-name=\"Newsletter\"><span class=\"wpcf7-form-control wpcf7-checkbox\"><span class=\"wpcf7-list-item first last\"><label><input type=\"checkbox\" name=\"Newsletter[]\" value=\"Veuillez m\u2019envoyer la newsletter trimestrielle HINNO par e-mail.\" \/><span class=\"wpcf7-list-item-label\">Veuillez m\u2019envoyer la newsletter trimestrielle HINNO par e-mail.<\/span><\/label><\/span><\/span><\/span><br> <\/br> \n\n<span id=\"wpcf7-69e442a406333-wrapper\" class=\"wpcf7-form-control-wrap honeypot-wrap\" ><input type=\"hidden\" name=\"honeypot-time-start\" value=\"1776566948\"><input type=\"hidden\" name=\"honeypot-time-check\" value=\"10\"><label for=\"wpcf7-69e442a406333-field\" class=\"hp-message\">Veuillez laisser ce champ vide.<\/label><input id=\"wpcf7-69e442a406333-field\"  class=\"wpcf7-form-control wpcf7-text\" type=\"text\" name=\"honeypot\" value=\"\" size=\"40\" tabindex=\"-1\" autocomplete=\"new-password\" \/><\/span>\n<br><\/br>\n<input class=\"wpcf7-form-control wpcf7-submit has-spinner\" type=\"submit\" value=\"Envoyer le formulaire\" \/><\/div><div class=\"wpcf7-response-output\" aria-hidden=\"true\"><\/div>\n<\/form>\n<\/div>\n<\/div>\n\t\t\t\t\t\t<\/div>\n\t\t\t\t<\/div>\n\t\t\t\t\t<\/div>\n\t\t<\/div>\n\t\t\t\t\t<\/div>\n\t\t<\/section>\n\t\t\t\t<\/div>\n\t\t","protected":false},"excerpt":{"rendered":"<p>Le localisateur de sources d&#8217;approvisionnement HINNO :Vendez plus gr\u00e2ce \u00e0 une pr\u00e9sence gratuite Vous revendez des produits HINNO et souhaitez \u00eatre plus visible sur la toile ? Dans ce cas, inscrivez-vous gratuitement et profitez de notre r\u00e9f\u00e9rencement en tant que source d&#8217;approvisionnement. Gagnez en visibilit\u00e9 aupr\u00e8s de tous ceux qui recherchent des professionnels ou revendeurs [&hellip;]<\/p>\n","protected":false},"author":5,"featured_media":0,"parent":0,"menu_order":0,"comment_status":"closed","ping_status":"closed","template":"","meta":{"_acf_changed":false,"footnotes":""},"class_list":["post-226596","page","type-page","status-publish","hentry"],"acf":[],"_links":{"self":[{"href":"https:\/\/hinno.ch\/fr\/wp-json\/wp\/v2\/pages\/226596","targetHints":{"allow":["GET"]}}],"collection":[{"href":"https:\/\/hinno.ch\/fr\/wp-json\/wp\/v2\/pages"}],"about":[{"href":"https:\/\/hinno.ch\/fr\/wp-json\/wp\/v2\/types\/page"}],"author":[{"embeddable":true,"href":"https:\/\/hinno.ch\/fr\/wp-json\/wp\/v2\/users\/5"}],"replies":[{"embeddable":true,"href":"https:\/\/hinno.ch\/fr\/wp-json\/wp\/v2\/comments?post=226596"}],"version-history":[{"count":8,"href":"https:\/\/hinno.ch\/fr\/wp-json\/wp\/v2\/pages\/226596\/revisions"}],"predecessor-version":[{"id":228284,"href":"https:\/\/hinno.ch\/fr\/wp-json\/wp\/v2\/pages\/226596\/revisions\/228284"}],"wp:attachment":[{"href":"https:\/\/hinno.ch\/fr\/wp-json\/wp\/v2\/media?parent=226596"}],"curies":[{"name":"wp","href":"https:\/\/api.w.org\/{rel}","templated":true}]}}