{"id":226906,"date":"2024-04-10T10:29:42","date_gmt":"2024-04-10T10:29:42","guid":{"rendered":"https:\/\/hinno.ch\/?page_id=226906"},"modified":"2025-10-23T15:34:49","modified_gmt":"2025-10-23T15:34:49","slug":"plateforme-de-materiel-marketing","status":"publish","type":"page","link":"https:\/\/hinno.ch\/fr\/plateforme-de-materiel-marketing\/","title":{"rendered":"Plateforme de mat\u00e9riel marketing"},"content":{"rendered":"\t\t<div data-elementor-type=\"wp-page\" data-elementor-id=\"226906\" class=\"elementor elementor-226906 elementor-226220\" data-elementor-post-type=\"page\">\n\t\t\t\t\t\t<section class=\"elementor-section elementor-top-section elementor-element elementor-element-8893159 elementor-section-stretched elementor-section-boxed elementor-section-height-default elementor-section-height-default\" data-id=\"8893159\" data-element_type=\"section\" data-e-type=\"section\" data-settings=\"{&quot;stretch_section&quot;:&quot;section-stretched&quot;}\">\n\t\t\t\t\t\t<div class=\"elementor-container elementor-column-gap-default\">\n\t\t\t\t\t<div class=\"elementor-column elementor-col-100 elementor-top-column elementor-element elementor-element-369ab10\" data-id=\"369ab10\" data-element_type=\"column\" data-e-type=\"column\">\n\t\t\t<div class=\"elementor-widget-wrap elementor-element-populated\">\n\t\t\t\t\t\t<div class=\"elementor-element elementor-element-f9661fc elementor-widget elementor-widget-image\" data-id=\"f9661fc\" data-element_type=\"widget\" data-e-type=\"widget\" data-widget_type=\"image.default\">\n\t\t\t\t<div class=\"elementor-widget-container\">\n\t\t\t\t\t\t\t\t\t\t\t\t\t\t\t<img fetchpriority=\"high\" decoding=\"async\" width=\"1280\" height=\"718\" src=\"https:\/\/hinno.ch\/wp-content\/uploads\/2022\/11\/hinno-clic-cliquer-homeslide.jpg\" class=\"attachment-full size-full wp-image-6608\" alt=\"\" srcset=\"https:\/\/hinno.ch\/wp-content\/uploads\/2022\/11\/hinno-clic-cliquer-homeslide.jpg 1280w, https:\/\/hinno.ch\/wp-content\/uploads\/2022\/11\/hinno-clic-cliquer-homeslide-300x168.jpg 300w, https:\/\/hinno.ch\/wp-content\/uploads\/2022\/11\/hinno-clic-cliquer-homeslide-1024x574.jpg 1024w, https:\/\/hinno.ch\/wp-content\/uploads\/2022\/11\/hinno-clic-cliquer-homeslide-768x431.jpg 768w\" sizes=\"(max-width: 1280px) 100vw, 1280px\" \/>\t\t\t\t\t\t\t\t\t\t\t\t\t\t\t<\/div>\n\t\t\t\t<\/div>\n\t\t\t\t\t<\/div>\n\t\t<\/div>\n\t\t\t\t\t<\/div>\n\t\t<\/section>\n\t\t\t\t<section class=\"elementor-section elementor-top-section elementor-element elementor-element-8fefb59 elementor-section-boxed elementor-section-height-default elementor-section-height-default\" data-id=\"8fefb59\" data-element_type=\"section\" data-e-type=\"section\">\n\t\t\t\t\t\t<div class=\"elementor-container elementor-column-gap-default\">\n\t\t\t\t\t<div class=\"elementor-column elementor-col-100 elementor-top-column elementor-element elementor-element-839de3b\" data-id=\"839de3b\" data-element_type=\"column\" data-e-type=\"column\">\n\t\t\t<div class=\"elementor-widget-wrap elementor-element-populated\">\n\t\t\t\t\t\t<div class=\"elementor-element elementor-element-886f4f0 elementor-widget elementor-widget-spacer\" data-id=\"886f4f0\" data-element_type=\"widget\" data-e-type=\"widget\" data-widget_type=\"spacer.default\">\n\t\t\t\t<div class=\"elementor-widget-container\">\n\t\t\t\t\t\t\t<div class=\"elementor-spacer\">\n\t\t\t<div class=\"elementor-spacer-inner\"><\/div>\n\t\t<\/div>\n\t\t\t\t\t\t<\/div>\n\t\t\t\t<\/div>\n\t\t\t\t\t<\/div>\n\t\t<\/div>\n\t\t\t\t\t<\/div>\n\t\t<\/section>\n\t\t\t\t<section class=\"elementor-section elementor-top-section elementor-element elementor-element-7266cc3 elementor-section-boxed elementor-section-height-default elementor-section-height-default\" data-id=\"7266cc3\" data-element_type=\"section\" data-e-type=\"section\">\n\t\t\t\t\t\t<div class=\"elementor-container elementor-column-gap-default\">\n\t\t\t\t\t<div class=\"elementor-column elementor-col-100 elementor-top-column elementor-element elementor-element-56e0cc3\" data-id=\"56e0cc3\" data-element_type=\"column\" data-e-type=\"column\">\n\t\t\t<div class=\"elementor-widget-wrap\">\n\t\t\t\t\t\t\t<\/div>\n\t\t<\/div>\n\t\t\t\t\t<\/div>\n\t\t<\/section>\n\t\t\t\t<section class=\"elementor-section elementor-top-section elementor-element elementor-element-fe0eb27 elementor-section-boxed elementor-section-height-default elementor-section-height-default\" data-id=\"fe0eb27\" data-element_type=\"section\" data-e-type=\"section\">\n\t\t\t\t\t\t<div class=\"elementor-container elementor-column-gap-default\">\n\t\t\t\t\t<div class=\"elementor-column elementor-col-100 elementor-top-column elementor-element elementor-element-3ad2933\" data-id=\"3ad2933\" data-element_type=\"column\" data-e-type=\"column\">\n\t\t\t<div class=\"elementor-widget-wrap elementor-element-populated\">\n\t\t\t\t\t\t<div class=\"elementor-element elementor-element-81fe640 elementor-widget elementor-widget-text-editor\" data-id=\"81fe640\" data-element_type=\"widget\" data-e-type=\"widget\" data-widget_type=\"text-editor.default\">\n\t\t\t\t<div class=\"elementor-widget-container\">\n\t\t\t\t\t\t\t\t\t<h1>Mat\u00e9riel promotionnel pour les partenaires commerciaux<\/h1>\t\t\t\t\t\t\t\t<\/div>\n\t\t\t\t<\/div>\n\t\t\t\t<div class=\"elementor-element elementor-element-c17ea40 PlusListe elementor-widget elementor-widget-text-editor\" data-id=\"c17ea40\" data-element_type=\"widget\" data-e-type=\"widget\" data-widget_type=\"text-editor.default\">\n\t\t\t\t<div class=\"elementor-widget-container\">\n\t\t\t\t\t\t\t\t\t<p><strong>Tout le mat\u00e9riel marketing de HINNO est disponible en t\u00e9l\u00e9chargement pour les revendeurs sp\u00e9cialis\u00e9s et les professionnels.<\/strong><\/p><p>En tant que partenaire commercial \u2013 ou si vous utilisez les produits HINNO en tant que d\u00e9corateur d\u2019int\u00e9rieur \u2013 vous pouvez utiliser gratuitement tout le mat\u00e9riel marketing de HINNO \u00e0 des fins promotionnelles. Il vous suffit d\u2019envoyer un e-mail informel \u00e0 <a href=\"mailto:marketing@hinno.ch\">marketing@hinno.ch<\/a>. Vous recevrez ensuite un acc\u00e8s \u00e0 la nouvelle plateforme de mat\u00e9riel promotionnel de HINNO, accessible \u00e0 tout moment.<\/p><p>Sur cette plateforme HINNO, vous trouverez des photos d\u2019utilisation et de produits couvrant toute la gamme, des images de produits sous forme de dessins au trait et de rendus r\u00e9alistes, des photos d\u2019emballages, toutes les vid\u00e9os, ainsi que toutes les brochures et notices.\u00a0<\/p><h3>Vid\u00e9os avec votre logo<\/h3><p>Toutes les vid\u00e9os HINNO peuvent \u00eatre personnalis\u00e9es en ajoutant votre logo dans le g\u00e9n\u00e9rique de fin. La plateforme propose un guide ainsi qu\u2019une \u00ab vid\u00e9o tutorielle \u00e9tape par \u00e9tape \u00bb pour vous accompagner.<\/p>\t\t\t\t\t\t\t\t<\/div>\n\t\t\t\t<\/div>\n\t\t\t\t\t<\/div>\n\t\t<\/div>\n\t\t\t\t\t<\/div>\n\t\t<\/section>\n\t\t\t\t<section class=\"elementor-section elementor-top-section elementor-element elementor-element-dbbf4c0 elementor-section-boxed elementor-section-height-default elementor-section-height-default\" data-id=\"dbbf4c0\" data-element_type=\"section\" data-e-type=\"section\">\n\t\t\t\t\t\t<div class=\"elementor-container elementor-column-gap-default\">\n\t\t\t\t\t<div class=\"elementor-column elementor-col-50 elementor-top-column elementor-element elementor-element-13ae52bc\" data-id=\"13ae52bc\" data-element_type=\"column\" data-e-type=\"column\">\n\t\t\t<div class=\"elementor-widget-wrap elementor-element-populated\">\n\t\t\t\t\t\t<div class=\"elementor-element elementor-element-5995a035 elementor-widget__width-initial PlusListe elementor-widget elementor-widget-text-editor\" data-id=\"5995a035\" data-element_type=\"widget\" data-e-type=\"widget\" data-widget_type=\"text-editor.default\">\n\t\t\t\t<div class=\"elementor-widget-container\">\n\t\t\t\t\t\t\t\t\t<h3>Les points essentiels en r\u00e9sum\u00e9 :<\/h3><p>Pour activer votre acc\u00e8s en ligne, veuillez envoyer un e-mail informel \u00e0 <a href=\"mailto:marketing@hinno.ch\">marketing@hinno.ch<\/a>.<\/p><ul><li>Utilisation gratuite de tout le mat\u00e9riel marketing (en respectant les droits d\u2019auteur).<\/li><li><div>Mat\u00e9riel pr\u00e9par\u00e9 pour l\u2019impression et Internet.<\/div><\/li><li><div>Photos pratiques et d\u2019utilisation couvrant toute la gamme.<\/div><\/li><li><div>Photos de produits d\u00e9tour\u00e9es.<\/div><\/li><li><div>Images de produits sous forme de dessins au trait et de rendus\u00a0<\/div><\/li><li><div>Vid\u00e9os avec options de co-branding.<\/div><\/li><li><div>Photos d\u2019emballages.<\/div><\/li><li><div>Toutes les brochures et notices HINNO.<\/div><\/li><\/ul>\t\t\t\t\t\t\t\t<\/div>\n\t\t\t\t<\/div>\n\t\t\t\t\t<\/div>\n\t\t<\/div>\n\t\t\t\t<div class=\"elementor-column elementor-col-50 elementor-top-column elementor-element elementor-element-1a7c759\" data-id=\"1a7c759\" data-element_type=\"column\" data-e-type=\"column\">\n\t\t\t<div class=\"elementor-widget-wrap elementor-element-populated\">\n\t\t\t\t\t\t<div class=\"elementor-element elementor-element-b0f59bd elementor-widget elementor-widget-image\" data-id=\"b0f59bd\" data-element_type=\"widget\" data-e-type=\"widget\" data-widget_type=\"image.default\">\n\t\t\t\t<div class=\"elementor-widget-container\">\n\t\t\t\t\t\t\t\t\t\t\t\t\t\t\t<img decoding=\"async\" width=\"800\" height=\"575\" src=\"https:\/\/hinno.ch\/wp-content\/uploads\/2024\/04\/Werbemittel_Website-1024x736.jpg\" class=\"attachment-large size-large wp-image-226037\" alt=\"\" srcset=\"https:\/\/hinno.ch\/wp-content\/uploads\/2024\/04\/Werbemittel_Website-1024x736.jpg 1024w, https:\/\/hinno.ch\/wp-content\/uploads\/2024\/04\/Werbemittel_Website-300x216.jpg 300w, https:\/\/hinno.ch\/wp-content\/uploads\/2024\/04\/Werbemittel_Website-768x552.jpg 768w, https:\/\/hinno.ch\/wp-content\/uploads\/2024\/04\/Werbemittel_Website.jpg 1200w\" sizes=\"(max-width: 800px) 100vw, 800px\" \/>\t\t\t\t\t\t\t\t\t\t\t\t\t\t\t<\/div>\n\t\t\t\t<\/div>\n\t\t\t\t<div class=\"elementor-element elementor-element-c6fff4b PlusListe elementor-widget elementor-widget-text-editor\" data-id=\"c6fff4b\" data-element_type=\"widget\" data-e-type=\"widget\" data-widget_type=\"text-editor.default\">\n\t\t\t\t<div class=\"elementor-widget-container\">\n\t\t\t\t\t\t\t\t\t<p><em>Vous trouverez plus de d\u00e9tails sur la nouvelle plateforme en ligne de mat\u00e9riel promotionnel de HINNO dans cette brochure d\u2019information : <a href=\"https:\/\/hinno.ch\/wp-content\/uploads\/2024\/04\/Hinno-Werbemittelkatalog_SCREEN.pdf\" target=\"_blank\" rel=\"noopener\">T\u00e9l\u00e9charger le PDF.<\/a><\/em><\/p>\t\t\t\t\t\t\t\t<\/div>\n\t\t\t\t<\/div>\n\t\t\t\t\t<\/div>\n\t\t<\/div>\n\t\t\t\t\t<\/div>\n\t\t<\/section>\n\t\t\t\t<section class=\"elementor-section elementor-top-section elementor-element elementor-element-17e445ff elementor-section-boxed elementor-section-height-default elementor-section-height-default\" data-id=\"17e445ff\" data-element_type=\"section\" data-e-type=\"section\">\n\t\t\t\t\t\t<div class=\"elementor-container elementor-column-gap-default\">\n\t\t\t\t\t<div class=\"elementor-column elementor-col-100 elementor-top-column elementor-element elementor-element-625eb6ee\" data-id=\"625eb6ee\" data-element_type=\"column\" data-e-type=\"column\">\n\t\t\t<div class=\"elementor-widget-wrap elementor-element-populated\">\n\t\t\t\t\t\t<div class=\"elementor-element elementor-element-431fefc4 elementor-widget-divider--view-line elementor-widget elementor-widget-divider\" data-id=\"431fefc4\" data-element_type=\"widget\" data-e-type=\"widget\" data-widget_type=\"divider.default\">\n\t\t\t\t<div class=\"elementor-widget-container\">\n\t\t\t\t\t\t\t<div class=\"elementor-divider\">\n\t\t\t<span class=\"elementor-divider-separator\">\n\t\t\t\t\t\t<\/span>\n\t\t<\/div>\n\t\t\t\t\t\t<\/div>\n\t\t\t\t<\/div>\n\t\t\t\t\t<\/div>\n\t\t<\/div>\n\t\t\t\t\t<\/div>\n\t\t<\/section>\n\t\t\t\t<section class=\"elementor-section elementor-top-section elementor-element elementor-element-5450e3d elementor-section-boxed elementor-section-height-default elementor-section-height-default\" data-id=\"5450e3d\" data-element_type=\"section\" data-e-type=\"section\">\n\t\t\t\t\t\t<div class=\"elementor-container elementor-column-gap-default\">\n\t\t\t\t\t<div class=\"elementor-column elementor-col-100 elementor-top-column elementor-element elementor-element-5f47380\" data-id=\"5f47380\" data-element_type=\"column\" data-e-type=\"column\">\n\t\t\t<div class=\"elementor-widget-wrap elementor-element-populated\">\n\t\t\t\t\t\t<div class=\"elementor-element elementor-element-812faad elementor-widget elementor-widget-text-editor\" data-id=\"812faad\" data-element_type=\"widget\" data-e-type=\"widget\" data-widget_type=\"text-editor.default\">\n\t\t\t\t<div class=\"elementor-widget-container\">\n\t\t\t\t\t\t\t\t\t<h3>Lien vers la plateforme pour les d\u00e9corateurs d\u2019int\u00e9rieur et les revendeurs d\u00e9j\u00e0 inscrits :<\/h3>\t\t\t\t\t\t\t\t<\/div>\n\t\t\t\t<\/div>\n\t\t\t\t<div class=\"elementor-element elementor-element-d19e518 elementor-widget elementor-widget-text-editor\" data-id=\"d19e518\" data-element_type=\"widget\" data-e-type=\"widget\" data-widget_type=\"text-editor.default\">\n\t\t\t\t<div class=\"elementor-widget-container\">\n\t\t\t\t\t\t\t\t\t<p>Si vous avez d\u00e9j\u00e0 demand\u00e9 vos identifiants via <a href=\"mailto:marketing@hinno.ch\">marketing@hinno.ch<\/a> et vous \u00eates inscrit sur la plateforme, vous trouverez bient\u00f4t ici le lien direct vers la plateforme de mat\u00e9riel marketing : <a href=\"https:\/\/drive.google.com\/drive\/u\/1\/folders\/13E_w-rtlZVc00sX_Z7Cy2-gteZ2vcEKL\" target=\"_blank\" rel=\"noopener\">acc\u00e9der maintenant<\/a><\/p>\t\t\t\t\t\t\t\t<\/div>\n\t\t\t\t<\/div>\n\t\t\t\t\t<\/div>\n\t\t<\/div>\n\t\t\t\t\t<\/div>\n\t\t<\/section>\n\t\t\t\t<\/div>\n\t\t","protected":false},"excerpt":{"rendered":"<p>Mat\u00e9riel promotionnel pour les partenaires commerciaux Tout le mat\u00e9riel marketing de HINNO est disponible en t\u00e9l\u00e9chargement pour les revendeurs sp\u00e9cialis\u00e9s et les professionnels. En tant que partenaire commercial \u2013 ou si vous utilisez les produits HINNO en tant que d\u00e9corateur d\u2019int\u00e9rieur \u2013 vous pouvez utiliser gratuitement tout le mat\u00e9riel marketing de HINNO \u00e0 des fins [&hellip;]<\/p>\n","protected":false},"author":3,"featured_media":0,"parent":0,"menu_order":0,"comment_status":"closed","ping_status":"closed","template":"","meta":{"_acf_changed":false,"footnotes":""},"class_list":["post-226906","page","type-page","status-publish","hentry"],"acf":[],"_links":{"self":[{"href":"https:\/\/hinno.ch\/fr\/wp-json\/wp\/v2\/pages\/226906","targetHints":{"allow":["GET"]}}],"collection":[{"href":"https:\/\/hinno.ch\/fr\/wp-json\/wp\/v2\/pages"}],"about":[{"href":"https:\/\/hinno.ch\/fr\/wp-json\/wp\/v2\/types\/page"}],"author":[{"embeddable":true,"href":"https:\/\/hinno.ch\/fr\/wp-json\/wp\/v2\/users\/3"}],"replies":[{"embeddable":true,"href":"https:\/\/hinno.ch\/fr\/wp-json\/wp\/v2\/comments?post=226906"}],"version-history":[{"count":7,"href":"https:\/\/hinno.ch\/fr\/wp-json\/wp\/v2\/pages\/226906\/revisions"}],"predecessor-version":[{"id":229389,"href":"https:\/\/hinno.ch\/fr\/wp-json\/wp\/v2\/pages\/226906\/revisions\/229389"}],"wp:attachment":[{"href":"https:\/\/hinno.ch\/fr\/wp-json\/wp\/v2\/media?parent=226906"}],"curies":[{"name":"wp","href":"https:\/\/api.w.org\/{rel}","templated":true}]}}