{"id":4719,"date":"2022-08-23T10:40:38","date_gmt":"2022-08-23T10:40:38","guid":{"rendered":"https:\/\/hinno.ch\/des-produits\/apercu-des-produits-clic\/"},"modified":"2022-11-24T14:38:03","modified_gmt":"2022-11-24T14:38:03","slug":"apercu-des-produits-clic","status":"publish","type":"page","link":"https:\/\/hinno.ch\/fr\/des-produits\/apercu-des-produits-clic\/","title":{"rendered":"Aper\u00e7u des produits Clic"},"content":{"rendered":"\t\t<div data-elementor-type=\"wp-page\" data-elementor-id=\"4719\" class=\"elementor elementor-4719 elementor-1099\" data-elementor-post-type=\"page\">\n\t\t\t\t\t\t<section class=\"elementor-section elementor-top-section elementor-element elementor-element-998ee05 elementor-section-stretched elementor-section-full_width elementor-section-height-default elementor-section-height-default\" data-id=\"998ee05\" data-element_type=\"section\" data-e-type=\"section\" data-settings=\"{&quot;stretch_section&quot;:&quot;section-stretched&quot;}\">\n\t\t\t\t\t\t<div class=\"elementor-container elementor-column-gap-default\">\n\t\t\t\t\t<div class=\"elementor-column elementor-col-100 elementor-top-column elementor-element elementor-element-9bab1d0\" data-id=\"9bab1d0\" data-element_type=\"column\" data-e-type=\"column\">\n\t\t\t<div class=\"elementor-widget-wrap elementor-element-populated\">\n\t\t\t\t\t\t<div class=\"elementor-element elementor-element-9c863b3 elementor-widget elementor-widget-image\" data-id=\"9c863b3\" data-element_type=\"widget\" data-e-type=\"widget\" data-widget_type=\"image.default\">\n\t\t\t\t<div class=\"elementor-widget-container\">\n\t\t\t\t\t\t\t\t\t\t\t\t\t\t\t<img fetchpriority=\"high\" decoding=\"async\" width=\"1280\" height=\"718\" src=\"https:\/\/hinno.ch\/wp-content\/uploads\/2022\/11\/hinno-clic-cliquer-homeslide.jpg\" class=\"attachment-full size-full wp-image-6608\" alt=\"\" srcset=\"https:\/\/hinno.ch\/wp-content\/uploads\/2022\/11\/hinno-clic-cliquer-homeslide.jpg 1280w, https:\/\/hinno.ch\/wp-content\/uploads\/2022\/11\/hinno-clic-cliquer-homeslide-300x168.jpg 300w, https:\/\/hinno.ch\/wp-content\/uploads\/2022\/11\/hinno-clic-cliquer-homeslide-1024x574.jpg 1024w, https:\/\/hinno.ch\/wp-content\/uploads\/2022\/11\/hinno-clic-cliquer-homeslide-768x431.jpg 768w\" sizes=\"(max-width: 1280px) 100vw, 1280px\" \/>\t\t\t\t\t\t\t\t\t\t\t\t\t\t\t<\/div>\n\t\t\t\t<\/div>\n\t\t\t\t\t<\/div>\n\t\t<\/div>\n\t\t\t\t\t<\/div>\n\t\t<\/section>\n\t\t\t\t<section class=\"elementor-section elementor-top-section elementor-element elementor-element-69e7677 elementor-section-boxed elementor-section-height-default elementor-section-height-default\" data-id=\"69e7677\" data-element_type=\"section\" data-e-type=\"section\">\n\t\t\t\t\t\t<div class=\"elementor-container elementor-column-gap-default\">\n\t\t\t\t\t<div class=\"elementor-column elementor-col-100 elementor-top-column elementor-element elementor-element-7041e18\" data-id=\"7041e18\" data-element_type=\"column\" data-e-type=\"column\">\n\t\t\t<div class=\"elementor-widget-wrap elementor-element-populated\">\n\t\t\t\t\t\t<div class=\"elementor-element elementor-element-0e26979 elementor-widget elementor-widget-text-editor\" data-id=\"0e26979\" data-element_type=\"widget\" data-e-type=\"widget\" data-widget_type=\"text-editor.default\">\n\t\t\t\t<div class=\"elementor-widget-container\">\n\t\t\t\t\t\t\t\t\t<h1>Aper\u00e7u des produits HINNO Clic :<br \/>la solution compl\u00e8te pour les accessoires de rideaux et le montage en un clin d&#8217;\u0153il<\/h1>\n\t\t\t\t\t\t\t\t<\/div>\n\t\t\t\t<\/div>\n\t\t\t\t<div class=\"elementor-element elementor-element-24ef1a4 elementor-widget elementor-widget-text-editor\" data-id=\"24ef1a4\" data-element_type=\"widget\" data-e-type=\"widget\" data-widget_type=\"text-editor.default\">\n\t\t\t\t<div class=\"elementor-widget-container\">\n\t\t\t\t\t\t\t\t\t<p>Les glisseurs originaux Clic transforment tout type de rideau, de voilage et de syst\u00e8me de rideau en une solution hautement fonctionnelle qui se clipse simplement dans le rail de rideau &#8211; de mani\u00e8re tr\u00e8s pratique et tr\u00e8s rapide. En outre, HINNO Clic propose des accessoires bien pens\u00e9s qui facilitent encore le travail.<\/p>\n\t\t\t\t\t\t\t\t<\/div>\n\t\t\t\t<\/div>\n\t\t\t\t\t<\/div>\n\t\t<\/div>\n\t\t\t\t\t<\/div>\n\t\t<\/section>\n\t\t\t\t<section class=\"elementor-section elementor-top-section elementor-element elementor-element-d011d2d elementor-section-boxed elementor-section-height-default elementor-section-height-default\" data-id=\"d011d2d\" data-element_type=\"section\" data-e-type=\"section\">\n\t\t\t\t\t\t<div class=\"elementor-container elementor-column-gap-default\">\n\t\t\t\t\t<div class=\"elementor-column elementor-col-33 elementor-top-column elementor-element elementor-element-4729855\" data-id=\"4729855\" data-element_type=\"column\" data-e-type=\"column\">\n\t\t\t<div class=\"elementor-widget-wrap elementor-element-populated\">\n\t\t\t\t\t\t<div class=\"elementor-element elementor-element-33f27c4 elementor-widget elementor-widget-image\" data-id=\"33f27c4\" data-element_type=\"widget\" data-e-type=\"widget\" data-widget_type=\"image.default\">\n\t\t\t\t<div class=\"elementor-widget-container\">\n\t\t\t\t\t\t\t\t\t\t\t\t\t\t\t<img decoding=\"async\" width=\"800\" height=\"430\" src=\"https:\/\/hinno.ch\/wp-content\/uploads\/2022\/05\/hinno-clic-home-95-prozent-raumaustatter-vorhanggleiter.jpg\" class=\"attachment-large size-large wp-image-108\" alt=\"\" srcset=\"https:\/\/hinno.ch\/wp-content\/uploads\/2022\/05\/hinno-clic-home-95-prozent-raumaustatter-vorhanggleiter.jpg 800w, https:\/\/hinno.ch\/wp-content\/uploads\/2022\/05\/hinno-clic-home-95-prozent-raumaustatter-vorhanggleiter-300x161.jpg 300w, https:\/\/hinno.ch\/wp-content\/uploads\/2022\/05\/hinno-clic-home-95-prozent-raumaustatter-vorhanggleiter-768x413.jpg 768w\" sizes=\"(max-width: 800px) 100vw, 800px\" \/>\t\t\t\t\t\t\t\t\t\t\t\t\t\t\t<\/div>\n\t\t\t\t<\/div>\n\t\t\t\t<div class=\"elementor-element elementor-element-aea3506 elementor-widget elementor-widget-text-editor\" data-id=\"aea3506\" data-element_type=\"widget\" data-e-type=\"widget\" data-widget_type=\"text-editor.default\">\n\t\t\t\t<div class=\"elementor-widget-container\">\n\t\t\t\t\t\t\t\t\t<h2>Glisseurs original Clic<\/h2><p>La pi\u00e8ce avec le &#8220;r\u00f4le porteur&#8221; : le glisseur original Clic avec des \u0153illets longitudinaux et transversaux \u00e0 encliqueter. <a href=\"https:\/\/hinno.ch\/fr\/des-produits\/glisseurs-clic\/\">Vers les glisseurs Clic<\/a><\/p>\t\t\t\t\t\t\t\t<\/div>\n\t\t\t\t<\/div>\n\t\t\t\t\t<\/div>\n\t\t<\/div>\n\t\t\t\t<div class=\"elementor-column elementor-col-33 elementor-top-column elementor-element elementor-element-a14f3aa\" data-id=\"a14f3aa\" data-element_type=\"column\" data-e-type=\"column\">\n\t\t\t<div class=\"elementor-widget-wrap elementor-element-populated\">\n\t\t\t\t\t\t<div class=\"elementor-element elementor-element-75a1ff4 elementor-widget elementor-widget-image\" data-id=\"75a1ff4\" data-element_type=\"widget\" data-e-type=\"widget\" data-widget_type=\"image.default\">\n\t\t\t\t<div class=\"elementor-widget-container\">\n\t\t\t\t\t\t\t\t\t\t\t\t\t\t\t<img decoding=\"async\" width=\"800\" height=\"430\" src=\"https:\/\/hinno.ch\/wp-content\/uploads\/2022\/05\/hinno-clic-home-clis-assist-krankenhaus.jpg\" class=\"attachment-large size-large wp-image-102\" alt=\"\" srcset=\"https:\/\/hinno.ch\/wp-content\/uploads\/2022\/05\/hinno-clic-home-clis-assist-krankenhaus.jpg 800w, https:\/\/hinno.ch\/wp-content\/uploads\/2022\/05\/hinno-clic-home-clis-assist-krankenhaus-300x161.jpg 300w, https:\/\/hinno.ch\/wp-content\/uploads\/2022\/05\/hinno-clic-home-clis-assist-krankenhaus-768x413.jpg 768w\" sizes=\"(max-width: 800px) 100vw, 800px\" \/>\t\t\t\t\t\t\t\t\t\t\t\t\t\t\t<\/div>\n\t\t\t\t<\/div>\n\t\t\t\t<div class=\"elementor-element elementor-element-5a9078b elementor-widget elementor-widget-text-editor\" data-id=\"5a9078b\" data-element_type=\"widget\" data-e-type=\"widget\" data-widget_type=\"text-editor.default\">\n\t\t\t\t<div class=\"elementor-widget-container\">\n\t\t\t\t\t\t\t\t\t<h2>Clic Assist<\/h2><p>Cliquer jusqu&#8217;\u00e0 10 glisseurs en m\u00eame temps dans le rail et suspendre ainsi des rideaux encore plus rapidement et en toute s\u00e9curit\u00e9 : <a href=\"https:\/\/hinno.ch\/fr\/des-produits\/clic-assist\/\">Vers Clic Assist<\/a><\/p>\t\t\t\t\t\t\t\t<\/div>\n\t\t\t\t<\/div>\n\t\t\t\t\t<\/div>\n\t\t<\/div>\n\t\t\t\t<div class=\"elementor-column elementor-col-33 elementor-top-column elementor-element elementor-element-1cabf43\" data-id=\"1cabf43\" data-element_type=\"column\" data-e-type=\"column\">\n\t\t\t<div class=\"elementor-widget-wrap elementor-element-populated\">\n\t\t\t\t\t\t<div class=\"elementor-element elementor-element-2d00ee2 elementor-widget elementor-widget-image\" data-id=\"2d00ee2\" data-element_type=\"widget\" data-e-type=\"widget\" data-widget_type=\"image.default\">\n\t\t\t\t<div class=\"elementor-widget-container\">\n\t\t\t\t\t\t\t\t\t\t\t\t\t\t\t<img loading=\"lazy\" decoding=\"async\" width=\"800\" height=\"430\" src=\"https:\/\/hinno.ch\/wp-content\/uploads\/2022\/08\/hinno-clic-wohnzimmer_vorhang_0027.jpg\" class=\"attachment-large size-large wp-image-1201\" alt=\"hinno clic vorhanggleiter und haken switzerland\" srcset=\"https:\/\/hinno.ch\/wp-content\/uploads\/2022\/08\/hinno-clic-wohnzimmer_vorhang_0027.jpg 800w, https:\/\/hinno.ch\/wp-content\/uploads\/2022\/08\/hinno-clic-wohnzimmer_vorhang_0027-300x161.jpg 300w, https:\/\/hinno.ch\/wp-content\/uploads\/2022\/08\/hinno-clic-wohnzimmer_vorhang_0027-768x413.jpg 768w\" sizes=\"(max-width: 800px) 100vw, 800px\" \/>\t\t\t\t\t\t\t\t\t\t\t\t\t\t\t<\/div>\n\t\t\t\t<\/div>\n\t\t\t\t<div class=\"elementor-element elementor-element-59b81da elementor-widget elementor-widget-text-editor\" data-id=\"59b81da\" data-element_type=\"widget\" data-e-type=\"widget\" data-widget_type=\"text-editor.default\">\n\t\t\t\t<div class=\"elementor-widget-container\">\n\t\t\t\t\t\t\t\t\t<h2>Crochet Clic<\/h2>\n<p>Glisseurs et crochets Clic : un travail d&#8217;\u00e9quipe de haute pr\u00e9cision. Disponible \u00e9galement pr\u00e9mont\u00e9.  <a href=\"https:\/\/hinno.ch\/fr\/des-produits\/crochet-clic\/\">Vers les crochets Clic<\/a><\/p>\n\t\t\t\t\t\t\t\t<\/div>\n\t\t\t\t<\/div>\n\t\t\t\t\t<\/div>\n\t\t<\/div>\n\t\t\t\t\t<\/div>\n\t\t<\/section>\n\t\t\t\t<section class=\"elementor-section elementor-top-section elementor-element elementor-element-45d9f45 elementor-section-boxed elementor-section-height-default elementor-section-height-default\" data-id=\"45d9f45\" data-element_type=\"section\" data-e-type=\"section\">\n\t\t\t\t\t\t<div class=\"elementor-container elementor-column-gap-default\">\n\t\t\t\t\t<div class=\"elementor-column elementor-col-33 elementor-top-column elementor-element elementor-element-e13a7be\" data-id=\"e13a7be\" data-element_type=\"column\" data-e-type=\"column\">\n\t\t\t<div class=\"elementor-widget-wrap elementor-element-populated\">\n\t\t\t\t\t\t<div class=\"elementor-element elementor-element-0b47c4f elementor-widget elementor-widget-image\" data-id=\"0b47c4f\" data-element_type=\"widget\" data-e-type=\"widget\" data-widget_type=\"image.default\">\n\t\t\t\t<div class=\"elementor-widget-container\">\n\t\t\t\t\t\t\t\t\t\t\t\t\t\t\t<img loading=\"lazy\" decoding=\"async\" width=\"800\" height=\"430\" src=\"https:\/\/hinno.ch\/wp-content\/uploads\/2022\/08\/hinno-clic-uebersicht-wellenvorhang.jpg\" class=\"attachment-large size-large wp-image-1165\" alt=\"\" srcset=\"https:\/\/hinno.ch\/wp-content\/uploads\/2022\/08\/hinno-clic-uebersicht-wellenvorhang.jpg 800w, https:\/\/hinno.ch\/wp-content\/uploads\/2022\/08\/hinno-clic-uebersicht-wellenvorhang-300x161.jpg 300w, https:\/\/hinno.ch\/wp-content\/uploads\/2022\/08\/hinno-clic-uebersicht-wellenvorhang-768x413.jpg 768w\" sizes=\"(max-width: 800px) 100vw, 800px\" \/>\t\t\t\t\t\t\t\t\t\t\t\t\t\t\t<\/div>\n\t\t\t\t<\/div>\n\t\t\t\t<div class=\"elementor-element elementor-element-dc45b08 elementor-widget elementor-widget-text-editor\" data-id=\"dc45b08\" data-element_type=\"widget\" data-e-type=\"widget\" data-widget_type=\"text-editor.default\">\n\t\t\t\t<div class=\"elementor-widget-container\">\n\t\t\t\t\t\t\t\t\t<h2>Clic Curve<\/h2>\n<p>Clic Curve permet d&#8217;obtenir des ondulations r\u00e9guli\u00e8res et harmonieuses et une belle finition des rideaux.  <a href=\"https:\/\/hinno.ch\/fr\/des-produits\/systemes-de-rideaux-dondes-clic-curve\/\">Vers Clic Curve<\/a><\/p>\n\t\t\t\t\t\t\t\t<\/div>\n\t\t\t\t<\/div>\n\t\t\t\t\t<\/div>\n\t\t<\/div>\n\t\t\t\t<div class=\"elementor-column elementor-col-33 elementor-top-column elementor-element elementor-element-54b4878\" data-id=\"54b4878\" data-element_type=\"column\" data-e-type=\"column\">\n\t\t\t<div class=\"elementor-widget-wrap elementor-element-populated\">\n\t\t\t\t\t\t<div class=\"elementor-element elementor-element-94af611 elementor-widget elementor-widget-image\" data-id=\"94af611\" data-element_type=\"widget\" data-e-type=\"widget\" data-widget_type=\"image.default\">\n\t\t\t\t<div class=\"elementor-widget-container\">\n\t\t\t\t\t\t\t\t\t\t\t\t\t\t\t<img loading=\"lazy\" decoding=\"async\" width=\"800\" height=\"430\" src=\"https:\/\/hinno.ch\/wp-content\/uploads\/2022\/08\/hinno-clic-uebersicht-schlaufenvorhang.jpg\" class=\"attachment-large size-large wp-image-1177\" alt=\"\" srcset=\"https:\/\/hinno.ch\/wp-content\/uploads\/2022\/08\/hinno-clic-uebersicht-schlaufenvorhang.jpg 800w, https:\/\/hinno.ch\/wp-content\/uploads\/2022\/08\/hinno-clic-uebersicht-schlaufenvorhang-300x161.jpg 300w, https:\/\/hinno.ch\/wp-content\/uploads\/2022\/08\/hinno-clic-uebersicht-schlaufenvorhang-768x413.jpg 768w\" sizes=\"(max-width: 800px) 100vw, 800px\" \/>\t\t\t\t\t\t\t\t\t\t\t\t\t\t\t<\/div>\n\t\t\t\t<\/div>\n\t\t\t\t<div class=\"elementor-element elementor-element-754e7cc elementor-widget elementor-widget-text-editor\" data-id=\"754e7cc\" data-element_type=\"widget\" data-e-type=\"widget\" data-widget_type=\"text-editor.default\">\n\t\t\t\t<div class=\"elementor-widget-container\">\n\t\t\t\t\t\t\t\t\t<h2>Clic Loop<\/h2><p>Rideaux \u00e0 passants avec une poign\u00e9e et deux &#8220;clics&#8221;, passant par passant, rapidement mont\u00e9s. <a href=\"https:\/\/hinno.ch\/fr\/des-produits\/clic-loop-pour-rideaux-a-bretelles\/\">Vers Clic Loop<\/a><\/p>\t\t\t\t\t\t\t\t<\/div>\n\t\t\t\t<\/div>\n\t\t\t\t\t<\/div>\n\t\t<\/div>\n\t\t\t\t<div class=\"elementor-column elementor-col-33 elementor-top-column elementor-element elementor-element-f04e449\" data-id=\"f04e449\" data-element_type=\"column\" data-e-type=\"column\">\n\t\t\t<div class=\"elementor-widget-wrap elementor-element-populated\">\n\t\t\t\t\t\t<div class=\"elementor-element elementor-element-31b99e1 elementor-widget elementor-widget-image\" data-id=\"31b99e1\" data-element_type=\"widget\" data-e-type=\"widget\" data-widget_type=\"image.default\">\n\t\t\t\t<div class=\"elementor-widget-container\">\n\t\t\t\t\t\t\t\t\t\t\t\t\t\t\t<img loading=\"lazy\" decoding=\"async\" width=\"800\" height=\"430\" src=\"https:\/\/hinno.ch\/wp-content\/uploads\/2022\/05\/hinno-clic-home-jeden-vorhang-vorhanghaken-vorhanggleiter.jpg\" class=\"attachment-large size-large wp-image-99\" alt=\"\" srcset=\"https:\/\/hinno.ch\/wp-content\/uploads\/2022\/05\/hinno-clic-home-jeden-vorhang-vorhanghaken-vorhanggleiter.jpg 800w, https:\/\/hinno.ch\/wp-content\/uploads\/2022\/05\/hinno-clic-home-jeden-vorhang-vorhanghaken-vorhanggleiter-300x161.jpg 300w, https:\/\/hinno.ch\/wp-content\/uploads\/2022\/05\/hinno-clic-home-jeden-vorhang-vorhanghaken-vorhanggleiter-768x413.jpg 768w\" sizes=\"(max-width: 800px) 100vw, 800px\" \/>\t\t\t\t\t\t\t\t\t\t\t\t\t\t\t<\/div>\n\t\t\t\t<\/div>\n\t\t\t\t<div class=\"elementor-element elementor-element-e68677a elementor-widget elementor-widget-text-editor\" data-id=\"e68677a\" data-element_type=\"widget\" data-e-type=\"widget\" data-widget_type=\"text-editor.default\">\n\t\t\t\t<div class=\"elementor-widget-container\">\n\t\t\t\t\t\t\t\t\t<h2>Clic Panel<\/h2><p>Les syst\u00e8mes de panneaux japonais HINNO Clic existent en trois variantes, \u00e9galement pour les grandes largeurs et sous forme de kits. <a href=\"https:\/\/hinno.ch\/fr\/des-produits\/systeme-de-rideaux-a-panneaux-clic-panel\/\">Vers Clic Panel<\/a><\/p>\t\t\t\t\t\t\t\t<\/div>\n\t\t\t\t<\/div>\n\t\t\t\t\t<\/div>\n\t\t<\/div>\n\t\t\t\t\t<\/div>\n\t\t<\/section>\n\t\t\t\t<section class=\"elementor-section elementor-top-section elementor-element elementor-element-259aade elementor-section-boxed elementor-section-height-default elementor-section-height-default\" data-id=\"259aade\" data-element_type=\"section\" data-e-type=\"section\">\n\t\t\t\t\t\t<div class=\"elementor-container elementor-column-gap-default\">\n\t\t\t\t\t<div class=\"elementor-column elementor-col-33 elementor-top-column elementor-element elementor-element-4428576\" data-id=\"4428576\" data-element_type=\"column\" data-e-type=\"column\">\n\t\t\t<div class=\"elementor-widget-wrap elementor-element-populated\">\n\t\t\t\t\t\t<div class=\"elementor-element elementor-element-50ecdb9 elementor-widget elementor-widget-image\" data-id=\"50ecdb9\" data-element_type=\"widget\" data-e-type=\"widget\" data-widget_type=\"image.default\">\n\t\t\t\t<div class=\"elementor-widget-container\">\n\t\t\t\t\t\t\t\t\t\t\t\t\t\t\t<img loading=\"lazy\" decoding=\"async\" width=\"800\" height=\"430\" src=\"https:\/\/hinno.ch\/wp-content\/uploads\/2022\/08\/hinno-clic-uebersicht-stop.jpg\" class=\"attachment-large size-large wp-image-1162\" alt=\"\" srcset=\"https:\/\/hinno.ch\/wp-content\/uploads\/2022\/08\/hinno-clic-uebersicht-stop.jpg 800w, https:\/\/hinno.ch\/wp-content\/uploads\/2022\/08\/hinno-clic-uebersicht-stop-300x161.jpg 300w, https:\/\/hinno.ch\/wp-content\/uploads\/2022\/08\/hinno-clic-uebersicht-stop-768x413.jpg 768w\" sizes=\"(max-width: 800px) 100vw, 800px\" \/>\t\t\t\t\t\t\t\t\t\t\t\t\t\t\t<\/div>\n\t\t\t\t<\/div>\n\t\t\t\t<div class=\"elementor-element elementor-element-f33f042 elementor-widget elementor-widget-text-editor\" data-id=\"f33f042\" data-element_type=\"widget\" data-e-type=\"widget\" data-widget_type=\"text-editor.default\">\n\t\t\t\t<div class=\"elementor-widget-container\">\n\t\t\t\t\t\t\t\t\t<h2><span style=\"color: var( --e-global-color-8a3f0d3 );\">Clic Stop<\/span><\/h2>\n<p>L&#8217;arr\u00eatoir de fin de course et l&#8217;arr\u00eatoir interm\u00e9diaire en un, \u00e0 peine visibles, se montent en trois temps.  <a href=\"https:\/\/hinno.ch\/fr\/des-produits\/clic-stop\/\">Vers Clic Stop<\/a><\/p>\n\t\t\t\t\t\t\t\t<\/div>\n\t\t\t\t<\/div>\n\t\t\t\t\t<\/div>\n\t\t<\/div>\n\t\t\t\t<div class=\"elementor-column elementor-col-33 elementor-top-column elementor-element elementor-element-a031d05\" data-id=\"a031d05\" data-element_type=\"column\" data-e-type=\"column\">\n\t\t\t<div class=\"elementor-widget-wrap elementor-element-populated\">\n\t\t\t\t\t\t<div class=\"elementor-element elementor-element-a05065f elementor-widget elementor-widget-image\" data-id=\"a05065f\" data-element_type=\"widget\" data-e-type=\"widget\" data-widget_type=\"image.default\">\n\t\t\t\t<div class=\"elementor-widget-container\">\n\t\t\t\t\t\t\t\t\t\t\t\t\t\t\t<img loading=\"lazy\" decoding=\"async\" width=\"800\" height=\"430\" src=\"https:\/\/hinno.ch\/wp-content\/uploads\/2022\/08\/produkte-hinno-clic-schienenreiniger.jpg\" class=\"attachment-large size-large wp-image-1192\" alt=\"\" srcset=\"https:\/\/hinno.ch\/wp-content\/uploads\/2022\/08\/produkte-hinno-clic-schienenreiniger.jpg 800w, https:\/\/hinno.ch\/wp-content\/uploads\/2022\/08\/produkte-hinno-clic-schienenreiniger-300x161.jpg 300w, https:\/\/hinno.ch\/wp-content\/uploads\/2022\/08\/produkte-hinno-clic-schienenreiniger-768x413.jpg 768w\" sizes=\"(max-width: 800px) 100vw, 800px\" \/>\t\t\t\t\t\t\t\t\t\t\t\t\t\t\t<\/div>\n\t\t\t\t<\/div>\n\t\t\t\t<div class=\"elementor-element elementor-element-ee263e4 elementor-widget elementor-widget-text-editor\" data-id=\"ee263e4\" data-element_type=\"widget\" data-e-type=\"widget\" data-widget_type=\"text-editor.default\">\n\t\t\t\t<div class=\"elementor-widget-container\">\n\t\t\t\t\t\t\t\t\t<h2 style=\"font-family: Cabin, sans-serif;\">Clic Clean<\/h2><p style=\"caret-color: #5c5b65; color: #5c5b65; font-size: 18px;\">Elimine les r\u00e9sidus de pl\u00e2tre et de peinture s\u00e9ch\u00e9es qui ont p\u00e9n\u00e9tr\u00e9 dans le rail suite \u00e0 des travaux de cr\u00e9pissage ou de peinture. <a href=\"https:\/\/hinno.ch\/fr\/des-produits\/clic-clean\/\">Vers Clic Clean<\/a><\/p>\t\t\t\t\t\t\t\t<\/div>\n\t\t\t\t<\/div>\n\t\t\t\t\t<\/div>\n\t\t<\/div>\n\t\t\t\t<div class=\"elementor-column elementor-col-33 elementor-top-column elementor-element elementor-element-9145bbe\" data-id=\"9145bbe\" data-element_type=\"column\" data-e-type=\"column\">\n\t\t\t<div class=\"elementor-widget-wrap elementor-element-populated\">\n\t\t\t\t\t\t<div class=\"elementor-element elementor-element-775eb4d elementor-widget elementor-widget-image\" data-id=\"775eb4d\" data-element_type=\"widget\" data-e-type=\"widget\" data-widget_type=\"image.default\">\n\t\t\t\t<div class=\"elementor-widget-container\">\n\t\t\t\t\t\t\t\t\t\t\t\t\t\t\t<img loading=\"lazy\" decoding=\"async\" width=\"800\" height=\"430\" src=\"https:\/\/hinno.ch\/wp-content\/uploads\/2022\/08\/produkte-hinno-clic-ausklinkzange2.jpg\" class=\"attachment-large size-large wp-image-1189\" alt=\"\" srcset=\"https:\/\/hinno.ch\/wp-content\/uploads\/2022\/08\/produkte-hinno-clic-ausklinkzange2.jpg 800w, https:\/\/hinno.ch\/wp-content\/uploads\/2022\/08\/produkte-hinno-clic-ausklinkzange2-300x161.jpg 300w, https:\/\/hinno.ch\/wp-content\/uploads\/2022\/08\/produkte-hinno-clic-ausklinkzange2-768x413.jpg 768w\" sizes=\"(max-width: 800px) 100vw, 800px\" \/>\t\t\t\t\t\t\t\t\t\t\t\t\t\t\t<\/div>\n\t\t\t\t<\/div>\n\t\t\t\t<div class=\"elementor-element elementor-element-d2960c4 elementor-widget elementor-widget-text-editor\" data-id=\"d2960c4\" data-element_type=\"widget\" data-e-type=\"widget\" data-widget_type=\"text-editor.default\">\n\t\t\t\t<div class=\"elementor-widget-container\">\n\t\t\t\t\t\t\t\t\t<h2>Clic Release<\/h2><p>La pince \u00e0 encocher avec poin\u00e7ons entiers et demi-poin\u00e7ons ainsi que des t\u00eates de poin\u00e7onnage orientables \u00e0 souhait : <a href=\"https:\/\/hinno.ch\/fr\/des-produits\/clic-release\/\">pour Clic Release<\/a><\/p>\t\t\t\t\t\t\t\t<\/div>\n\t\t\t\t<\/div>\n\t\t\t\t\t<\/div>\n\t\t<\/div>\n\t\t\t\t\t<\/div>\n\t\t<\/section>\n\t\t\t\t<section class=\"elementor-section elementor-top-section elementor-element elementor-element-1076aff elementor-section-boxed elementor-section-height-default elementor-section-height-default\" data-id=\"1076aff\" data-element_type=\"section\" data-e-type=\"section\">\n\t\t\t\t\t\t<div class=\"elementor-container elementor-column-gap-default\">\n\t\t\t\t\t<div class=\"elementor-column elementor-col-100 elementor-top-column elementor-element elementor-element-d28a596\" data-id=\"d28a596\" data-element_type=\"column\" data-e-type=\"column\">\n\t\t\t<div class=\"elementor-widget-wrap elementor-element-populated\">\n\t\t\t\t\t\t<div class=\"elementor-element elementor-element-4d57200 elementor-widget elementor-widget-spacer\" data-id=\"4d57200\" data-element_type=\"widget\" data-e-type=\"widget\" data-widget_type=\"spacer.default\">\n\t\t\t\t<div class=\"elementor-widget-container\">\n\t\t\t\t\t\t\t<div class=\"elementor-spacer\">\n\t\t\t<div class=\"elementor-spacer-inner\"><\/div>\n\t\t<\/div>\n\t\t\t\t\t\t<\/div>\n\t\t\t\t<\/div>\n\t\t\t\t\t<\/div>\n\t\t<\/div>\n\t\t\t\t\t<\/div>\n\t\t<\/section>\n\t\t\t\t<\/div>\n\t\t","protected":false},"excerpt":{"rendered":"<p>Aper\u00e7u des produits HINNO Clic :la solution compl\u00e8te pour les accessoires de rideaux et le montage en un clin d&#8217;\u0153il Les glisseurs originaux Clic transforment tout type de rideau, de voilage et de syst\u00e8me de rideau en une solution hautement fonctionnelle qui se clipse simplement dans le rail de rideau &#8211; de mani\u00e8re tr\u00e8s pratique [&hellip;]<\/p>\n","protected":false},"author":3,"featured_media":0,"parent":289,"menu_order":0,"comment_status":"closed","ping_status":"closed","template":"","meta":{"_acf_changed":false,"footnotes":""},"class_list":["post-4719","page","type-page","status-publish","hentry"],"acf":[],"_links":{"self":[{"href":"https:\/\/hinno.ch\/fr\/wp-json\/wp\/v2\/pages\/4719","targetHints":{"allow":["GET"]}}],"collection":[{"href":"https:\/\/hinno.ch\/fr\/wp-json\/wp\/v2\/pages"}],"about":[{"href":"https:\/\/hinno.ch\/fr\/wp-json\/wp\/v2\/types\/page"}],"author":[{"embeddable":true,"href":"https:\/\/hinno.ch\/fr\/wp-json\/wp\/v2\/users\/3"}],"replies":[{"embeddable":true,"href":"https:\/\/hinno.ch\/fr\/wp-json\/wp\/v2\/comments?post=4719"}],"version-history":[{"count":0,"href":"https:\/\/hinno.ch\/fr\/wp-json\/wp\/v2\/pages\/4719\/revisions"}],"up":[{"embeddable":true,"href":"https:\/\/hinno.ch\/fr\/wp-json\/wp\/v2\/pages\/289"}],"wp:attachment":[{"href":"https:\/\/hinno.ch\/fr\/wp-json\/wp\/v2\/media?parent=4719"}],"curies":[{"name":"wp","href":"https:\/\/api.w.org\/{rel}","templated":true}]}}