{"id":4749,"date":"2022-09-05T13:50:14","date_gmt":"2022-09-05T13:50:14","guid":{"rendered":"https:\/\/hinno.ch\/des-produits\/systemes-de-rideaux-dondes-clic-curve\/"},"modified":"2026-02-13T09:47:15","modified_gmt":"2026-02-13T09:47:15","slug":"systemes-de-rideaux-dondes-clic-curve","status":"publish","type":"page","link":"https:\/\/hinno.ch\/fr\/des-produits\/systemes-de-rideaux-dondes-clic-curve\/","title":{"rendered":"Syst\u00e8mes de rideaux d&#8217;ondes Clic Curve"},"content":{"rendered":"\t\t<div data-elementor-type=\"wp-page\" data-elementor-id=\"4749\" class=\"elementor elementor-4749 elementor-2649\" data-elementor-post-type=\"page\">\n\t\t\t\t\t\t<section class=\"elementor-section elementor-top-section elementor-element elementor-element-8893159 elementor-section-stretched elementor-section-boxed elementor-section-height-default elementor-section-height-default\" data-id=\"8893159\" data-element_type=\"section\" data-settings=\"{&quot;stretch_section&quot;:&quot;section-stretched&quot;}\">\n\t\t\t\t\t\t<div class=\"elementor-container elementor-column-gap-default\">\n\t\t\t\t\t<div class=\"elementor-column elementor-col-100 elementor-top-column elementor-element elementor-element-369ab10\" data-id=\"369ab10\" data-element_type=\"column\">\n\t\t\t<div class=\"elementor-widget-wrap elementor-element-populated\">\n\t\t\t\t\t\t<div class=\"elementor-element elementor-element-f9661fc elementor-widget elementor-widget-image\" data-id=\"f9661fc\" data-element_type=\"widget\" data-widget_type=\"image.default\">\n\t\t\t\t<div class=\"elementor-widget-container\">\n\t\t\t\t\t\t\t\t\t\t\t\t\t\t\t<img fetchpriority=\"high\" decoding=\"async\" width=\"1167\" height=\"610\" src=\"https:\/\/hinno.ch\/wp-content\/uploads\/2022\/09\/Hinno-Clic-Curve-Wellenvorhang-Schweiz-Slide.jpg\" class=\"attachment-full size-full wp-image-2661\" alt=\"Hinno-Clic-Curve-Wellenvorhang-Schweiz-Slide\" srcset=\"https:\/\/hinno.ch\/wp-content\/uploads\/2022\/09\/Hinno-Clic-Curve-Wellenvorhang-Schweiz-Slide.jpg 1167w, https:\/\/hinno.ch\/wp-content\/uploads\/2022\/09\/Hinno-Clic-Curve-Wellenvorhang-Schweiz-Slide-300x157.jpg 300w, https:\/\/hinno.ch\/wp-content\/uploads\/2022\/09\/Hinno-Clic-Curve-Wellenvorhang-Schweiz-Slide-1024x535.jpg 1024w, https:\/\/hinno.ch\/wp-content\/uploads\/2022\/09\/Hinno-Clic-Curve-Wellenvorhang-Schweiz-Slide-768x401.jpg 768w\" sizes=\"(max-width: 1167px) 100vw, 1167px\" \/>\t\t\t\t\t\t\t\t\t\t\t\t\t\t\t<\/div>\n\t\t\t\t<\/div>\n\t\t\t\t\t<\/div>\n\t\t<\/div>\n\t\t\t\t\t<\/div>\n\t\t<\/section>\n\t\t\t\t<section class=\"elementor-section elementor-top-section elementor-element elementor-element-8fefb59 elementor-section-boxed elementor-section-height-default elementor-section-height-default\" data-id=\"8fefb59\" data-element_type=\"section\">\n\t\t\t\t\t\t<div class=\"elementor-container elementor-column-gap-default\">\n\t\t\t\t\t<div class=\"elementor-column elementor-col-100 elementor-top-column elementor-element elementor-element-839de3b\" data-id=\"839de3b\" data-element_type=\"column\">\n\t\t\t<div class=\"elementor-widget-wrap elementor-element-populated\">\n\t\t\t\t\t\t<div class=\"elementor-element elementor-element-886f4f0 elementor-widget elementor-widget-spacer\" data-id=\"886f4f0\" data-element_type=\"widget\" data-widget_type=\"spacer.default\">\n\t\t\t\t<div class=\"elementor-widget-container\">\n\t\t\t\t\t\t\t<div class=\"elementor-spacer\">\n\t\t\t<div class=\"elementor-spacer-inner\"><\/div>\n\t\t<\/div>\n\t\t\t\t\t\t<\/div>\n\t\t\t\t<\/div>\n\t\t\t\t\t<\/div>\n\t\t<\/div>\n\t\t\t\t\t<\/div>\n\t\t<\/section>\n\t\t\t\t<section class=\"elementor-section elementor-top-section elementor-element elementor-element-7266cc3 elementor-section-boxed elementor-section-height-default elementor-section-height-default\" data-id=\"7266cc3\" data-element_type=\"section\">\n\t\t\t\t\t\t<div class=\"elementor-container elementor-column-gap-default\">\n\t\t\t\t\t<div class=\"elementor-column elementor-col-100 elementor-top-column elementor-element elementor-element-56e0cc3\" data-id=\"56e0cc3\" data-element_type=\"column\">\n\t\t\t<div class=\"elementor-widget-wrap\">\n\t\t\t\t\t\t\t<\/div>\n\t\t<\/div>\n\t\t\t\t\t<\/div>\n\t\t<\/section>\n\t\t\t\t<section class=\"elementor-section elementor-top-section elementor-element elementor-element-570f1d2 elementor-section-boxed elementor-section-height-default elementor-section-height-default\" data-id=\"570f1d2\" data-element_type=\"section\">\n\t\t\t\t\t\t<div class=\"elementor-container elementor-column-gap-default\">\n\t\t\t\t\t<div class=\"elementor-column elementor-col-50 elementor-top-column elementor-element elementor-element-d348eb8\" data-id=\"d348eb8\" data-element_type=\"column\">\n\t\t\t<div class=\"elementor-widget-wrap elementor-element-populated\">\n\t\t\t\t\t\t<div class=\"elementor-element elementor-element-81fe640 elementor-widget elementor-widget-text-editor\" data-id=\"81fe640\" data-element_type=\"widget\" data-widget_type=\"text-editor.default\">\n\t\t\t\t<div class=\"elementor-widget-container\">\n\t\t\t\t\t\t\t\t\t<h1>Syst\u00e8mes de rideaux \u00e0 vagues Clic Curve<\/h1>\t\t\t\t\t\t\t\t<\/div>\n\t\t\t\t<\/div>\n\t\t\t\t<div class=\"elementor-element elementor-element-c17ea40 PlusListe elementor-widget elementor-widget-text-editor\" data-id=\"c17ea40\" data-element_type=\"widget\" data-widget_type=\"text-editor.default\">\n\t\t\t\t<div class=\"elementor-widget-container\">\n\t\t\t\t\t\t\t\t\t<h2>Des vagues \u00e0 l\u2019ondulation r\u00e9guli\u00e8re parfaite<\/h2><p>Les glisseurs HINNO Clic Original sont fix\u00e9s sur une cordelette \u00e0 intervalles de 8 cm afin de donner \u00e0 vos rideaux et voilages une forme de vague \u00e0 la r\u00e9gularit\u00e9 absolue. Que le rideau soit ouvert ou ferm\u00e9, les ondulations Clic Curve lui conf\u00e8re une \u00e9l\u00e9gance harmonieuse.<\/p><p>L\u2019ampleur et la profondeur des vagues peuvent varier : cela d\u00e9pendra de la quantit\u00e9 de tissu utilis\u00e9 entre l\u2019espacement des glisseurs Clic.<\/p><p><em>Certifi\u00e9 ISO 9001 et ISO 14001.<\/em><\/p>\t\t\t\t\t\t\t\t<\/div>\n\t\t\t\t<\/div>\n\t\t\t\t<div class=\"elementor-element elementor-element-1c73387 elementor-widget elementor-widget-spacer\" data-id=\"1c73387\" data-element_type=\"widget\" data-widget_type=\"spacer.default\">\n\t\t\t\t<div class=\"elementor-widget-container\">\n\t\t\t\t\t\t\t<div class=\"elementor-spacer\">\n\t\t\t<div class=\"elementor-spacer-inner\"><\/div>\n\t\t<\/div>\n\t\t\t\t\t\t<\/div>\n\t\t\t\t<\/div>\n\t\t\t\t\t<\/div>\n\t\t<\/div>\n\t\t\t\t<div class=\"elementor-column elementor-col-50 elementor-top-column elementor-element elementor-element-b72a151\" data-id=\"b72a151\" data-element_type=\"column\">\n\t\t\t<div class=\"elementor-widget-wrap elementor-element-populated\">\n\t\t\t\t\t\t<div class=\"elementor-element elementor-element-ef13191 elementor-widget elementor-widget-image\" data-id=\"ef13191\" data-element_type=\"widget\" data-widget_type=\"image.default\">\n\t\t\t\t<div class=\"elementor-widget-container\">\n\t\t\t\t\t\t\t\t\t\t\t\t\t\t\t<img decoding=\"async\" width=\"800\" height=\"600\" src=\"https:\/\/hinno.ch\/wp-content\/uploads\/2025\/06\/Hinno-Clic-Curve-wave-curtain-wellenvorhang-black-and-white.jpg\" class=\"attachment-full size-full wp-image-228459\" alt=\"\" srcset=\"https:\/\/hinno.ch\/wp-content\/uploads\/2025\/06\/Hinno-Clic-Curve-wave-curtain-wellenvorhang-black-and-white.jpg 800w, https:\/\/hinno.ch\/wp-content\/uploads\/2025\/06\/Hinno-Clic-Curve-wave-curtain-wellenvorhang-black-and-white-300x225.jpg 300w, https:\/\/hinno.ch\/wp-content\/uploads\/2025\/06\/Hinno-Clic-Curve-wave-curtain-wellenvorhang-black-and-white-768x576.jpg 768w\" sizes=\"(max-width: 800px) 100vw, 800px\" \/>\t\t\t\t\t\t\t\t\t\t\t\t\t\t\t<\/div>\n\t\t\t\t<\/div>\n\t\t\t\t\t<\/div>\n\t\t<\/div>\n\t\t\t\t\t<\/div>\n\t\t<\/section>\n\t\t\t\t<section class=\"elementor-section elementor-top-section elementor-element elementor-element-39f4bb5 elementor-section-boxed elementor-section-height-default elementor-section-height-default\" data-id=\"39f4bb5\" data-element_type=\"section\">\n\t\t\t\t\t\t<div class=\"elementor-container elementor-column-gap-default\">\n\t\t\t\t\t<div class=\"elementor-column elementor-col-100 elementor-top-column elementor-element elementor-element-860b7bb\" data-id=\"860b7bb\" data-element_type=\"column\">\n\t\t\t<div class=\"elementor-widget-wrap elementor-element-populated\">\n\t\t\t\t\t\t<div class=\"elementor-element elementor-element-5ad69dc elementor-widget-divider--view-line elementor-widget elementor-widget-divider\" data-id=\"5ad69dc\" data-element_type=\"widget\" data-widget_type=\"divider.default\">\n\t\t\t\t<div class=\"elementor-widget-container\">\n\t\t\t\t\t\t\t<div class=\"elementor-divider\">\n\t\t\t<span class=\"elementor-divider-separator\">\n\t\t\t\t\t\t<\/span>\n\t\t<\/div>\n\t\t\t\t\t\t<\/div>\n\t\t\t\t<\/div>\n\t\t\t\t\t<\/div>\n\t\t<\/div>\n\t\t\t\t\t<\/div>\n\t\t<\/section>\n\t\t\t\t<section class=\"elementor-section elementor-top-section elementor-element elementor-element-3d144ec4 elementor-section-boxed elementor-section-height-default elementor-section-height-default\" data-id=\"3d144ec4\" data-element_type=\"section\">\n\t\t\t\t\t\t<div class=\"elementor-container elementor-column-gap-default\">\n\t\t\t\t\t<div class=\"elementor-column elementor-col-33 elementor-top-column elementor-element elementor-element-98fe261\" data-id=\"98fe261\" data-element_type=\"column\">\n\t\t\t<div class=\"elementor-widget-wrap elementor-element-populated\">\n\t\t\t\t\t\t<div class=\"elementor-element elementor-element-561bb9f8 elementor-widget elementor-widget-text-editor\" data-id=\"561bb9f8\" data-element_type=\"widget\" data-widget_type=\"text-editor.default\">\n\t\t\t\t<div class=\"elementor-widget-container\">\n\t\t\t\t\t\t\t\t\t<h3 class=\"p1\">Recommandations<\/h3><p class=\"p1\">Pour nos 2 syst\u00e8mes de rideaux \u00e0 vagues Clic Curve, nous vous recommandons d\u2019utiliser en d\u00e9but et en fin de course notre crochet HH9. Ainsi le fini de la courbe est impeccable. Il en r\u00e9sulte un tomb\u00e9 esth\u00e9tique et harmonieux ; que le rideau soit ouvert ou ferm\u00e9, les vagues tombent \u00e0 la perfection.<\/p>\t\t\t\t\t\t\t\t<\/div>\n\t\t\t\t<\/div>\n\t\t\t\t\t<\/div>\n\t\t<\/div>\n\t\t\t\t<div class=\"elementor-column elementor-col-33 elementor-top-column elementor-element elementor-element-69e2a81d\" data-id=\"69e2a81d\" data-element_type=\"column\">\n\t\t\t<div class=\"elementor-widget-wrap elementor-element-populated\">\n\t\t\t\t\t\t<div class=\"elementor-element elementor-element-00dd87d PlusListe elementor-widget elementor-widget-text-editor\" data-id=\"00dd87d\" data-element_type=\"widget\" data-widget_type=\"text-editor.default\">\n\t\t\t\t<div class=\"elementor-widget-container\">\n\t\t\t\t\t\t\t\t\t<h3 class=\"p1\">Syst\u00e8mes Clic Curve<\/h3><p class=\"p1\">HINNO propose 2 syst\u00e8mes diff\u00e9rents de rideaux ondul\u00e9s :<\/p><ul><li><strong>Clic Curve 1.1<\/strong> avec crochets amovibles HH9 et rails SIXO 6. Pour le nettoyage, les glisseurs Clic Curve 1.1 restent dans le rail (cf photo). Le rideau est \u00a0 d\u00e9croch\u00e9 et lav\u00e9 avec les crochets. .<\/li><li><strong>Clic Curve 2.0<\/strong> avec glisseurs et crochets HH10 fixes pour rails SIXO 6.<\/li><\/ul>\t\t\t\t\t\t\t\t<\/div>\n\t\t\t\t<\/div>\n\t\t\t\t\t<\/div>\n\t\t<\/div>\n\t\t\t\t<div class=\"elementor-column elementor-col-33 elementor-top-column elementor-element elementor-element-4584faf3\" data-id=\"4584faf3\" data-element_type=\"column\" data-settings=\"{&quot;background_background&quot;:&quot;classic&quot;}\">\n\t\t\t<div class=\"elementor-widget-wrap elementor-element-populated\">\n\t\t\t\t\t\t<div class=\"elementor-element elementor-element-a0cd665 elementor-widget elementor-widget-image\" data-id=\"a0cd665\" data-element_type=\"widget\" data-widget_type=\"image.default\">\n\t\t\t\t<div class=\"elementor-widget-container\">\n\t\t\t\t\t\t\t\t\t\t\t\t\t\t\t<img decoding=\"async\" src=\"https:\/\/hinno.ch\/wp-content\/uploads\/elementor\/thumbs\/Hinno-Clic-Curve-Wellenvorhang-stechhaken-hh9-pyf2i1xufvqh3k6tohtzzop5ejoe5r06fje0zvxrto.jpg\" title=\"Hinno-Clic-Curve-Wellenvorhang-stechhaken-hh9\" alt=\"Hinno-Clic-Curve-Wellenvorhang-stechhaken-hh9\" loading=\"lazy\" \/>\t\t\t\t\t\t\t\t\t\t\t\t\t\t\t<\/div>\n\t\t\t\t<\/div>\n\t\t\t\t\t<\/div>\n\t\t<\/div>\n\t\t\t\t\t<\/div>\n\t\t<\/section>\n\t\t\t\t<section class=\"elementor-section elementor-top-section elementor-element elementor-element-a2b98eb elementor-section-boxed elementor-section-height-default elementor-section-height-default\" data-id=\"a2b98eb\" data-element_type=\"section\">\n\t\t\t\t\t\t<div class=\"elementor-container elementor-column-gap-default\">\n\t\t\t\t\t<div class=\"elementor-column elementor-col-100 elementor-top-column elementor-element elementor-element-a808253\" data-id=\"a808253\" data-element_type=\"column\">\n\t\t\t<div class=\"elementor-widget-wrap elementor-element-populated\">\n\t\t\t\t\t\t<div class=\"elementor-element elementor-element-a88c329 elementor-widget-divider--view-line elementor-widget elementor-widget-divider\" data-id=\"a88c329\" data-element_type=\"widget\" data-widget_type=\"divider.default\">\n\t\t\t\t<div class=\"elementor-widget-container\">\n\t\t\t\t\t\t\t<div class=\"elementor-divider\">\n\t\t\t<span class=\"elementor-divider-separator\">\n\t\t\t\t\t\t<\/span>\n\t\t<\/div>\n\t\t\t\t\t\t<\/div>\n\t\t\t\t<\/div>\n\t\t\t\t\t<\/div>\n\t\t<\/div>\n\t\t\t\t\t<\/div>\n\t\t<\/section>\n\t\t\t\t<section class=\"elementor-section elementor-top-section elementor-element elementor-element-d92173c elementor-section-boxed elementor-section-height-default elementor-section-height-default\" data-id=\"d92173c\" data-element_type=\"section\">\n\t\t\t\t\t\t<div class=\"elementor-container elementor-column-gap-default\">\n\t\t\t\t\t<div class=\"elementor-column elementor-col-50 elementor-top-column elementor-element elementor-element-c3d2b04\" data-id=\"c3d2b04\" data-element_type=\"column\">\n\t\t\t<div class=\"elementor-widget-wrap elementor-element-populated\">\n\t\t\t\t\t\t<div class=\"elementor-element elementor-element-e9b14fa PlusListe elementor-widget elementor-widget-text-editor\" data-id=\"e9b14fa\" data-element_type=\"widget\" data-widget_type=\"text-editor.default\">\n\t\t\t\t<div class=\"elementor-widget-container\">\n\t\t\t\t\t\t\t\t\t<h3>Cl\u00e9 glisseurs Clic Curve<\/h3><p class=\"p2\">Gr\u00e2ce au contr\u00f4le qualit\u00e9 rigoureux de HINNO, les dommages sur les glisseurs individuels peuvent tout au plus r\u00e9sulter d&#8217;un stockage ou d&#8217;un montage inappropri\u00e9.<\/p><p class=\"p2\">Mais m\u00eame dans ce cas exceptionnel, HINNO a tout pr\u00e9vu : gr\u00e2ce \u00e0 une &#8220;cl\u00e9 \u00e0 glisseur&#8221; Clic sp\u00e9cialement d\u00e9velopp\u00e9e, il est possible de retirer sans probl\u00e8me un glisseur d\u00e9fectueux de la corde et de le remplacer par un nouveau glisseur Clic \u2013 sans avoir \u00e0 retirer enti\u00e8rement le rideau \u00e0 vagues du rail !<\/p>\t\t\t\t\t\t\t\t<\/div>\n\t\t\t\t<\/div>\n\t\t\t\t<div class=\"elementor-element elementor-element-8d320e0 elementor-widget elementor-widget-spacer\" data-id=\"8d320e0\" data-element_type=\"widget\" data-widget_type=\"spacer.default\">\n\t\t\t\t<div class=\"elementor-widget-container\">\n\t\t\t\t\t\t\t<div class=\"elementor-spacer\">\n\t\t\t<div class=\"elementor-spacer-inner\"><\/div>\n\t\t<\/div>\n\t\t\t\t\t\t<\/div>\n\t\t\t\t<\/div>\n\t\t\t\t\t<\/div>\n\t\t<\/div>\n\t\t\t\t<div class=\"elementor-column elementor-col-50 elementor-top-column elementor-element elementor-element-fb6c8e1\" data-id=\"fb6c8e1\" data-element_type=\"column\">\n\t\t\t<div class=\"elementor-widget-wrap elementor-element-populated\">\n\t\t\t\t\t\t<div class=\"elementor-element elementor-element-2008e7d elementor-widget elementor-widget-video\" data-id=\"2008e7d\" data-element_type=\"widget\" data-settings=\"{&quot;video_type&quot;:&quot;vimeo&quot;}\" data-widget_type=\"video.default\">\n\t\t\t\t<div class=\"elementor-widget-container\">\n\t\t\t\t\t\t\t<div class=\"elementor-wrapper elementor-open-inline\">\n\t\t\t<iframe class=\"elementor-video-iframe\" allowfullscreen allow=\"clipboard-write\" title=\"Lecteur vid\u00e9o vimeo\" src=\"https:\/\/player.vimeo.com\/video\/1071715268?color&amp;autopause=0&amp;loop=0&amp;muted=0&amp;title=1&amp;portrait=1&amp;byline=1#t=\"><\/iframe>\t\t<\/div>\n\t\t\t\t\t\t<\/div>\n\t\t\t\t<\/div>\n\t\t\t\t\t<\/div>\n\t\t<\/div>\n\t\t\t\t\t<\/div>\n\t\t<\/section>\n\t\t\t\t<section class=\"elementor-section elementor-top-section elementor-element elementor-element-b2bc903 elementor-section-boxed elementor-section-height-default elementor-section-height-default\" data-id=\"b2bc903\" data-element_type=\"section\">\n\t\t\t\t\t\t<div class=\"elementor-container elementor-column-gap-default\">\n\t\t\t\t\t<div class=\"elementor-column elementor-col-100 elementor-top-column elementor-element elementor-element-7f06b41\" data-id=\"7f06b41\" data-element_type=\"column\">\n\t\t\t<div class=\"elementor-widget-wrap elementor-element-populated\">\n\t\t\t\t\t\t<div class=\"elementor-element elementor-element-553985d elementor-widget-divider--view-line elementor-widget elementor-widget-divider\" data-id=\"553985d\" data-element_type=\"widget\" data-widget_type=\"divider.default\">\n\t\t\t\t<div class=\"elementor-widget-container\">\n\t\t\t\t\t\t\t<div class=\"elementor-divider\">\n\t\t\t<span class=\"elementor-divider-separator\">\n\t\t\t\t\t\t<\/span>\n\t\t<\/div>\n\t\t\t\t\t\t<\/div>\n\t\t\t\t<\/div>\n\t\t\t\t\t<\/div>\n\t\t<\/div>\n\t\t\t\t\t<\/div>\n\t\t<\/section>\n\t\t\t\t<section class=\"elementor-section elementor-top-section elementor-element elementor-element-6bf61d4 elementor-section-boxed elementor-section-height-default elementor-section-height-default\" data-id=\"6bf61d4\" data-element_type=\"section\">\n\t\t\t\t\t\t<div class=\"elementor-container elementor-column-gap-default\">\n\t\t\t\t\t<div class=\"elementor-column elementor-col-100 elementor-top-column elementor-element elementor-element-0d400da\" data-id=\"0d400da\" data-element_type=\"column\">\n\t\t\t<div class=\"elementor-widget-wrap elementor-element-populated\">\n\t\t\t\t\t\t<div class=\"elementor-element elementor-element-40bd690 PlusListe elementor-widget elementor-widget-text-editor\" data-id=\"40bd690\" data-element_type=\"widget\" data-widget_type=\"text-editor.default\">\n\t\t\t\t<div class=\"elementor-widget-container\">\n\t\t\t\t\t\t\t\t\t<h3>Liens compl\u00e9mentaires :<\/h3><ul><li>Catalogue de produits HINNO Clic (pages 32 \u00e0 35) : <a href=\"https:\/\/hinno.ch\/wp-content\/uploads\/2025\/10\/Catalogue-de-produits.pdf\">PDF \u00e0 t\u00e9l\u00e9charger<\/a><\/li><li>Instructions de montage Clic Curve 1.1 : <a href=\"https:\/\/hinno.ch\/wp-content\/uploads\/2022\/11\/Anleitung-Curve-1_1-FR.pdf\">PDF \u00e0 t\u00e9l\u00e9charger<\/a><\/li><li>Instructions de montage Clic Curve 2.0 : <a href=\"https:\/\/hinno.ch\/wp-content\/uploads\/2022\/11\/Anleitung-Curve-2_0-FR.pdf\">PDF \u00e0 t\u00e9l\u00e9charger<\/a><\/li><\/ul>\t\t\t\t\t\t\t\t<\/div>\n\t\t\t\t<\/div>\n\t\t\t\t\t<\/div>\n\t\t<\/div>\n\t\t\t\t\t<\/div>\n\t\t<\/section>\n\t\t\t\t<section class=\"elementor-section elementor-top-section elementor-element elementor-element-4065161 elementor-section-boxed elementor-section-height-default elementor-section-height-default\" data-id=\"4065161\" data-element_type=\"section\">\n\t\t\t\t\t\t<div class=\"elementor-container elementor-column-gap-default\">\n\t\t\t\t\t<div class=\"elementor-column elementor-col-100 elementor-top-column elementor-element elementor-element-f09fc66\" data-id=\"f09fc66\" data-element_type=\"column\">\n\t\t\t<div class=\"elementor-widget-wrap elementor-element-populated\">\n\t\t\t\t\t\t<div class=\"elementor-element elementor-element-710bf0e elementor-widget elementor-widget-spacer\" data-id=\"710bf0e\" data-element_type=\"widget\" data-widget_type=\"spacer.default\">\n\t\t\t\t<div class=\"elementor-widget-container\">\n\t\t\t\t\t\t\t<div class=\"elementor-spacer\">\n\t\t\t<div class=\"elementor-spacer-inner\"><\/div>\n\t\t<\/div>\n\t\t\t\t\t\t<\/div>\n\t\t\t\t<\/div>\n\t\t\t\t\t<\/div>\n\t\t<\/div>\n\t\t\t\t\t<\/div>\n\t\t<\/section>\n\t\t\t\t<\/div>\n\t\t","protected":false},"excerpt":{"rendered":"<p>Syst\u00e8mes de rideaux \u00e0 vagues Clic Curve Des vagues \u00e0 l\u2019ondulation r\u00e9guli\u00e8re parfaite Les glisseurs HINNO Clic Original sont fix\u00e9s sur une cordelette \u00e0 intervalles de 8 cm afin de donner \u00e0 vos rideaux et voilages une forme de vague \u00e0 la r\u00e9gularit\u00e9 absolue. Que le rideau soit ouvert ou ferm\u00e9, les ondulations Clic Curve [&hellip;]<\/p>\n","protected":false},"author":3,"featured_media":0,"parent":289,"menu_order":0,"comment_status":"closed","ping_status":"closed","template":"","meta":{"_acf_changed":false,"footnotes":""},"class_list":["post-4749","page","type-page","status-publish","hentry"],"acf":[],"_links":{"self":[{"href":"https:\/\/hinno.ch\/fr\/wp-json\/wp\/v2\/pages\/4749","targetHints":{"allow":["GET"]}}],"collection":[{"href":"https:\/\/hinno.ch\/fr\/wp-json\/wp\/v2\/pages"}],"about":[{"href":"https:\/\/hinno.ch\/fr\/wp-json\/wp\/v2\/types\/page"}],"author":[{"embeddable":true,"href":"https:\/\/hinno.ch\/fr\/wp-json\/wp\/v2\/users\/3"}],"replies":[{"embeddable":true,"href":"https:\/\/hinno.ch\/fr\/wp-json\/wp\/v2\/comments?post=4749"}],"version-history":[{"count":12,"href":"https:\/\/hinno.ch\/fr\/wp-json\/wp\/v2\/pages\/4749\/revisions"}],"predecessor-version":[{"id":229778,"href":"https:\/\/hinno.ch\/fr\/wp-json\/wp\/v2\/pages\/4749\/revisions\/229778"}],"up":[{"embeddable":true,"href":"https:\/\/hinno.ch\/fr\/wp-json\/wp\/v2\/pages\/289"}],"wp:attachment":[{"href":"https:\/\/hinno.ch\/fr\/wp-json\/wp\/v2\/media?parent=4749"}],"curies":[{"name":"wp","href":"https:\/\/api.w.org\/{rel}","templated":true}]}}