{"id":4821,"date":"2022-09-01T12:30:19","date_gmt":"2022-09-01T12:30:19","guid":{"rendered":"https:\/\/hinno.ch\/des-produits\/clic-release\/"},"modified":"2026-02-13T10:14:41","modified_gmt":"2026-02-13T10:14:41","slug":"clic-release","status":"publish","type":"page","link":"https:\/\/hinno.ch\/fr\/des-produits\/clic-release\/","title":{"rendered":"Clic Release"},"content":{"rendered":"\t\t<div data-elementor-type=\"wp-page\" data-elementor-id=\"4821\" class=\"elementor elementor-4821 elementor-2469\" data-elementor-post-type=\"page\">\n\t\t\t\t\t\t<section class=\"elementor-section elementor-top-section elementor-element elementor-element-8893159 elementor-section-stretched elementor-section-boxed elementor-section-height-default elementor-section-height-default\" data-id=\"8893159\" data-element_type=\"section\" data-e-type=\"section\" data-settings=\"{&quot;stretch_section&quot;:&quot;section-stretched&quot;}\">\n\t\t\t\t\t\t<div class=\"elementor-container elementor-column-gap-default\">\n\t\t\t\t\t<div class=\"elementor-column elementor-col-100 elementor-top-column elementor-element elementor-element-07db120\" data-id=\"07db120\" data-element_type=\"column\" data-e-type=\"column\">\n\t\t\t<div class=\"elementor-widget-wrap elementor-element-populated\">\n\t\t\t\t\t\t<div class=\"elementor-element elementor-element-de58f8e elementor-widget elementor-widget-video\" data-id=\"de58f8e\" data-element_type=\"widget\" data-e-type=\"widget\" data-settings=\"{&quot;video_type&quot;:&quot;vimeo&quot;}\" data-widget_type=\"video.default\">\n\t\t\t\t<div class=\"elementor-widget-container\">\n\t\t\t\t\t\t\t<div class=\"elementor-wrapper elementor-open-inline\">\n\t\t\t<iframe class=\"elementor-video-iframe\" allowfullscreen allow=\"clipboard-write\" title=\"Lecteur vid\u00e9o vimeo\" src=\"https:\/\/player.vimeo.com\/video\/1014691516?color&amp;autopause=0&amp;loop=0&amp;muted=0&amp;title=0&amp;portrait=0&amp;byline=0#t=\"><\/iframe>\t\t<\/div>\n\t\t\t\t\t\t<\/div>\n\t\t\t\t<\/div>\n\t\t\t\t\t<\/div>\n\t\t<\/div>\n\t\t\t\t\t<\/div>\n\t\t<\/section>\n\t\t\t\t<section class=\"elementor-section elementor-top-section elementor-element elementor-element-8fefb59 elementor-section-boxed elementor-section-height-default elementor-section-height-default\" data-id=\"8fefb59\" data-element_type=\"section\" data-e-type=\"section\">\n\t\t\t\t\t\t<div class=\"elementor-container elementor-column-gap-default\">\n\t\t\t\t\t<div class=\"elementor-column elementor-col-100 elementor-top-column elementor-element elementor-element-839de3b\" data-id=\"839de3b\" data-element_type=\"column\" data-e-type=\"column\">\n\t\t\t<div class=\"elementor-widget-wrap elementor-element-populated\">\n\t\t\t\t\t\t<div class=\"elementor-element elementor-element-886f4f0 elementor-widget elementor-widget-spacer\" data-id=\"886f4f0\" data-element_type=\"widget\" data-e-type=\"widget\" data-widget_type=\"spacer.default\">\n\t\t\t\t<div class=\"elementor-widget-container\">\n\t\t\t\t\t\t\t<div class=\"elementor-spacer\">\n\t\t\t<div class=\"elementor-spacer-inner\"><\/div>\n\t\t<\/div>\n\t\t\t\t\t\t<\/div>\n\t\t\t\t<\/div>\n\t\t\t\t\t<\/div>\n\t\t<\/div>\n\t\t\t\t\t<\/div>\n\t\t<\/section>\n\t\t\t\t<section class=\"elementor-section elementor-top-section elementor-element elementor-element-7266cc3 elementor-section-boxed elementor-section-height-default elementor-section-height-default\" data-id=\"7266cc3\" data-element_type=\"section\" data-e-type=\"section\">\n\t\t\t\t\t\t<div class=\"elementor-container elementor-column-gap-default\">\n\t\t\t\t\t<div class=\"elementor-column elementor-col-100 elementor-top-column elementor-element elementor-element-56e0cc3\" data-id=\"56e0cc3\" data-element_type=\"column\" data-e-type=\"column\">\n\t\t\t<div class=\"elementor-widget-wrap\">\n\t\t\t\t\t\t\t<\/div>\n\t\t<\/div>\n\t\t\t\t\t<\/div>\n\t\t<\/section>\n\t\t\t\t<section class=\"elementor-section elementor-top-section elementor-element elementor-element-570f1d2 elementor-section-boxed elementor-section-height-default elementor-section-height-default\" data-id=\"570f1d2\" data-element_type=\"section\" data-e-type=\"section\">\n\t\t\t\t\t\t<div class=\"elementor-container elementor-column-gap-default\">\n\t\t\t\t\t<div class=\"elementor-column elementor-col-50 elementor-top-column elementor-element elementor-element-d348eb8\" data-id=\"d348eb8\" data-element_type=\"column\" data-e-type=\"column\">\n\t\t\t<div class=\"elementor-widget-wrap elementor-element-populated\">\n\t\t\t\t\t\t<div class=\"elementor-element elementor-element-81fe640 elementor-widget elementor-widget-text-editor\" data-id=\"81fe640\" data-element_type=\"widget\" data-e-type=\"widget\" data-widget_type=\"text-editor.default\">\n\t\t\t\t<div class=\"elementor-widget-container\">\n\t\t\t\t\t\t\t\t\t<h1>Pince \u00e0 encocher Clic Release avec t\u00eates de poin\u00e7onnages \u00e0 poin\u00e7ons entiers ou demi-poin\u00e7ons<\/h1>\t\t\t\t\t\t\t\t<\/div>\n\t\t\t\t<\/div>\n\t\t\t\t<div class=\"elementor-element elementor-element-c17ea40 PlusListe elementor-widget elementor-widget-text-editor\" data-id=\"c17ea40\" data-element_type=\"widget\" data-e-type=\"widget\" data-widget_type=\"text-editor.default\">\n\t\t\t\t<div class=\"elementor-widget-container\">\n\t\t\t\t\t\t\t\t\t<h2>Pour des encoches pr\u00e9cises en toutes circonstances<\/h2><div>La pince \u00e0 encocher Clic Release HINNO<\/div><div>\u00a0<\/div><ul><li>Adapt\u00e9e \u00e0 tous les syst\u00e8mes de rails courants \u00a0 \u00a0 \u00a0 \u00a0 \u00a0 \u00a0 \u00a0 \u00a0<\/li><li>T\u00eates de poin\u00e7onnage avec demi-poin\u00e7on ou poin\u00e7on entier \u00a0 \u00a0 \u00a0 \u00a0 \u00a0 \u00a0 \u00a0 \u00a0 \u00a0 \u00a0 \u00a0<\/li><li>Remplacement facile des t\u00eates de poin\u00e7onnage<\/li><li>Encochage \u00e0 une seule main gr\u00e2ce \u00e0 un \u00e9cartement faible des poign\u00e9es<\/li><li>Encocher dans tous les angles et toutes les positions gr\u00e2ce aux t\u00eates de poin\u00e7on auto-ajustables \u00a0<\/li><li>Lors de l\u2019utilisation de demi-poin\u00e7ons sur des rails \u00e0 rideaux d\u00e9j\u00e0 install\u00e9s, pour r\u00e9aliser l\u2019encoche du second c\u00f4t\u00e9 du rail, un guidage constitu\u00e9 d\u2019une bille en laiton \u00e0 ressort positionne l\u2019outil avec pr\u00e9cision afin d\u2019obtenir une encoche plac\u00e9e parfaitement face \u00e0 la premi\u00e8re.<\/li><\/ul><div>\u00a0<\/div><div>En accessoire, un coffret vide pour pince \u00e0 encocher HINNO ClicRelease et t\u00eates de poin\u00e7onnage est propos\u00e9 pour un rangement compact et optimal.<\/div>\t\t\t\t\t\t\t\t<\/div>\n\t\t\t\t<\/div>\n\t\t\t\t<div class=\"elementor-element elementor-element-1c73387 elementor-widget elementor-widget-spacer\" data-id=\"1c73387\" data-element_type=\"widget\" data-e-type=\"widget\" data-widget_type=\"spacer.default\">\n\t\t\t\t<div class=\"elementor-widget-container\">\n\t\t\t\t\t\t\t<div class=\"elementor-spacer\">\n\t\t\t<div class=\"elementor-spacer-inner\"><\/div>\n\t\t<\/div>\n\t\t\t\t\t\t<\/div>\n\t\t\t\t<\/div>\n\t\t\t\t\t<\/div>\n\t\t<\/div>\n\t\t\t\t<div class=\"elementor-column elementor-col-50 elementor-top-column elementor-element elementor-element-b72a151\" data-id=\"b72a151\" data-element_type=\"column\" data-e-type=\"column\">\n\t\t\t<div class=\"elementor-widget-wrap elementor-element-populated\">\n\t\t\t\t\t\t<div class=\"elementor-element elementor-element-ef13191 elementor-widget elementor-widget-image\" data-id=\"ef13191\" data-element_type=\"widget\" data-e-type=\"widget\" data-widget_type=\"image.default\">\n\t\t\t\t<div class=\"elementor-widget-container\">\n\t\t\t\t\t\t\t\t\t\t\t\t\t\t\t<img fetchpriority=\"high\" decoding=\"async\" width=\"600\" height=\"453\" src=\"https:\/\/hinno.ch\/wp-content\/uploads\/2022\/09\/hinno-clic-release-ausklinkzange-fuer-raumausstatter-vorhangmontage.jpg\" class=\"attachment-full size-full wp-image-2476\" alt=\"\" srcset=\"https:\/\/hinno.ch\/wp-content\/uploads\/2022\/09\/hinno-clic-release-ausklinkzange-fuer-raumausstatter-vorhangmontage.jpg 600w, https:\/\/hinno.ch\/wp-content\/uploads\/2022\/09\/hinno-clic-release-ausklinkzange-fuer-raumausstatter-vorhangmontage-300x227.jpg 300w\" sizes=\"(max-width: 600px) 100vw, 600px\" \/>\t\t\t\t\t\t\t\t\t\t\t\t\t\t\t<\/div>\n\t\t\t\t<\/div>\n\t\t\t\t\t<\/div>\n\t\t<\/div>\n\t\t\t\t\t<\/div>\n\t\t<\/section>\n\t\t\t\t<section class=\"elementor-section elementor-top-section elementor-element elementor-element-b409ac8 elementor-section-boxed elementor-section-height-default elementor-section-height-default\" data-id=\"b409ac8\" data-element_type=\"section\" data-e-type=\"section\">\n\t\t\t\t\t\t<div class=\"elementor-container elementor-column-gap-default\">\n\t\t\t\t\t<div class=\"elementor-column elementor-col-100 elementor-top-column elementor-element elementor-element-14087ac\" data-id=\"14087ac\" data-element_type=\"column\" data-e-type=\"column\">\n\t\t\t<div class=\"elementor-widget-wrap elementor-element-populated\">\n\t\t\t\t\t\t<div class=\"elementor-element elementor-element-2478dad elementor-widget-divider--view-line elementor-widget elementor-widget-divider\" data-id=\"2478dad\" data-element_type=\"widget\" data-e-type=\"widget\" data-widget_type=\"divider.default\">\n\t\t\t\t<div class=\"elementor-widget-container\">\n\t\t\t\t\t\t\t<div class=\"elementor-divider\">\n\t\t\t<span class=\"elementor-divider-separator\">\n\t\t\t\t\t\t<\/span>\n\t\t<\/div>\n\t\t\t\t\t\t<\/div>\n\t\t\t\t<\/div>\n\t\t\t\t\t<\/div>\n\t\t<\/div>\n\t\t\t\t\t<\/div>\n\t\t<\/section>\n\t\t\t\t<section class=\"elementor-section elementor-top-section elementor-element elementor-element-a214b32 elementor-section-boxed elementor-section-height-default elementor-section-height-default\" data-id=\"a214b32\" data-element_type=\"section\" data-e-type=\"section\">\n\t\t\t\t\t\t<div class=\"elementor-container elementor-column-gap-default\">\n\t\t\t\t\t<div class=\"elementor-column elementor-col-50 elementor-top-column elementor-element elementor-element-5953b9a\" data-id=\"5953b9a\" data-element_type=\"column\" data-e-type=\"column\">\n\t\t\t<div class=\"elementor-widget-wrap elementor-element-populated\">\n\t\t\t\t\t\t<div class=\"elementor-element elementor-element-1e655a7 elementor-widget elementor-widget-video\" data-id=\"1e655a7\" data-element_type=\"widget\" data-e-type=\"widget\" data-settings=\"{&quot;video_type&quot;:&quot;vimeo&quot;}\" data-widget_type=\"video.default\">\n\t\t\t\t<div class=\"elementor-widget-container\">\n\t\t\t\t\t\t\t<div class=\"elementor-wrapper elementor-open-inline\">\n\t\t\t<iframe class=\"elementor-video-iframe\" allowfullscreen allow=\"clipboard-write\" title=\"Lecteur vid\u00e9o vimeo\" src=\"https:\/\/player.vimeo.com\/video\/1014691640?color&amp;autopause=0&amp;loop=0&amp;muted=0&amp;title=0&amp;portrait=0&amp;byline=0#t=\"><\/iframe>\t\t<\/div>\n\t\t\t\t\t\t<\/div>\n\t\t\t\t<\/div>\n\t\t\t\t\t<\/div>\n\t\t<\/div>\n\t\t\t\t<div class=\"elementor-column elementor-col-50 elementor-top-column elementor-element elementor-element-1caca4c\" data-id=\"1caca4c\" data-element_type=\"column\" data-e-type=\"column\">\n\t\t\t<div class=\"elementor-widget-wrap elementor-element-populated\">\n\t\t\t\t\t\t<div class=\"elementor-element elementor-element-8752e39 elementor-widget elementor-widget-text-editor\" data-id=\"8752e39\" data-element_type=\"widget\" data-e-type=\"widget\" data-widget_type=\"text-editor.default\">\n\t\t\t\t<div class=\"elementor-widget-container\">\n\t\t\t\t\t\t\t\t\t<h3>Vid\u00e9o explicative Clic Release<\/h3><p>Toutes les informations utiles de la pr\u00e9paration de la pince \u00e0 encocher \u00e0 son utilisation : qu\u2019il s\u2019agisse d\u2019encocher un rail en atelier en utilisant une t\u00eate de poin\u00e7onnage \u00e0 poin\u00e7on entier ou un rail d\u00e9j\u00e0 mont\u00e9 chez le client en utilisant une t\u00eate avec demi-poin\u00e7on.<\/p>\t\t\t\t\t\t\t\t<\/div>\n\t\t\t\t<\/div>\n\t\t\t\t\t<\/div>\n\t\t<\/div>\n\t\t\t\t\t<\/div>\n\t\t<\/section>\n\t\t\t\t<section class=\"elementor-section elementor-top-section elementor-element elementor-element-82d70cf elementor-section-boxed elementor-section-height-default elementor-section-height-default\" data-id=\"82d70cf\" data-element_type=\"section\" data-e-type=\"section\">\n\t\t\t\t\t\t<div class=\"elementor-container elementor-column-gap-default\">\n\t\t\t\t\t<div class=\"elementor-column elementor-col-100 elementor-top-column elementor-element elementor-element-286c23e\" data-id=\"286c23e\" data-element_type=\"column\" data-e-type=\"column\">\n\t\t\t<div class=\"elementor-widget-wrap elementor-element-populated\">\n\t\t\t\t\t\t<div class=\"elementor-element elementor-element-207f0e9 elementor-widget-divider--view-line elementor-widget elementor-widget-divider\" data-id=\"207f0e9\" data-element_type=\"widget\" data-e-type=\"widget\" data-widget_type=\"divider.default\">\n\t\t\t\t<div class=\"elementor-widget-container\">\n\t\t\t\t\t\t\t<div class=\"elementor-divider\">\n\t\t\t<span class=\"elementor-divider-separator\">\n\t\t\t\t\t\t<\/span>\n\t\t<\/div>\n\t\t\t\t\t\t<\/div>\n\t\t\t\t<\/div>\n\t\t\t\t\t<\/div>\n\t\t<\/div>\n\t\t\t\t\t<\/div>\n\t\t<\/section>\n\t\t\t\t<section class=\"elementor-section elementor-top-section elementor-element elementor-element-9d34128 elementor-section-boxed elementor-section-height-default elementor-section-height-default\" data-id=\"9d34128\" data-element_type=\"section\" data-e-type=\"section\">\n\t\t\t\t\t\t<div class=\"elementor-container elementor-column-gap-default\">\n\t\t\t\t\t<div class=\"elementor-column elementor-col-100 elementor-top-column elementor-element elementor-element-535bf0b\" data-id=\"535bf0b\" data-element_type=\"column\" data-e-type=\"column\">\n\t\t\t<div class=\"elementor-widget-wrap\">\n\t\t\t\t\t\t\t<\/div>\n\t\t<\/div>\n\t\t\t\t\t<\/div>\n\t\t<\/section>\n\t\t\t\t<section class=\"elementor-section elementor-top-section elementor-element elementor-element-6bf61d4 elementor-section-boxed elementor-section-height-default elementor-section-height-default\" data-id=\"6bf61d4\" data-element_type=\"section\" data-e-type=\"section\">\n\t\t\t\t\t\t<div class=\"elementor-container elementor-column-gap-default\">\n\t\t\t\t\t<div class=\"elementor-column elementor-col-100 elementor-top-column elementor-element elementor-element-0d400da\" data-id=\"0d400da\" data-element_type=\"column\" data-e-type=\"column\">\n\t\t\t<div class=\"elementor-widget-wrap elementor-element-populated\">\n\t\t\t\t\t\t<div class=\"elementor-element elementor-element-40bd690 PlusListe elementor-widget elementor-widget-text-editor\" data-id=\"40bd690\" data-element_type=\"widget\" data-e-type=\"widget\" data-widget_type=\"text-editor.default\">\n\t\t\t\t<div class=\"elementor-widget-container\">\n\t\t\t\t\t\t\t\t\t<h3>Liens compl\u00e9mentaires :<\/h3><ul><li>Mode d&#8217;emploi de Clic Release : <a href=\"https:\/\/hinno.ch\/wp-content\/uploads\/2022\/10\/Hinno-300x200-Ausklinkzange-Beileger.pdf\">PDF \u00e0 t\u00e9l\u00e9charger<\/a><\/li><li>Catalogue de produits HINNO Clic : <a href=\"https:\/\/hinno.ch\/wp-content\/uploads\/2025\/10\/Catalogue-de-produits.pdf\">T\u00e9l\u00e9charger le PDF<\/a><\/li><li>Aper\u00e7u des produits HINNO Clic : <a href=\"https:\/\/hinno.ch\/wp-content\/uploads\/2022\/10\/HINNO-Produkt-Ueberblick-2022.pdf\">PDF \u00e0 t\u00e9l\u00e9charger<\/a><\/li><li>Tableau de pi\u00e8ces HINNO Clic pour d\u00e9terminer la taille des rails sans outil de mesure : <a href=\"https:\/\/hinno.ch\/wp-content\/uploads\/2022\/09\/Hinno-Clic-Muenztabelle-Download.pdf\">PDF \u00e0 t\u00e9l\u00e9charger<\/a><\/li><\/ul>\t\t\t\t\t\t\t\t<\/div>\n\t\t\t\t<\/div>\n\t\t\t\t\t<\/div>\n\t\t<\/div>\n\t\t\t\t\t<\/div>\n\t\t<\/section>\n\t\t\t\t<section class=\"elementor-section elementor-top-section elementor-element elementor-element-61a2654 elementor-section-boxed elementor-section-height-default elementor-section-height-default\" data-id=\"61a2654\" data-element_type=\"section\" data-e-type=\"section\">\n\t\t\t\t\t\t<div class=\"elementor-container elementor-column-gap-default\">\n\t\t\t\t\t<div class=\"elementor-column elementor-col-100 elementor-top-column elementor-element elementor-element-4d2b655\" data-id=\"4d2b655\" data-element_type=\"column\" data-e-type=\"column\">\n\t\t\t<div class=\"elementor-widget-wrap elementor-element-populated\">\n\t\t\t\t\t\t<div class=\"elementor-element elementor-element-9d5c2ef elementor-widget elementor-widget-spacer\" data-id=\"9d5c2ef\" data-element_type=\"widget\" data-e-type=\"widget\" data-widget_type=\"spacer.default\">\n\t\t\t\t<div class=\"elementor-widget-container\">\n\t\t\t\t\t\t\t<div class=\"elementor-spacer\">\n\t\t\t<div class=\"elementor-spacer-inner\"><\/div>\n\t\t<\/div>\n\t\t\t\t\t\t<\/div>\n\t\t\t\t<\/div>\n\t\t\t\t\t<\/div>\n\t\t<\/div>\n\t\t\t\t\t<\/div>\n\t\t<\/section>\n\t\t\t\t<\/div>\n\t\t","protected":false},"excerpt":{"rendered":"<p>Pince \u00e0 encocher Clic Release avec t\u00eates de poin\u00e7onnages \u00e0 poin\u00e7ons entiers ou demi-poin\u00e7ons Pour des encoches pr\u00e9cises en toutes circonstances La pince \u00e0 encocher Clic Release HINNO\u00a0 Adapt\u00e9e \u00e0 tous les syst\u00e8mes de rails courants \u00a0 \u00a0 \u00a0 \u00a0 \u00a0 \u00a0 \u00a0 \u00a0 T\u00eates de poin\u00e7onnage avec demi-poin\u00e7on ou poin\u00e7on entier \u00a0 \u00a0 \u00a0 [&hellip;]<\/p>\n","protected":false},"author":3,"featured_media":0,"parent":289,"menu_order":0,"comment_status":"closed","ping_status":"closed","template":"","meta":{"_acf_changed":false,"footnotes":""},"class_list":["post-4821","page","type-page","status-publish","hentry"],"acf":[],"_links":{"self":[{"href":"https:\/\/hinno.ch\/fr\/wp-json\/wp\/v2\/pages\/4821","targetHints":{"allow":["GET"]}}],"collection":[{"href":"https:\/\/hinno.ch\/fr\/wp-json\/wp\/v2\/pages"}],"about":[{"href":"https:\/\/hinno.ch\/fr\/wp-json\/wp\/v2\/types\/page"}],"author":[{"embeddable":true,"href":"https:\/\/hinno.ch\/fr\/wp-json\/wp\/v2\/users\/3"}],"replies":[{"embeddable":true,"href":"https:\/\/hinno.ch\/fr\/wp-json\/wp\/v2\/comments?post=4821"}],"version-history":[{"count":18,"href":"https:\/\/hinno.ch\/fr\/wp-json\/wp\/v2\/pages\/4821\/revisions"}],"predecessor-version":[{"id":229800,"href":"https:\/\/hinno.ch\/fr\/wp-json\/wp\/v2\/pages\/4821\/revisions\/229800"}],"up":[{"embeddable":true,"href":"https:\/\/hinno.ch\/fr\/wp-json\/wp\/v2\/pages\/289"}],"wp:attachment":[{"href":"https:\/\/hinno.ch\/fr\/wp-json\/wp\/v2\/media?parent=4821"}],"curies":[{"name":"wp","href":"https:\/\/api.w.org\/{rel}","templated":true}]}}