{"id":4837,"date":"2022-08-25T16:12:21","date_gmt":"2022-08-25T16:12:21","guid":{"rendered":"https:\/\/hinno.ch\/durabilite\/"},"modified":"2025-11-04T15:13:49","modified_gmt":"2025-11-04T15:13:49","slug":"durabilite","status":"publish","type":"page","link":"https:\/\/hinno.ch\/fr\/durabilite\/","title":{"rendered":"Durabilit\u00e9"},"content":{"rendered":"\t\t<div data-elementor-type=\"wp-page\" data-elementor-id=\"4837\" class=\"elementor elementor-4837 elementor-1519\" data-elementor-post-type=\"page\">\n\t\t\t\t\t\t<section class=\"elementor-section elementor-top-section elementor-element elementor-element-998ee05 elementor-section-stretched elementor-section-full_width elementor-section-height-default elementor-section-height-default\" data-id=\"998ee05\" data-element_type=\"section\" data-e-type=\"section\" data-settings=\"{&quot;stretch_section&quot;:&quot;section-stretched&quot;}\">\n\t\t\t\t\t\t<div class=\"elementor-container elementor-column-gap-default\">\n\t\t\t\t\t<div class=\"elementor-column elementor-col-100 elementor-top-column elementor-element elementor-element-9bab1d0\" data-id=\"9bab1d0\" data-element_type=\"column\" data-e-type=\"column\">\n\t\t\t<div class=\"elementor-widget-wrap elementor-element-populated\">\n\t\t\t\t\t\t<div class=\"elementor-element elementor-element-9c863b3 elementor-widget elementor-widget-image\" data-id=\"9c863b3\" data-element_type=\"widget\" data-e-type=\"widget\" data-widget_type=\"image.default\">\n\t\t\t\t<div class=\"elementor-widget-container\">\n\t\t\t\t\t\t\t\t\t\t\t\t\t\t\t<img fetchpriority=\"high\" decoding=\"async\" width=\"1167\" height=\"600\" src=\"https:\/\/hinno.ch\/wp-content\/uploads\/2022\/08\/hinno-clic-nachhaltigkeit-sliderfoto.jpg\" class=\"attachment-full size-full wp-image-1515\" alt=\"\" srcset=\"https:\/\/hinno.ch\/wp-content\/uploads\/2022\/08\/hinno-clic-nachhaltigkeit-sliderfoto.jpg 1167w, https:\/\/hinno.ch\/wp-content\/uploads\/2022\/08\/hinno-clic-nachhaltigkeit-sliderfoto-300x154.jpg 300w, https:\/\/hinno.ch\/wp-content\/uploads\/2022\/08\/hinno-clic-nachhaltigkeit-sliderfoto-1024x526.jpg 1024w, https:\/\/hinno.ch\/wp-content\/uploads\/2022\/08\/hinno-clic-nachhaltigkeit-sliderfoto-768x395.jpg 768w\" sizes=\"(max-width: 1167px) 100vw, 1167px\" \/>\t\t\t\t\t\t\t\t\t\t\t\t\t\t\t<\/div>\n\t\t\t\t<\/div>\n\t\t\t\t\t<\/div>\n\t\t<\/div>\n\t\t\t\t\t<\/div>\n\t\t<\/section>\n\t\t\t\t<section class=\"elementor-section elementor-top-section elementor-element elementor-element-1076aff elementor-section-boxed elementor-section-height-default elementor-section-height-default\" data-id=\"1076aff\" data-element_type=\"section\" data-e-type=\"section\">\n\t\t\t\t\t\t<div class=\"elementor-container elementor-column-gap-default\">\n\t\t\t\t\t<div class=\"elementor-column elementor-col-100 elementor-top-column elementor-element elementor-element-d28a596\" data-id=\"d28a596\" data-element_type=\"column\" data-e-type=\"column\">\n\t\t\t<div class=\"elementor-widget-wrap\">\n\t\t\t\t\t\t\t<\/div>\n\t\t<\/div>\n\t\t\t\t\t<\/div>\n\t\t<\/section>\n\t\t\t\t<section class=\"elementor-section elementor-top-section elementor-element elementor-element-37e7f448 elementor-section-boxed elementor-section-height-default elementor-section-height-default\" data-id=\"37e7f448\" data-element_type=\"section\" data-e-type=\"section\">\n\t\t\t\t\t\t<div class=\"elementor-container elementor-column-gap-default\">\n\t\t\t\t\t<div class=\"elementor-column elementor-col-50 elementor-top-column elementor-element elementor-element-3480c117\" data-id=\"3480c117\" data-element_type=\"column\" data-e-type=\"column\">\n\t\t\t<div class=\"elementor-widget-wrap elementor-element-populated\">\n\t\t\t\t\t\t<div class=\"elementor-element elementor-element-32afd450 elementor-widget elementor-widget-text-editor\" data-id=\"32afd450\" data-element_type=\"widget\" data-e-type=\"widget\" data-widget_type=\"text-editor.default\">\n\t\t\t\t<div class=\"elementor-widget-container\">\n\t\t\t\t\t\t\t\t\t<h1>Notre ambition : \u00eatre pr\u00e9curseurs en strat\u00e9gie de d\u00e9veloppement durable<\/h1>\t\t\t\t\t\t\t\t<\/div>\n\t\t\t\t<\/div>\n\t\t\t\t<div class=\"elementor-element elementor-element-1c5bdedf elementor-widget elementor-widget-text-editor\" data-id=\"1c5bdedf\" data-element_type=\"widget\" data-e-type=\"widget\" data-widget_type=\"text-editor.default\">\n\t\t\t\t<div class=\"elementor-widget-container\">\n\t\t\t\t\t\t\t\t\t<h2>Chez HINNO, la protection de la plan\u00e8te nous tient particuli\u00e8rement \u00e0 c\u0153ur !<\/h2><p>Tr\u00e8s t\u00f4t HINNO a mis en place sa strat\u00e9gie de d\u00e9veloppement durable qui constitue un \u00e9l\u00e9ment fondamental des activit\u00e9s de l\u2019entreprise. Nous l\u2019avons int\u00e9gr\u00e9 dans nos lignes directrices, de la production \u00e0 la distribution. Aujourd\u2019hui, d\u2019avantages d\u2019efforts sont n\u00e9cessaires pour contribuer activement \u00e0 la lutte contre le r\u00e9chauffement climatique. Cela suppose d\u2019\u00eatre pr\u00eat \u00e0 investir en cons\u00e9quence mais \u00e9galement d\u2019avoir le courage de changer les choses.<\/p><p>Nous sommes la premi\u00e8re entreprise de notre secteur d\u2019activit\u00e9 \u00e0 passer enti\u00e8rement aux emballages en carton et en papier 95\/5 certifi\u00e9 avec l\u2019\u00e9colabel PEFC, y compris pour les articles en rayons libre-service. Bien entendu, nos catalogues, guides et supports d\u2019information sont \u00e9galement certifi\u00e9s PEFC.<\/p><p>D\u2019autres mesures pour la pr\u00e9servation des ressources naturelles sur le long terme sont en cours de d\u00e9veloppement.<\/p>\t\t\t\t\t\t\t\t<\/div>\n\t\t\t\t<\/div>\n\t\t\t\t<div class=\"elementor-element elementor-element-2cc2139e elementor-widget elementor-widget-spacer\" data-id=\"2cc2139e\" data-element_type=\"widget\" data-e-type=\"widget\" data-widget_type=\"spacer.default\">\n\t\t\t\t<div class=\"elementor-widget-container\">\n\t\t\t\t\t\t\t<div class=\"elementor-spacer\">\n\t\t\t<div class=\"elementor-spacer-inner\"><\/div>\n\t\t<\/div>\n\t\t\t\t\t\t<\/div>\n\t\t\t\t<\/div>\n\t\t\t\t\t<\/div>\n\t\t<\/div>\n\t\t\t\t<div class=\"elementor-column elementor-col-50 elementor-top-column elementor-element elementor-element-22fc41d9\" data-id=\"22fc41d9\" data-element_type=\"column\" data-e-type=\"column\">\n\t\t\t<div class=\"elementor-widget-wrap elementor-element-populated\">\n\t\t\t\t\t\t<div class=\"elementor-element elementor-element-ad67ed9 elementor-widget elementor-widget-image\" data-id=\"ad67ed9\" data-element_type=\"widget\" data-e-type=\"widget\" data-widget_type=\"image.default\">\n\t\t\t\t<div class=\"elementor-widget-container\">\n\t\t\t\t\t\t\t\t\t\t\t\t<figure class=\"wp-caption\">\n\t\t\t\t\t\t\t\t\t\t<img decoding=\"async\" width=\"600\" height=\"600\" src=\"https:\/\/hinno.ch\/wp-content\/uploads\/2022\/08\/Clic-Mockup2_SB-Verpackung-Titel.jpg\" class=\"attachment-full size-full wp-image-1532\" alt=\"\" srcset=\"https:\/\/hinno.ch\/wp-content\/uploads\/2022\/08\/Clic-Mockup2_SB-Verpackung-Titel.jpg 600w, https:\/\/hinno.ch\/wp-content\/uploads\/2022\/08\/Clic-Mockup2_SB-Verpackung-Titel-300x300.jpg 300w, https:\/\/hinno.ch\/wp-content\/uploads\/2022\/08\/Clic-Mockup2_SB-Verpackung-Titel-150x150.jpg 150w\" sizes=\"(max-width: 600px) 100vw, 600px\" \/>\t\t\t\t\t\t\t\t\t\t\t<figcaption class=\"widget-image-caption wp-caption-text\">Fini les bo\u00eetes en plastiques \u00e0 fen\u00eatres transparentes et les sachets en plastique : HINNO est la premi\u00e8re entreprise du march\u00e9 \u00e0 passer aux sachets en papier pour ses emballages en libre-service.<\/figcaption>\n\t\t\t\t\t\t\t\t\t\t<\/figure>\n\t\t\t\t\t\t\t\t\t<\/div>\n\t\t\t\t<\/div>\n\t\t\t\t\t<\/div>\n\t\t<\/div>\n\t\t\t\t\t<\/div>\n\t\t<\/section>\n\t\t\t\t<section class=\"elementor-section elementor-top-section elementor-element elementor-element-1618e622 elementor-section-boxed elementor-section-height-default elementor-section-height-default\" data-id=\"1618e622\" data-element_type=\"section\" data-e-type=\"section\">\n\t\t\t\t\t\t<div class=\"elementor-container elementor-column-gap-default\">\n\t\t\t\t\t<div class=\"elementor-column elementor-col-100 elementor-top-column elementor-element elementor-element-7b80ef4e\" data-id=\"7b80ef4e\" data-element_type=\"column\" data-e-type=\"column\">\n\t\t\t<div class=\"elementor-widget-wrap elementor-element-populated\">\n\t\t\t\t\t\t<div class=\"elementor-element elementor-element-384943b elementor-widget-divider--view-line elementor-widget elementor-widget-divider\" data-id=\"384943b\" data-element_type=\"widget\" data-e-type=\"widget\" data-widget_type=\"divider.default\">\n\t\t\t\t<div class=\"elementor-widget-container\">\n\t\t\t\t\t\t\t<div class=\"elementor-divider\">\n\t\t\t<span class=\"elementor-divider-separator\">\n\t\t\t\t\t\t<\/span>\n\t\t<\/div>\n\t\t\t\t\t\t<\/div>\n\t\t\t\t<\/div>\n\t\t\t\t\t<\/div>\n\t\t<\/div>\n\t\t\t\t\t<\/div>\n\t\t<\/section>\n\t\t\t\t<section class=\"elementor-section elementor-top-section elementor-element elementor-element-4d06d59 elementor-section-boxed elementor-section-height-default elementor-section-height-default\" data-id=\"4d06d59\" data-element_type=\"section\" data-e-type=\"section\">\n\t\t\t\t\t\t<div class=\"elementor-container elementor-column-gap-default\">\n\t\t\t\t\t<div class=\"elementor-column elementor-col-100 elementor-top-column elementor-element elementor-element-2eb1e8e\" data-id=\"2eb1e8e\" data-element_type=\"column\" data-e-type=\"column\">\n\t\t\t<div class=\"elementor-widget-wrap\">\n\t\t\t\t\t\t\t<\/div>\n\t\t<\/div>\n\t\t\t\t\t<\/div>\n\t\t<\/section>\n\t\t\t\t<section class=\"elementor-section elementor-top-section elementor-element elementor-element-34e457be elementor-section-boxed elementor-section-height-default elementor-section-height-default\" data-id=\"34e457be\" data-element_type=\"section\" data-e-type=\"section\">\n\t\t\t\t\t\t<div class=\"elementor-container elementor-column-gap-default\">\n\t\t\t\t\t<div class=\"elementor-column elementor-col-33 elementor-top-column elementor-element elementor-element-71050845\" data-id=\"71050845\" data-element_type=\"column\" data-e-type=\"column\">\n\t\t\t<div class=\"elementor-widget-wrap elementor-element-populated\">\n\t\t\t\t\t\t<div class=\"elementor-element elementor-element-53889528 elementor-widget elementor-widget-text-editor\" data-id=\"53889528\" data-element_type=\"widget\" data-e-type=\"widget\" data-widget_type=\"text-editor.default\">\n\t\t\t\t<div class=\"elementor-widget-container\">\n\t\t\t\t\t\t\t\t\t<h3 class=\"p1\">Fabrication respectueuse des ressources<\/h3><p>Les produits HINNO sont \u00e9labor\u00e9s avec de l\u2019\u00e9lectricit\u00e9 verte ; les glisseurs HINNO \u2019Clic Original quant \u00e0 eux sont fabriqu\u00e9s \u00e0 100% avec de l\u2019\u00e9lectricit\u00e9 autoproduite issue de l\u2019\u00e9nergie solaire.<\/p><p>Nous appliquons les normes de d\u00e9veloppement durable pour l\u2019approvisionnement de nos mati\u00e8res premi\u00e8res en utilisant exclusivement des mati\u00e8res plastiques enti\u00e8rement recyclables et recycl\u00e9es pour les glisseurs HINNO \u2019Clic Original, les crochets et tous les autres accessoires pour rideaux.<\/p><p>Gr\u00e2ce \u00e0 la grande qualit\u00e9 des mat\u00e9riaux utilis\u00e9s et \u00e0 l\u2019am\u00e9lioration constante de notre technologie, nous garantissons une dur\u00e9e de vie particuli\u00e8rement longue de nos produits. L\u00e0 encore, nous \u00e9vitons une obsolescence programm\u00e9e et une production trop \u00e9nergivore.<\/p>\t\t\t\t\t\t\t\t<\/div>\n\t\t\t\t<\/div>\n\t\t\t\t\t<\/div>\n\t\t<\/div>\n\t\t\t\t<div class=\"elementor-column elementor-col-33 elementor-top-column elementor-element elementor-element-34be2bfd\" data-id=\"34be2bfd\" data-element_type=\"column\" data-e-type=\"column\">\n\t\t\t<div class=\"elementor-widget-wrap elementor-element-populated\">\n\t\t\t\t\t\t<div class=\"elementor-element elementor-element-2930d849 elementor-widget elementor-widget-text-editor\" data-id=\"2930d849\" data-element_type=\"widget\" data-e-type=\"widget\" data-widget_type=\"text-editor.default\">\n\t\t\t\t<div class=\"elementor-widget-container\">\n\t\t\t\t\t\t\t\t\t<h3 class=\"p1\">Emballages respectueux de l&#8217;environnement<\/h3><p>Les bo\u00eetes HINNO ClicOriginal sont dot\u00e9es de l\u2019\u00e9colabel FSC. Le carton utilis\u00e9 provient de ressources durables. Gr\u00e2ce \u00e0 l\u2019optimisation des tailles, l\u2019espace n\u00e9cessaire au transport est r\u00e9duit et des \u00e9conomies de mat\u00e9riaux d\u2019emballage sont r\u00e9alis\u00e9es.<\/p><p>HINNO se met en conformit\u00e9 avec la nouvelle norme en utilisant du papier 95\/5 pour tous les emballages de glisseurs, crochets et accessoires revendus en libre-service. Certes, cela demande un peu d\u2019adaptation de la part du consommateur, car le produit n\u2019est plus visible \u00e0 travers l\u2019emballage. Nous sommes les premiers dans notre domaine d\u2019activit\u00e9 \u00e0 franchir ce pas d\u00e9cisif en nous inscrivant ainsi avec notre strat\u00e9gie, dans le respect de l\u2019environnement et du d\u00e9veloppement durable.<\/p>\t\t\t\t\t\t\t\t<\/div>\n\t\t\t\t<\/div>\n\t\t\t\t\t<\/div>\n\t\t<\/div>\n\t\t\t\t<div class=\"elementor-column elementor-col-33 elementor-top-column elementor-element elementor-element-323a6f15\" data-id=\"323a6f15\" data-element_type=\"column\" data-e-type=\"column\" data-settings=\"{&quot;background_background&quot;:&quot;classic&quot;}\">\n\t\t\t<div class=\"elementor-widget-wrap elementor-element-populated\">\n\t\t\t\t\t\t<div class=\"elementor-element elementor-element-5e0a8d02 elementor--h-position-center elementor--v-position-middle elementor-arrows-position-inside elementor-pagination-position-inside elementor-widget elementor-widget-slides\" data-id=\"5e0a8d02\" data-element_type=\"widget\" data-e-type=\"widget\" data-settings=\"{&quot;transition&quot;:&quot;fade&quot;,&quot;navigation&quot;:&quot;both&quot;,&quot;autoplay&quot;:&quot;yes&quot;,&quot;pause_on_hover&quot;:&quot;yes&quot;,&quot;pause_on_interaction&quot;:&quot;yes&quot;,&quot;autoplay_speed&quot;:5000,&quot;infinite&quot;:&quot;yes&quot;,&quot;transition_speed&quot;:500}\" data-widget_type=\"slides.default\">\n\t\t\t\t<div class=\"elementor-widget-container\">\n\t\t\t\t\t\t\t\t\t<div class=\"elementor-swiper\">\n\t\t\t\t\t<div class=\"elementor-slides-wrapper elementor-main-swiper swiper\" role=\"region\" aria-roledescription=\"carousel\" aria-label=\"Slider\" dir=\"ltr\" data-animation=\"zoomIn\">\n\t\t\t\t<div class=\"swiper-wrapper elementor-slides\">\n\t\t\t\t\t\t\t\t\t\t<div class=\"elementor-repeater-item-4ba73b5 swiper-slide\" role=\"group\" aria-roledescription=\"slide\"><div class=\"swiper-slide-bg\" role=\"img\" aria-label=\"Hinno-Clic-Boxen-Slider-klein\"><\/div><div class=\"swiper-slide-inner\" ><div class=\"swiper-slide-contents\"><div class=\"elementor-slide-heading\">Bo\u00eetes<\/div><div class=\"elementor-slide-description\">Tailles optimis\u00e9es pour l\u2019exp\u00e9dition, carton durable avec label de qualit\u00e9 FSC\n<\/div><\/div><\/div><\/div><div class=\"elementor-repeater-item-2d846af swiper-slide\" role=\"group\" aria-roledescription=\"slide\"><div class=\"swiper-slide-bg\" role=\"img\" aria-label=\"Hinno-Clic-SB-Slider-klein\"><\/div><div class=\"swiper-slide-inner\" ><div class=\"swiper-slide-contents\"><div class=\"elementor-slide-heading\">Sachet<br>libre-service<\/div><div class=\"elementor-slide-description\">Papier issu de ressources durables, pas de film transparent\n<\/div><\/div><\/div><\/div>\t\t\t\t<\/div>\n\t\t\t\t\t\t\t\t\t\t\t\t\t\t\t<div class=\"elementor-swiper-button elementor-swiper-button-prev\" role=\"button\" tabindex=\"0\" aria-label=\"Diapositive pr\u00e9c\u00e9dente\">\n\t\t\t\t\t\t\t<i aria-hidden=\"true\" class=\"eicon-chevron-left\"><\/i>\t\t\t\t\t\t<\/div>\n\t\t\t\t\t\t<div class=\"elementor-swiper-button elementor-swiper-button-next\" role=\"button\" tabindex=\"0\" aria-label=\"Diapositive suivante\">\n\t\t\t\t\t\t\t<i aria-hidden=\"true\" class=\"eicon-chevron-right\"><\/i>\t\t\t\t\t\t<\/div>\n\t\t\t\t\t\t\t\t\t\t\t\t\t\t\t\t<div class=\"swiper-pagination\"><\/div>\n\t\t\t\t\t\t\t\t\t\t\t\t<\/div>\n\t\t\t\t<\/div>\n\t\t\t\t\t\t\t\t<\/div>\n\t\t\t\t<\/div>\n\t\t\t\t\t<\/div>\n\t\t<\/div>\n\t\t\t\t\t<\/div>\n\t\t<\/section>\n\t\t\t\t<section class=\"elementor-section elementor-top-section elementor-element elementor-element-fb76c6e elementor-section-boxed elementor-section-height-default elementor-section-height-default\" data-id=\"fb76c6e\" data-element_type=\"section\" data-e-type=\"section\">\n\t\t\t\t\t\t<div class=\"elementor-container elementor-column-gap-default\">\n\t\t\t\t\t<div class=\"elementor-column elementor-col-100 elementor-top-column elementor-element elementor-element-b02c776\" data-id=\"b02c776\" data-element_type=\"column\" data-e-type=\"column\">\n\t\t\t<div class=\"elementor-widget-wrap elementor-element-populated\">\n\t\t\t\t\t\t<div class=\"elementor-element elementor-element-76a1039 elementor-widget elementor-widget-spacer\" data-id=\"76a1039\" data-element_type=\"widget\" data-e-type=\"widget\" data-widget_type=\"spacer.default\">\n\t\t\t\t<div class=\"elementor-widget-container\">\n\t\t\t\t\t\t\t<div class=\"elementor-spacer\">\n\t\t\t<div class=\"elementor-spacer-inner\"><\/div>\n\t\t<\/div>\n\t\t\t\t\t\t<\/div>\n\t\t\t\t<\/div>\n\t\t\t\t\t<\/div>\n\t\t<\/div>\n\t\t\t\t\t<\/div>\n\t\t<\/section>\n\t\t\t\t<\/div>\n\t\t","protected":false},"excerpt":{"rendered":"<p>Notre ambition : \u00eatre pr\u00e9curseurs en strat\u00e9gie de d\u00e9veloppement durable Chez HINNO, la protection de la plan\u00e8te nous tient particuli\u00e8rement \u00e0 c\u0153ur ! Tr\u00e8s t\u00f4t HINNO a mis en place sa strat\u00e9gie de d\u00e9veloppement durable qui constitue un \u00e9l\u00e9ment fondamental des activit\u00e9s de l\u2019entreprise. Nous l\u2019avons int\u00e9gr\u00e9 dans nos lignes directrices, de la production \u00e0 [&hellip;]<\/p>\n","protected":false},"author":3,"featured_media":0,"parent":0,"menu_order":0,"comment_status":"closed","ping_status":"closed","template":"","meta":{"_acf_changed":false,"footnotes":""},"class_list":["post-4837","page","type-page","status-publish","hentry"],"acf":[],"_links":{"self":[{"href":"https:\/\/hinno.ch\/fr\/wp-json\/wp\/v2\/pages\/4837","targetHints":{"allow":["GET"]}}],"collection":[{"href":"https:\/\/hinno.ch\/fr\/wp-json\/wp\/v2\/pages"}],"about":[{"href":"https:\/\/hinno.ch\/fr\/wp-json\/wp\/v2\/types\/page"}],"author":[{"embeddable":true,"href":"https:\/\/hinno.ch\/fr\/wp-json\/wp\/v2\/users\/3"}],"replies":[{"embeddable":true,"href":"https:\/\/hinno.ch\/fr\/wp-json\/wp\/v2\/comments?post=4837"}],"version-history":[{"count":6,"href":"https:\/\/hinno.ch\/fr\/wp-json\/wp\/v2\/pages\/4837\/revisions"}],"predecessor-version":[{"id":229455,"href":"https:\/\/hinno.ch\/fr\/wp-json\/wp\/v2\/pages\/4837\/revisions\/229455"}],"wp:attachment":[{"href":"https:\/\/hinno.ch\/fr\/wp-json\/wp\/v2\/media?parent=4837"}],"curies":[{"name":"wp","href":"https:\/\/api.w.org\/{rel}","templated":true}]}}