{"id":5551,"date":"2022-10-31T08:32:12","date_gmt":"2022-10-31T08:32:12","guid":{"rendered":"https:\/\/hinno.ch\/boite-dechantillons\/"},"modified":"2026-04-01T10:10:42","modified_gmt":"2026-04-01T10:10:42","slug":"boite-dechantillons","status":"publish","type":"page","link":"https:\/\/hinno.ch\/fr\/boite-dechantillons\/","title":{"rendered":"Boite d&#8217;echantillons"},"content":{"rendered":"\t\t<div data-elementor-type=\"wp-page\" data-elementor-id=\"5551\" class=\"elementor elementor-5551 elementor-5496\" data-elementor-post-type=\"page\">\n\t\t\t\t\t\t<section class=\"elementor-section elementor-top-section elementor-element elementor-element-8893159 elementor-section-stretched elementor-section-boxed elementor-section-height-default elementor-section-height-default\" data-id=\"8893159\" data-element_type=\"section\" data-e-type=\"section\" data-settings=\"{&quot;stretch_section&quot;:&quot;section-stretched&quot;}\">\n\t\t\t\t\t\t<div class=\"elementor-container elementor-column-gap-default\">\n\t\t\t\t\t<div class=\"elementor-column elementor-col-100 elementor-top-column elementor-element elementor-element-369ab10\" data-id=\"369ab10\" data-element_type=\"column\" data-e-type=\"column\">\n\t\t\t<div class=\"elementor-widget-wrap elementor-element-populated\">\n\t\t\t\t\t\t<div class=\"elementor-element elementor-element-f9661fc elementor-widget elementor-widget-image\" data-id=\"f9661fc\" data-element_type=\"widget\" data-e-type=\"widget\" data-widget_type=\"image.default\">\n\t\t\t\t<div class=\"elementor-widget-container\">\n\t\t\t\t\t\t\t\t\t\t\t\t\t\t\t<img fetchpriority=\"high\" decoding=\"async\" width=\"1280\" height=\"429\" src=\"https:\/\/hinno.ch\/wp-content\/uploads\/2023\/10\/8-Hinno-Clic-Marke.jpg\" class=\"attachment-full size-full wp-image-204734\" alt=\"\" srcset=\"https:\/\/hinno.ch\/wp-content\/uploads\/2023\/10\/8-Hinno-Clic-Marke.jpg 1280w, https:\/\/hinno.ch\/wp-content\/uploads\/2023\/10\/8-Hinno-Clic-Marke-300x101.jpg 300w, https:\/\/hinno.ch\/wp-content\/uploads\/2023\/10\/8-Hinno-Clic-Marke-1024x343.jpg 1024w, https:\/\/hinno.ch\/wp-content\/uploads\/2023\/10\/8-Hinno-Clic-Marke-768x257.jpg 768w\" sizes=\"(max-width: 1280px) 100vw, 1280px\" \/>\t\t\t\t\t\t\t\t\t\t\t\t\t\t\t<\/div>\n\t\t\t\t<\/div>\n\t\t\t\t\t<\/div>\n\t\t<\/div>\n\t\t\t\t\t<\/div>\n\t\t<\/section>\n\t\t\t\t<section class=\"elementor-section elementor-top-section elementor-element elementor-element-8fefb59 elementor-section-boxed elementor-section-height-default elementor-section-height-default\" data-id=\"8fefb59\" data-element_type=\"section\" data-e-type=\"section\">\n\t\t\t\t\t\t<div class=\"elementor-container elementor-column-gap-default\">\n\t\t\t\t\t<div class=\"elementor-column elementor-col-100 elementor-top-column elementor-element elementor-element-839de3b\" data-id=\"839de3b\" data-element_type=\"column\" data-e-type=\"column\">\n\t\t\t<div class=\"elementor-widget-wrap elementor-element-populated\">\n\t\t\t\t\t\t<div class=\"elementor-element elementor-element-886f4f0 elementor-widget elementor-widget-spacer\" data-id=\"886f4f0\" data-element_type=\"widget\" data-e-type=\"widget\" data-widget_type=\"spacer.default\">\n\t\t\t\t<div class=\"elementor-widget-container\">\n\t\t\t\t\t\t\t<div class=\"elementor-spacer\">\n\t\t\t<div class=\"elementor-spacer-inner\"><\/div>\n\t\t<\/div>\n\t\t\t\t\t\t<\/div>\n\t\t\t\t<\/div>\n\t\t\t\t\t<\/div>\n\t\t<\/div>\n\t\t\t\t\t<\/div>\n\t\t<\/section>\n\t\t\t\t<section class=\"elementor-section elementor-top-section elementor-element elementor-element-7266cc3 elementor-section-boxed elementor-section-height-default elementor-section-height-default\" data-id=\"7266cc3\" data-element_type=\"section\" data-e-type=\"section\">\n\t\t\t\t\t\t<div class=\"elementor-container elementor-column-gap-default\">\n\t\t\t\t\t<div class=\"elementor-column elementor-col-100 elementor-top-column elementor-element elementor-element-56e0cc3\" data-id=\"56e0cc3\" data-element_type=\"column\" data-e-type=\"column\">\n\t\t\t<div class=\"elementor-widget-wrap\">\n\t\t\t\t\t\t\t<\/div>\n\t\t<\/div>\n\t\t\t\t\t<\/div>\n\t\t<\/section>\n\t\t\t\t<section class=\"elementor-section elementor-top-section elementor-element elementor-element-fe0eb27 elementor-section-boxed elementor-section-height-default elementor-section-height-default\" data-id=\"fe0eb27\" data-element_type=\"section\" data-e-type=\"section\">\n\t\t\t\t\t\t<div class=\"elementor-container elementor-column-gap-default\">\n\t\t\t\t\t<div class=\"elementor-column elementor-col-100 elementor-top-column elementor-element elementor-element-3ad2933\" data-id=\"3ad2933\" data-element_type=\"column\" data-e-type=\"column\">\n\t\t\t<div class=\"elementor-widget-wrap elementor-element-populated\">\n\t\t\t\t\t\t<div class=\"elementor-element elementor-element-81fe640 elementor-widget elementor-widget-text-editor\" data-id=\"81fe640\" data-element_type=\"widget\" data-e-type=\"widget\" data-widget_type=\"text-editor.default\">\n\t\t\t\t<div class=\"elementor-widget-container\">\n\t\t\t\t\t\t\t\t\t<h1>\u00c9chantillons gratuits de produits HINNO Clic\u00a0\u00e0 composer selon vos besoins<\/h1>\t\t\t\t\t\t\t\t<\/div>\n\t\t\t\t<\/div>\n\t\t\t\t<div class=\"elementor-element elementor-element-c17ea40 PlusListe elementor-widget elementor-widget-text-editor\" data-id=\"c17ea40\" data-element_type=\"widget\" data-e-type=\"widget\" data-widget_type=\"text-editor.default\">\n\t\t\t\t<div class=\"elementor-widget-container\">\n\t\t\t\t\t\t\t\t\t<p>Veuillez svp utiliser le formulaire ci-dessous pour commander les produits et la quantit\u00e9 que vous d\u00e9sirez tester. Vous trouverez toutes les r\u00e9f\u00e9rences des articles souhait\u00e9s sur les pages correspondantes de notre site web, sous leurs ic\u00f4nes ou illustrations respectives.<\/p><p>Nous proposons \u00e9galement des \u00e9chantillons pr\u00eats \u00e0 l\u2019emploi sous forme de kit pour les syst\u00e8mes de rideaux \u00e0 vagues CLIC CURVE ainsi que pour les syst\u00e8mes de panneaux japonais CLIC PANEL.<\/p>\t\t\t\t\t\t\t\t<\/div>\n\t\t\t\t<\/div>\n\t\t\t\t<div class=\"elementor-element elementor-element-42908de PlusListe elementor-widget elementor-widget-text-editor\" data-id=\"42908de\" data-element_type=\"widget\" data-e-type=\"widget\" data-widget_type=\"text-editor.default\">\n\t\t\t\t<div class=\"elementor-widget-container\">\n\t\t\t\t\t\t\t\t\t<h3>Vers le processus de commande<\/h3><p>C\u2019est avec plaisir que nous vous envoyons gratuitement les \u00e9chantillons souhait\u00e9s, persuad\u00e9s que la qualit\u00e9 de nos produits et l\u2019aisance de leur utilisation vous s\u00e9duiront. <br \/>Chaque commande d\u2019\u00e9chantillons prend du temps et occasionne des co\u00fbts ; nous rendons ce service gracieusement afin de vous aider dans votre choix, que vous soyez revendeurs ou professionnels. Dans ce contexte, vous comprendrez bien que nous souhaitons pr\u00e9venir autant que possible tout abus.<\/p><p>C\u2019est pourquoi nous nous permettrons de vous contacter peu apr\u00e8s avoir exp\u00e9di\u00e9 les \u00e9chantillons dans le but de nous assurer de la l\u00e9gitimit\u00e9 de votre demande. Ce sera l\u2019occasion de clarifier vos besoins et de r\u00e9pondre \u00e0 vos \u00e9ventuelles questions, telles que les d\u00e9lais de livraison etc \u2026<\/p><p>Merci de votre compr\u00e9hension et de l\u2019int\u00e9r\u00eat que vous portez \u00e0 nos produits !<\/p><p>Votre \u00e9quipe HINNO<\/p>\t\t\t\t\t\t\t\t<\/div>\n\t\t\t\t<\/div>\n\t\t\t\t<div class=\"elementor-element elementor-element-93bd431 PlusListe elementor-widget elementor-widget-text-editor\" data-id=\"93bd431\" data-element_type=\"widget\" data-e-type=\"widget\" data-widget_type=\"text-editor.default\">\n\t\t\t\t<div class=\"elementor-widget-container\">\n\t\t\t\t\t\t\t\t\t<p>PS : A cette occasion nous vous invitons \u00e9galement \u00e0 vous inscrire en ligne \u00e0 notre Newsletter gratuite. Nous y apportons des informations trimestrielles sur les nouveaut\u00e9s, donnons des conseils pratiques et diffusons des rapports de fond sur le monde de HINNO. Vous pouvez vous d\u00e9sinscrire de la Newsletter \u00e0 tout moment.<\/p>\t\t\t\t\t\t\t\t<\/div>\n\t\t\t\t<\/div>\n\t\t\t\t\t<\/div>\n\t\t<\/div>\n\t\t\t\t\t<\/div>\n\t\t<\/section>\n\t\t\t\t<section class=\"elementor-section elementor-top-section elementor-element elementor-element-7211df12 elementor-section-boxed elementor-section-height-default elementor-section-height-default\" data-id=\"7211df12\" data-element_type=\"section\" data-e-type=\"section\">\n\t\t\t\t\t\t<div class=\"elementor-container elementor-column-gap-default\">\n\t\t\t\t\t<div class=\"elementor-column elementor-col-100 elementor-top-column elementor-element elementor-element-24d41e4d\" data-id=\"24d41e4d\" data-element_type=\"column\" data-e-type=\"column\">\n\t\t\t<div class=\"elementor-widget-wrap elementor-element-populated\">\n\t\t\t\t\t\t<div class=\"elementor-element elementor-element-28a5a4c0 elementor-widget-divider--view-line elementor-widget elementor-widget-divider\" data-id=\"28a5a4c0\" data-element_type=\"widget\" data-e-type=\"widget\" data-widget_type=\"divider.default\">\n\t\t\t\t<div class=\"elementor-widget-container\">\n\t\t\t\t\t\t\t<div class=\"elementor-divider\">\n\t\t\t<span class=\"elementor-divider-separator\">\n\t\t\t\t\t\t<\/span>\n\t\t<\/div>\n\t\t\t\t\t\t<\/div>\n\t\t\t\t<\/div>\n\t\t\t\t\t<\/div>\n\t\t<\/div>\n\t\t\t\t\t<\/div>\n\t\t<\/section>\n\t\t\t\t<section class=\"elementor-section elementor-top-section elementor-element elementor-element-78f2726 elementor-section-boxed elementor-section-height-default elementor-section-height-default\" data-id=\"78f2726\" data-element_type=\"section\" data-e-type=\"section\">\n\t\t\t\t\t\t<div class=\"elementor-container elementor-column-gap-default\">\n\t\t\t\t\t<div class=\"elementor-column elementor-col-100 elementor-top-column elementor-element elementor-element-38635c9\" data-id=\"38635c9\" data-element_type=\"column\" data-e-type=\"column\">\n\t\t\t<div class=\"elementor-widget-wrap elementor-element-populated\">\n\t\t\t\t\t\t<div class=\"elementor-element elementor-element-ee61e0a elementor-widget elementor-widget-text-editor\" data-id=\"ee61e0a\" data-element_type=\"widget\" data-e-type=\"widget\" data-widget_type=\"text-editor.default\">\n\t\t\t\t<div class=\"elementor-widget-container\">\n\t\t\t\t\t\t\t\t\t<h2>Votre commande d\u2019\u00e9chantillons<\/h2><p>* Champs obligatoires<\/p>\t\t\t\t\t\t\t\t<\/div>\n\t\t\t\t<\/div>\n\t\t\t\t\t<\/div>\n\t\t<\/div>\n\t\t\t\t\t<\/div>\n\t\t<\/section>\n\t\t\t\t<section class=\"elementor-section elementor-top-section elementor-element elementor-element-17a62bd elementor-section-boxed elementor-section-height-default elementor-section-height-default\" data-id=\"17a62bd\" data-element_type=\"section\" data-e-type=\"section\">\n\t\t\t\t\t\t<div class=\"elementor-container elementor-column-gap-default\">\n\t\t\t\t\t<div class=\"elementor-column elementor-col-100 elementor-top-column elementor-element elementor-element-9ae592b\" data-id=\"9ae592b\" data-element_type=\"column\" data-e-type=\"column\">\n\t\t\t<div class=\"elementor-widget-wrap elementor-element-populated\">\n\t\t\t\t\t\t<div class=\"elementor-element elementor-element-dbbdf8f elementor-widget elementor-widget-shortcode\" data-id=\"dbbdf8f\" data-element_type=\"widget\" data-e-type=\"widget\" data-widget_type=\"shortcode.default\">\n\t\t\t\t<div class=\"elementor-widget-container\">\n\t\t\t\t\t\t\t<div class=\"elementor-shortcode\">\n<div class=\"wpcf7 no-js\" id=\"wpcf7-f226928-o1\" lang=\"fr-FR\" dir=\"ltr\" data-wpcf7-id=\"226928\">\n<div class=\"screen-reader-response\"><p role=\"status\" aria-live=\"polite\" aria-atomic=\"true\"><\/p> <ul><\/ul><\/div>\n<form action=\"\/fr\/wp-json\/wp\/v2\/pages\/5551#wpcf7-f226928-o1\" method=\"post\" class=\"wpcf7-form init\" aria-label=\"Formulaire de contact\" novalidate=\"novalidate\" data-status=\"init\">\n<fieldset class=\"hidden-fields-container\"><input type=\"hidden\" name=\"_wpcf7\" value=\"226928\" \/><input type=\"hidden\" name=\"_wpcf7_version\" value=\"6.1.5\" \/><input type=\"hidden\" name=\"_wpcf7_locale\" value=\"fr_FR\" \/><input type=\"hidden\" name=\"_wpcf7_unit_tag\" value=\"wpcf7-f226928-o1\" \/><input type=\"hidden\" name=\"_wpcf7_container_post\" value=\"0\" \/><input type=\"hidden\" name=\"_wpcf7_posted_data_hash\" value=\"\" \/><input type=\"hidden\" name=\"_uacf7_repeaters\" value=\"\" \/><input type=\"hidden\" name=\"_uacf7_options\" value=\"\" \/><input type=\"hidden\" name=\"_wpcf7_recaptcha_response\" value=\"\" \/>\n<\/fieldset>\n<div class=\"uacf7-form-wrapper-container uacf7-form-226928  \"><label> Entreprise *\n    <span class=\"wpcf7-form-control-wrap\" data-name=\"firma\"><input size=\"40\" maxlength=\"400\" class=\"wpcf7-form-control wpcf7-text wpcf7-validates-as-required\" aria-required=\"true\" aria-invalid=\"false\" value=\"\" type=\"text\" name=\"firma\" \/><\/span> <\/label>\n\n<div class=\"uacf7-row\"><div class=\"uacf7-col-6\"> <label> Pr\u00e9nom *\n    <span class=\"wpcf7-form-control-wrap\" data-name=\"your-name\"><input size=\"40\" maxlength=\"400\" class=\"wpcf7-form-control wpcf7-text wpcf7-validates-as-required\" aria-required=\"true\" aria-invalid=\"false\" value=\"\" type=\"text\" name=\"your-name\" \/><\/span> <\/label> <\/div>\n<div class=\"uacf7-col-6\"> <label> Nom de famille *\n    <span class=\"wpcf7-form-control-wrap\" data-name=\"your-surname\"><input size=\"40\" maxlength=\"400\" class=\"wpcf7-form-control wpcf7-text wpcf7-validates-as-required\" aria-required=\"true\" aria-invalid=\"false\" value=\"\" type=\"text\" name=\"your-surname\" \/><\/span> <\/label> <\/div>\n<\/div>\n\n<div class=\"uacf7-row\">\n<div class=\"uacf7-col-6\"> <label> Adresse mail *\n    <span class=\"wpcf7-form-control-wrap\" data-name=\"your-email\"><input size=\"40\" maxlength=\"400\" class=\"wpcf7-form-control wpcf7-email wpcf7-validates-as-required wpcf7-text wpcf7-validates-as-email\" aria-required=\"true\" aria-invalid=\"false\" value=\"\" type=\"email\" name=\"your-email\" \/><\/span> <\/label> <\/div>\n<div class=\"uacf7-col-6\"> <label> T\u00e9l\u00e9phone *\n    <span class=\"wpcf7-form-control-wrap\" data-name=\"telefon\"><input size=\"40\" maxlength=\"400\" class=\"wpcf7-form-control wpcf7-text wpcf7-validates-as-required\" aria-required=\"true\" aria-invalid=\"false\" value=\"\" type=\"text\" name=\"telefon\" \/><\/span> <\/label> <\/div>\n<\/div>\n\n<label> Rue *\n    <span class=\"wpcf7-form-control-wrap\" data-name=\"strasse\"><input size=\"40\" maxlength=\"400\" class=\"wpcf7-form-control wpcf7-text wpcf7-validates-as-required\" aria-required=\"true\" aria-invalid=\"false\" value=\"\" type=\"text\" name=\"strasse\" \/><\/span> <\/label>\n\n<div class=\"uacf7-row\">\n<div class=\"uacf7-col-6\"> <label> Code postal *\n    <span class=\"wpcf7-form-control-wrap\" data-name=\"plz\"><input size=\"40\" maxlength=\"400\" class=\"wpcf7-form-control wpcf7-text wpcf7-validates-as-required\" aria-required=\"true\" aria-invalid=\"false\" value=\"\" type=\"text\" name=\"plz\" \/><\/span> <\/label> <\/div>\n<div class=\"uacf7-col-6\"> <label> Lieu *\n    <span class=\"wpcf7-form-control-wrap\" data-name=\"ort\"><input size=\"40\" maxlength=\"400\" class=\"wpcf7-form-control wpcf7-text wpcf7-validates-as-required\" aria-required=\"true\" aria-invalid=\"false\" value=\"\" type=\"text\" name=\"ort\" \/><\/span> <\/label> <\/div>\n<\/div>\n\n<label> Pays *\n    <span class=\"wpcf7-form-control-wrap\" data-name=\"land\"><input size=\"40\" maxlength=\"400\" class=\"wpcf7-form-control wpcf7-text wpcf7-validates-as-required\" aria-required=\"true\" aria-invalid=\"false\" value=\"\" type=\"text\" name=\"land\" \/><\/span> <\/label>\n<br>\n<h3>\u00c9chantillons souhait\u00e9s adapt\u00e9s \u00e0 votre rail \u00e0 rideau<\/h3>\nAssortiment de 3 glisseurs (\u0153illet longitudinal et transversal), crochets, glisseurs avec crochets pr\u00e9-mont\u00e9s, Clic Stop et Clic Clean disponible pour les tailles de rail ci-dessous : (choix multiple possible)\n\n<span class=\"wpcf7-form-control-wrap\" data-name=\"VorhangschienenSet\"><span class=\"wpcf7-form-control wpcf7-checkbox\"><span class=\"wpcf7-list-item first\"><label><input type=\"checkbox\" name=\"VorhangschienenSet[]\" value=\"MAXI 6\" \/><span class=\"wpcf7-list-item-label\">MAXI 6<\/span><\/label><\/span><span class=\"wpcf7-list-item\"><label><input type=\"checkbox\" name=\"VorhangschienenSet[]\" value=\"SIXO 6\" \/><span class=\"wpcf7-list-item-label\">SIXO 6<\/span><\/label><\/span><span class=\"wpcf7-list-item\"><label><input type=\"checkbox\" name=\"VorhangschienenSet[]\" value=\"MIDI 5\" \/><span class=\"wpcf7-list-item-label\">MIDI 5<\/span><\/label><\/span><span class=\"wpcf7-list-item\"><label><input type=\"checkbox\" name=\"VorhangschienenSet[]\" value=\"MINI 4\" \/><span class=\"wpcf7-list-item-label\">MINI 4<\/span><\/label><\/span><span class=\"wpcf7-list-item last\"><label><input type=\"checkbox\" name=\"VorhangschienenSet[]\" value=\"KUST 4\" \/><span class=\"wpcf7-list-item-label\">KUST 4<\/span><\/label><\/span><\/span><\/span>\n\n<H3>Kits d\u2019\u00e9chantillons souhait\u00e9s<\/H3>\n  \n<strong>Syst\u00e8mes pour rideaux \u00e0 vagues:<\/strong>\n<span class=\"wpcf7-form-control-wrap\" data-name=\"ClicCurveSet\"><span class=\"wpcf7-form-control wpcf7-checkbox\"><span class=\"wpcf7-list-item first\"><label><input type=\"checkbox\" name=\"ClicCurveSet[]\" value=\"Clic Curve 1.1\" \/><span class=\"wpcf7-list-item-label\">Clic Curve 1.1<\/span><\/label><\/span><span class=\"wpcf7-list-item last\"><label><input type=\"checkbox\" name=\"ClicCurveSet[]\" value=\"Clic Curve 2.0\" \/><span class=\"wpcf7-list-item-label\">Clic Curve 2.0<\/span><\/label><\/span><\/span><\/span>\n\n<strong>Syst\u00e8mes pour panneaux japonais:<\/strong>\n\n<span class=\"wpcf7-form-control-wrap\" data-name=\"ClicPanelSet\"><span class=\"wpcf7-form-control wpcf7-checkbox\"><span class=\"wpcf7-list-item first\"><label><input type=\"checkbox\" name=\"ClicPanelSet[]\" value=\"Clic Panel HF 11 (pour panneaux japonais \u00e0 ourlet)\" \/><span class=\"wpcf7-list-item-label\">Clic Panel HF 11 (pour panneaux japonais \u00e0 ourlet)<\/span><\/label><\/span><span class=\"wpcf7-list-item\"><label><input type=\"checkbox\" name=\"ClicPanelSet[]\" value=\"Clic Panel HF 12  (pour panneaux japonais avec velcro)\" \/><span class=\"wpcf7-list-item-label\">Clic Panel HF 12  (pour panneaux japonais avec velcro)<\/span><\/label><\/span><span class=\"wpcf7-list-item\"><label><input type=\"checkbox\" name=\"ClicPanelSet[]\" value=\"Clic Panel HF 14 (pour panneaux japonais avec velcro et pour panneaux  extra-larges)\" \/><span class=\"wpcf7-list-item-label\">Clic Panel HF 14 (pour panneaux japonais avec velcro et pour panneaux  extra-larges)<\/span><\/label><\/span><span class=\"wpcf7-list-item last\"><label><input type=\"checkbox\" name=\"ClicPanelSet[]\" value=\"Clic Panel HF 16 ( barre de lestage ext\u00e9rieure)\" \/><span class=\"wpcf7-list-item-label\">Clic Panel HF 16 ( barre de lestage ext\u00e9rieure)<\/span><\/label><\/span><\/span><\/span>\n\n<label> Info (en option)\n    <span class=\"wpcf7-form-control-wrap\" data-name=\"your-message\"><textarea cols=\"40\" rows=\"10\" maxlength=\"2000\" class=\"wpcf7-form-control wpcf7-textarea\" aria-invalid=\"false\" name=\"your-message\"><\/textarea><\/span> <\/label>\n\n<\/br>\n\n<input class=\"wpcf7-form-control wpcf7-submit has-spinner\" type=\"submit\" value=\"Envoyer\" \/><\/div><div class=\"wpcf7-response-output\" aria-hidden=\"true\"><\/div>\n<\/form>\n<\/div>\n<\/div>\n\t\t\t\t\t\t<\/div>\n\t\t\t\t<\/div>\n\t\t\t\t\t<\/div>\n\t\t<\/div>\n\t\t\t\t\t<\/div>\n\t\t<\/section>\n\t\t\t\t<\/div>\n\t\t","protected":false},"excerpt":{"rendered":"<p>\u00c9chantillons gratuits de produits HINNO Clic\u00a0\u00e0 composer selon vos besoins Veuillez svp utiliser le formulaire ci-dessous pour commander les produits et la quantit\u00e9 que vous d\u00e9sirez tester. Vous trouverez toutes les r\u00e9f\u00e9rences des articles souhait\u00e9s sur les pages correspondantes de notre site web, sous leurs ic\u00f4nes ou illustrations respectives. Nous proposons \u00e9galement des \u00e9chantillons pr\u00eats [&hellip;]<\/p>\n","protected":false},"author":3,"featured_media":0,"parent":0,"menu_order":0,"comment_status":"closed","ping_status":"closed","template":"","meta":{"_acf_changed":false,"footnotes":""},"class_list":["post-5551","page","type-page","status-publish","hentry"],"acf":[],"_links":{"self":[{"href":"https:\/\/hinno.ch\/fr\/wp-json\/wp\/v2\/pages\/5551","targetHints":{"allow":["GET"]}}],"collection":[{"href":"https:\/\/hinno.ch\/fr\/wp-json\/wp\/v2\/pages"}],"about":[{"href":"https:\/\/hinno.ch\/fr\/wp-json\/wp\/v2\/types\/page"}],"author":[{"embeddable":true,"href":"https:\/\/hinno.ch\/fr\/wp-json\/wp\/v2\/users\/3"}],"replies":[{"embeddable":true,"href":"https:\/\/hinno.ch\/fr\/wp-json\/wp\/v2\/comments?post=5551"}],"version-history":[{"count":22,"href":"https:\/\/hinno.ch\/fr\/wp-json\/wp\/v2\/pages\/5551\/revisions"}],"predecessor-version":[{"id":230323,"href":"https:\/\/hinno.ch\/fr\/wp-json\/wp\/v2\/pages\/5551\/revisions\/230323"}],"wp:attachment":[{"href":"https:\/\/hinno.ch\/fr\/wp-json\/wp\/v2\/media?parent=5551"}],"curies":[{"name":"wp","href":"https:\/\/api.w.org\/{rel}","templated":true}]}}